{"id":82,"date":"2014-03-06T13:59:56","date_gmt":"2014-03-06T13:59:56","guid":{"rendered":"http:\/\/demo.deliciousthemes.com\/patti\/?page_id=82"},"modified":"2024-09-11T11:17:48","modified_gmt":"2024-09-11T09:17:48","slug":"homepage","status":"publish","type":"page","link":"https:\/\/mmtech.com.pl\/fr\/","title":{"rendered":"Page d'accueil"},"content":{"rendered":"<div   class=\"vc_row wpb_row vc_row-fluid no-margin\"  style=\"\"  data-token=\"VLJ7W\"><div class=\"vc_row-o-content-middle vc_row-flex\" style=\" background-color: rgba(255,255,255, 0.70);\"><div class=\"wpb_column vc_column_container vc_col-sm-12\"><div class=\"vc_column-inner\"><div class=\"wpb_wrapper\">\t\t\t<script src=\"\/\/mmtech.com.pl\/wp-content\/plugins\/revslider\/public\/assets\/js\/rbtools.min.js?rev=6.6.15\"><\/script>\n\t\t\t<script src=\"\/\/mmtech.com.pl\/wp-content\/plugins\/revslider\/public\/assets\/js\/rs6.min.js?rev=6.6.15\"><\/script>\n\n\t\t\t<!-- START FullWidth Image Slider REVOLUTION SLIDER 6.6.15 --><p class=\"rs-p-wp-fix\"><\/p>\n\t\t\t<rs-module-wrap id=\"rev_slider_1_1_wrapper\" data-source=\"gallery\" style=\"visibility:hidden;background:#ffffff;padding:0;margin:0px auto;margin-top:0;margin-bottom:0;\">\n\t\t\t\t<rs-module id=\"rev_slider_1_1\" style=\"\" data-version=\"6.6.15\">\n\t\t\t\t\t<rs-slides style=\"overflow: hidden; position: absolute;\">\n\t\t\t\t\t\t<rs-slide style=\"position: absolute;\" data-key=\"rs-85\" data-title=\"Slide\" data-anim=\"adpr:false;\">\n\t\t\t\t\t\t\t<img src=\"\/\/mmtech.com.pl\/wp-content\/plugins\/revslider\/public\/assets\/assets\/dummy.png\" alt=\"Diapositive\" title=\"Page d&#039;accueil\" class=\"rev-slidebg tp-rs-img rs-lazyload\" data-lazyload=\"\/\/mmtech.com.pl\/wp-content\/plugins\/revslider\/public\/assets\/assets\/transparent.png\" data-no-retina>\n<!--\n\t\t\t\t\t\t\t--><rs-layer\n\t\t\t\t\t\t\t\tid=\"slider-1-slide-85-layer-1\" \n\t\t\t\t\t\t\t\tdata-type=\"image\"\n\t\t\t\t\t\t\t\tdata-rsp_ch=\"on\"\n\t\t\t\t\t\t\t\tdata-xy=\"x:55px;\"\n\t\t\t\t\t\t\t\tdata-text=\"l:22;a:inherit;\"\n\t\t\t\t\t\t\t\tdata-dim=\"w:1163px;h:380;\"\n\t\t\t\t\t\t\t\tdata-frame_0=\"tp:600;\"\n\t\t\t\t\t\t\t\tdata-frame_1=\"tp:600;st:0;\"\n\t\t\t\t\t\t\t\tdata-frame_999=\"o:0;tp:600;st:w;sR:4700;\"\n\t\t\t\t\t\t\t\tstyle=\"z-index:5;\"\n\t\t\t\t\t\t\t><img src=\"\/\/mmtech.com.pl\/wp-content\/plugins\/revslider\/public\/assets\/assets\/dummy.png\" alt=\"\" class=\"tp-rs-img rs-lazyload\" data-lazyload=\"\/\/serwer1471303.home.pl\/mmtech\/wp-content\/uploads\/2020\/04\/G\u0142\u00f3wne-zdj\u0119cie-slider-1.jpg\" data-no-retina> \n\t\t\t\t\t\t\t<\/rs-layer><!--\n\n\t\t\t\t\t\t\t--><rs-layer\n\t\t\t\t\t\t\t\tid=\"slider-1-slide-85-layer-3\" \n\t\t\t\t\t\t\t\tdata-type=\"text\"\n\t\t\t\t\t\t\t\tdata-color=\"#000000\"\n\t\t\t\t\t\t\t\tdata-rsp_ch=\"on\"\n\t\t\t\t\t\t\t\tdata-xy=\"x:193px;y:295px;\"\n\t\t\t\t\t\t\t\tdata-text=\"s:25;l:27;fw:700;a:inherit;\"\n\t\t\t\t\t\t\t\tdata-dim=\"w:395px;h:34px;\"\n\t\t\t\t\t\t\t\tdata-frame_0=\"x:-100%;o:1;tp:600;\"\n\t\t\t\t\t\t\t\tdata-frame_0_mask=\"u:t;\"\n\t\t\t\t\t\t\t\tdata-frame_1=\"tp:600;st:0;sp:1500;\"\n\t\t\t\t\t\t\t\tdata-frame_1_mask=\"u:t;\"\n\t\t\t\t\t\t\t\tdata-frame_999=\"o:0;tp:600;st:w;sR:3500;\"\n\t\t\t\t\t\t\t\tstyle=\"z-index:6;font-family:'Open Sans';\"\n\t\t\t\t\t\t\t>CONSOMMABLES \n\t\t\t\t\t\t\t<\/rs-layer><!--\n\n\t\t\t\t\t\t\t--><rs-layer\n\t\t\t\t\t\t\t\tid=\"slider-1-slide-85-layer-4\" \n\t\t\t\t\t\t\t\tdata-type=\"text\"\n\t\t\t\t\t\t\t\tdata-color=\"#000000\"\n\t\t\t\t\t\t\t\tdata-rsp_ch=\"on\"\n\t\t\t\t\t\t\t\tdata-xy=\"x:341px;y:335px;\"\n\t\t\t\t\t\t\t\tdata-text=\"s:25;l:27;fw:700;a:inherit;\"\n\t\t\t\t\t\t\t\tdata-dim=\"w:426px;h:39px;\"\n\t\t\t\t\t\t\t\tdata-frame_0=\"x:100%;o:1;tp:600;\"\n\t\t\t\t\t\t\t\tdata-frame_0_mask=\"u:t;\"\n\t\t\t\t\t\t\t\tdata-frame_1=\"tp:600;st:0;sp:2500;\"\n\t\t\t\t\t\t\t\tdata-frame_1_mask=\"u:t;\"\n\t\t\t\t\t\t\t\tdata-frame_999=\"o:0;tp:600;st:w;sR:2500;\"\n\t\t\t\t\t\t\t\tstyle=\"z-index:7;font-family:'Open Sans';\"\n\t\t\t\t\t\t\t>POUR LES IMPRIMANTES INDUSTRIELLES \n\t\t\t\t\t\t\t<\/rs-layer><!--\n-->\t\t\t\t\t\t<\/rs-slide>\n\t\t\t\t\t<\/rs-slides>\n\t\t\t\t<\/rs-module>\n\t\t\t\t<script>\n\t\t\t\t\tsetREVStartSize({c: 'rev_slider_1_1',rl:[1240,1024,778,480],el:[],gw:[1300],gh:[380],type:'hero',justify:'',layout:'fullwidth',mh:\"0\"});if (window.RS_MODULES!==undefined && window.RS_MODULES.modules!==undefined && window.RS_MODULES.modules[\"revslider11\"]!==undefined) {window.RS_MODULES.modules[\"revslider11\"].once = false;window.revapi1 = undefined;if (window.RS_MODULES.checkMinimal!==undefined) window.RS_MODULES.checkMinimal()}\n\t\t\t\t<\/script>\n\t\t\t<\/rs-module-wrap>\n\t\t\t<!-- END REVOLUTION SLIDER -->\n<div class=\"wpb_revslider_element wpb_content_element\"><\/div><\/div><\/div><\/div><div class=\"clear\"><\/div><\/div><\/div><div id=\"start\"  class=\"vc_row wpb_row vc_row-fluid no-margin\"  style=\"\"  data-token=\"UXxpb\"><div class=\"vc_row-o-content-middle vc_row-flex\" style=\"padding-top: 100px;padding-bottom: 30px; background-color: rgba(250,250,250, 0.70);\"><div class=\"wpb_column vc_column_container vc_col-sm-12\"><div class=\"vc_column-inner\"><div class=\"wpb_wrapper\"><div class=\"vc_row wpb_row vc_inner vc_row-fluid\"><div class=\"wpb_column vc_column_container vc_col-sm-12\"><div class=\"vc_column-inner\"><div class=\"wpb_wrapper\"><div class=\"dt-title-wrapper\"><h1 class=\"section-title\">START<\/h1><\/div><div style=\"clear:both; width:100%; height:10px\"><\/div>\n\t<div class=\"wpb_text_column wpb_content_element\" >\n\t\t<div class=\"wpb_wrapper\">\n\t\t\t<h3 style=\"text-align: center;\"><span style=\"font-weight: 400;\">Il y a environ <strong>10<\/strong> distributeurs d'imprimantes industrielles du type\u00a0<strong>jet d'encre continu.<\/strong><\/span><\/h3>\n<h3 style=\"text-align: center;\"><span style=\"font-weight: 400;\"><strong>Seulement 2 clients sur 10<\/strong> ach\u00e8te des consommables ailleurs qu'aupr\u00e8s du fournisseur de son imprimante. <\/span><\/h3>\n<h3 style=\"text-align: center;\"><span style=\"font-weight: 400;\">Notre objectif est un... <strong>Fournir les 8 restants.<\/strong><\/span><\/h3>\n\n\t\t<\/div>\n\t<\/div>\n<div style=\"clear:both; width:100%; height:30px\"><\/div><div class=\"vc_separator wpb_content_element vc_separator_align_center vc_sep_width_100 vc_sep_shadow vc_sep_border_width_2 vc_sep_pos_align_center vc_separator_no_text vc_sep_color_blue\" id=\"about\"><span class=\"vc_sep_holder vc_sep_holder_l\"><span  class=\"vc_sep_line\"><\/span><\/span><span class=\"vc_sep_holder vc_sep_holder_r\"><span  class=\"vc_sep_line\"><\/span><\/span>\n<\/div><div style=\"clear:both; width:100%; height:70px\"><\/div><div class=\"dt-title-wrapper\"><h1 class=\"section-title\">\u00c0 PROPOS DE NOUS<\/h1><\/div><div style=\"clear:both; width:100%; height:10px\"><\/div>\n\t<div class=\"wpb_text_column wpb_content_element\" >\n\t\t<div class=\"wpb_wrapper\">\n\t\t\t<h3 style=\"text-align: center;\"><span style=\"font-weight: 400;\"><strong>MMTech<\/strong> est une \u00e9quipe de professionnels ayant plus de 10 ans d'exp\u00e9rience dans l'industrie du marquage et de l'\u00e9tiquetage des produits. Nous avons acquis nos connaissances dans les services commerciaux et techniques des principaux distributeurs polonais d'imprimantes \u00e0 jet d'encre. Par cons\u00e9quent, nous avons une excellente compr\u00e9hension des besoins des clients.<\/span><\/h3>\n<h3 style=\"text-align: center;\"><strong>Et quel est le besoin le plus courant ? <\/strong><\/h3>\n<h3 style=\"text-align: center;\"><span style=\"font-weight: 400;\"><strong>- Disposer d'une tr\u00e8s bonne imprimante dont le co\u00fbt d'utilisation est aussi faible que possible.\u00a0<\/strong><\/span><\/h3>\n<h3 style=\"text-align: center;\"><span style=\"font-weight: 400;\">Voici ce que nous faisons. Nous fournissons aux clients des consommables pour les imprimantes \u00e0 jet d'encre <strong>aux meilleurs prix<\/strong>.<\/span><\/h3>\n\n\t\t<\/div>\n\t<\/div>\n<div class=\"skillbar clearfix\" data-percent=\"100%\"><div class=\"skillbar-title\"><span>Compatibilit\u00e9<\/span><\/div><div class=\"skillbar-bar\"><\/div><div class=\"skill-bar-percent\">100%<\/div><\/div>\n\t<div class=\"wpb_text_column wpb_content_element\" >\n\t\t<div class=\"wpb_wrapper\">\n\t\t\t<h3 style=\"text-align: center;\"><span style=\"font-weight: 400;\">En affaires, nous mettons l'accent sur la confiance et le maintien de bonnes relations \u00e0 long terme. Nous sommes convaincus que cette approche et nos produits vous apporteront des avantages exceptionnels.<\/span><\/h3>\n\n\t\t<\/div>\n\t<\/div>\n<div style=\"clear:both; width:100%; height:30px\"><\/div><div class=\"vc_separator wpb_content_element vc_separator_align_center vc_sep_width_100 vc_sep_shadow vc_sep_border_width_2 vc_sep_pos_align_center vc_separator_no_text vc_sep_color_blue\" ><span class=\"vc_sep_holder vc_sep_holder_l\"><span  class=\"vc_sep_line\"><\/span><\/span><span class=\"vc_sep_holder vc_sep_holder_r\"><span  class=\"vc_sep_line\"><\/span><\/span>\n<\/div><\/div><\/div><\/div><\/div><\/div><\/div><\/div><div class=\"clear\"><\/div><\/div><\/div><div id=\"produkty\"  class=\"vc_row wpb_row vc_row-fluid no-margin\"  style=\"\"  data-token=\"gogRJ\"><div class=\"vc_row-o-content-middle vc_row-flex\" style=\"padding-top: 50px;padding-bottom: 100px; background-color: rgba(255,255,255, 0.70);\"><div class=\"wpb_column vc_column_container vc_col-sm-12\"><div class=\"vc_column-inner\"><div class=\"wpb_wrapper\"><div class=\"dt-title-wrapper\"><h1 class=\"section-title\">PRODUITS<\/h1><\/div><div class=\"vc_row wpb_row vc_inner vc_row-fluid\"><div class=\"wpb_column vc_column_container vc_col-sm-12\"><div class=\"vc_column-inner\"><div class=\"wpb_wrapper\">\n\t<div class=\"wpb_text_column wpb_content_element\" >\n\t\t<div class=\"wpb_wrapper\">\n\t\t\t<h3 style=\"text-align: center;\"><span style=\"font-weight: 400;\">Nous proposons <strong>encres, solvants et maquillages\u00a0<\/strong>pour les imprimantes des fabricants \u00e9num\u00e9r\u00e9s ci-dessous. <\/span><\/h3>\n<h3 style=\"text-align: center;\"><span style=\"font-weight: 400;\">Chaque jour, dans tout le pays, ils sont utilis\u00e9s dans des imprimantes\u00a0<strong>jet d'encre continu<\/strong>travaillant dans des secteurs allant de l'alimentation \u00e0 l'automobile. <\/span><\/h3>\n<h3 style=\"text-align: left;\"><span style=\"font-weight: 400;\"><img loading=\"lazy\" class=\"aligncenter wp-image-463\" src=\"https:\/\/mmtech.com.pl\/wp-content\/uploads\/2019\/01\/7-1024x558.jpg\" alt=\"\" width=\"650\" height=\"354\" srcset=\"https:\/\/mmtech.com.pl\/wp-content\/uploads\/2019\/01\/7-1024x558.jpg 1024w, https:\/\/mmtech.com.pl\/wp-content\/uploads\/2019\/01\/7-300x163.jpg 300w, https:\/\/mmtech.com.pl\/wp-content\/uploads\/2019\/01\/7-768x418.jpg 768w, https:\/\/mmtech.com.pl\/wp-content\/uploads\/2019\/01\/7-780x425.jpg 780w, https:\/\/mmtech.com.pl\/wp-content\/uploads\/2019\/01\/7-1120x610.jpg 1120w, https:\/\/mmtech.com.pl\/wp-content\/uploads\/2019\/01\/7.jpg 1270w\" sizes=\"(max-width: 650px) 100vw, 650px\" \/><\/span><\/h3>\n<h3 style=\"text-align: center;\"><\/h3>\n<h3 style=\"text-align: center;\"><strong>Si vous \u00eates int\u00e9ress\u00e9(e) :<\/strong><\/h3>\n<h3 style=\"text-align: center;\"><strong>- avec des encres noires de type MEK<\/strong><\/h3>\n<h3 style=\"text-align: center;\"><strong>- Encres approuv\u00e9es par la FDA pour le marquage des \u0153ufs<\/strong><\/h3>\n<h3 style=\"text-align: center;\"><strong>- encres pigmentaires (blanc, bleu, rouge, vert, jaune, etc.)<\/strong><\/h3>\n<h3 style=\"text-align: center;\"><strong>- solvants<\/strong><\/h3>\n<h3 style=\"text-align: center;\"><strong>- maquillages<\/strong><\/h3>\n<h3 style=\"text-align: center;\"><strong>- solvants pour le nettoyage des t\u00eates<\/strong><\/h3>\n<hr \/>\n<h3 style=\"text-align: center;\"><strong>Cliquez ensuite sur l'une des listes ci-dessous pour voir si nous avons le produit qu'il vous faut, <\/strong><strong>et contactez-nous !<\/strong><\/h3>\n\n\t\t<\/div>\n\t<\/div>\n<\/div><\/div><\/div><div class=\"wpb_column vc_column_container vc_col-sm-3\"><div class=\"vc_column-inner\"><div class=\"wpb_wrapper\">\n\t<div class=\"wpb_text_column wpb_content_element\" >\n\t\t<div class=\"wpb_wrapper\">\n\t\t\t<h3 style=\"text-align: center;\"><strong><a href=\"https:\/\/mmtech.com.pl\/fr\/videojet\/\" target=\"_blank\" rel=\"noopener\">Videojet<\/a><\/strong><\/h3>\n\n\t\t<\/div>\n\t<\/div>\n\n\t<div class=\"wpb_text_column wpb_content_element\" >\n\t\t<div class=\"wpb_wrapper\">\n\t\t\t<h3 style=\"text-align: center;\"><strong><a href=\"https:\/\/mmtech.com.pl\/fr\/kba-metronic\/\" target=\"_blank\" rel=\"noopener\">Koenig &amp; Bauer (KBA)<\/a><\/strong><\/h3>\n\n\t\t<\/div>\n\t<\/div>\n\n\t<div class=\"wpb_text_column wpb_content_element\" >\n\t\t<div class=\"wpb_wrapper\">\n\t\t\t<h3 style=\"text-align: center;\"><strong>AUTRES\u00a0<span style=\"font-size: 14pt;\">\u2192<\/span><\/strong><\/h3>\n\n\t\t<\/div>\n\t<\/div>\n<\/div><\/div><\/div><div class=\"wpb_column vc_column_container vc_col-sm-3\"><div class=\"vc_column-inner\"><div class=\"wpb_wrapper\">\n\t<div class=\"wpb_text_column wpb_content_element\" >\n\t\t<div class=\"wpb_wrapper\">\n\t\t\t<h3 style=\"text-align: center;\"><strong><a href=\"https:\/\/mmtech.com.pl\/fr\/dominos\/\" target=\"_blank\" rel=\"noopener\">Dominos<\/a><\/strong><\/h3>\n\n\t\t<\/div>\n\t<\/div>\n\n\t<div class=\"wpb_text_column wpb_content_element\" >\n\t\t<div class=\"wpb_wrapper\">\n\t\t\t<h3 style=\"text-align: center;\"><strong><a href=\"https:\/\/mmtech.com.pl\/fr\/zanasi\/\" target=\"_blank\" rel=\"noopener\">Zanasi<\/a><\/strong><\/h3>\n\n\t\t<\/div>\n\t<\/div>\n\n\t<div class=\"wpb_text_column wpb_content_element\" >\n\t\t<div class=\"wpb_wrapper\">\n\t\t\t<h3 style=\"text-align: center;\"><strong>Citronix<\/strong><\/h3>\n\n\t\t<\/div>\n\t<\/div>\n<\/div><\/div><\/div><div class=\"wpb_column vc_column_container vc_col-sm-3\"><div class=\"vc_column-inner\"><div class=\"wpb_wrapper\">\n\t<div class=\"wpb_text_column wpb_content_element\" >\n\t\t<div class=\"wpb_wrapper\">\n\t\t\t<h3 style=\"text-align: center;\"><strong><a href=\"https:\/\/mmtech.com.pl\/fr\/leibinger\/\" target=\"_blank\" rel=\"noopener\">Leibinger<\/a><\/strong><\/h3>\n\n\t\t<\/div>\n\t<\/div>\n\n\t<div class=\"wpb_text_column wpb_content_element\" >\n\t\t<div class=\"wpb_wrapper\">\n\t\t\t<h3 style=\"text-align: center;\"><strong><a href=\"https:\/\/mmtech.com.pl\/fr\/wiedenbach\/\" target=\"_blank\" rel=\"noopener\">Wiedenbach<\/a><\/strong><\/h3>\n\n\t\t<\/div>\n\t<\/div>\n\n\t<div class=\"wpb_text_column wpb_content_element\" >\n\t\t<div class=\"wpb_wrapper\">\n\t\t\t<h3 style=\"text-align: center;\"><strong>Markem Imaje<\/strong><\/h3>\n\n\t\t<\/div>\n\t<\/div>\n<\/div><\/div><\/div><div class=\"wpb_column vc_column_container vc_col-sm-3\"><div class=\"vc_column-inner\"><div class=\"wpb_wrapper\">\n\t<div class=\"wpb_text_column wpb_content_element\" >\n\t\t<div class=\"wpb_wrapper\">\n\t\t\t<h3 style=\"text-align: center;\"><strong><a href=\"https:\/\/mmtech.com.pl\/fr\/linx\/\" target=\"_blank\" rel=\"noopener\">Linx<\/a><\/strong><\/h3>\n\n\t\t<\/div>\n\t<\/div>\n\n\t<div class=\"wpb_text_column wpb_content_element\" >\n\t\t<div class=\"wpb_wrapper\">\n\t\t\t<h3 style=\"text-align: center;\"><strong><a href=\"https:\/\/mmtech.com.pl\/fr\/haute-resolution\/\" target=\"_blank\" rel=\"noopener\">HI-RESOLUTION<\/a><\/strong><\/h3>\n\n\t\t<\/div>\n\t<\/div>\n\n\t<div class=\"wpb_text_column wpb_content_element\" >\n\t\t<div class=\"wpb_wrapper\">\n\t\t\t<h3 style=\"text-align: center;\"><strong>Willet<\/strong><\/h3>\n\n\t\t<\/div>\n\t<\/div>\n<\/div><\/div><\/div><\/div><div style=\"clear:both; width:100%; height:10px\"><\/div><div class=\"vc_separator wpb_content_element vc_separator_align_center vc_sep_width_100 vc_sep_shadow vc_sep_border_width_2 vc_sep_pos_align_center vc_separator_no_text vc_sep_color_blue\" ><span class=\"vc_sep_holder vc_sep_holder_l\"><span  class=\"vc_sep_line\"><\/span><\/span><span class=\"vc_sep_holder vc_sep_holder_r\"><span  class=\"vc_sep_line\"><\/span><\/span>\n<\/div><\/div><\/div><\/div><div class=\"clear\"><\/div><\/div><\/div><div id=\"contact\"  class=\"vc_row wpb_row vc_row-fluid no-margin parallax-bag-bfb lazy\" data-original=\"https:\/\/mmtech.com.pl\/wp-content\/uploads\/2018\/12\/contact2.jpg\" style=\"background-image: url(https:\/\/mmtech.com.pl\/wp-content\/themes\/patti\/images\/grey.gif);\"  data-token=\"nRpmw\"><div class=\"darker-overlay vc_row-o-content-middle vc_row-flex\" style=\"padding-top: 100px;padding-bottom: 100px; background-color: rgba(0,0,0, 0.70);\"><div class=\"wpb_column vc_column_container vc_col-sm-12\"><div class=\"vc_column-inner\"><div class=\"wpb_wrapper\"><div class=\"vc_row wpb_row vc_inner vc_row-fluid\"><div class=\"wpb_column vc_column_container vc_col-sm-12\"><div class=\"vc_column-inner\"><div class=\"wpb_wrapper\"><div class=\"dt-title-wrapper\"><h1 class=\"section-title\">Contactez nous<\/h1><\/div><div style=\"clear:both; width:100%; height:60px\"><\/div><\/div><\/div><\/div><\/div><div class=\"vc_row wpb_row vc_inner vc_row-fluid\"><div class=\"wpb_column vc_column_container vc_col-sm-6\"><div class=\"vc_column-inner\"><div class=\"wpb_wrapper\">\n\t<div class=\"wpb_text_column wpb_content_element\" >\n\t\t<div class=\"wpb_wrapper\">\n\t\t\t<h2><span style=\"font-size: 18pt;\"><strong>MMTech INK-JET<\/strong><\/span><\/h2>\n<ul class=\"contact-info\">\n<li>\n<h3><i class=\"fa fa-map-marker\"><\/i><strong>SI\u00c8GE SOCIAL\/ADRESSE DE CORRESPONDANCE\u00a0<\/strong><\/h3>\n<\/li>\n<li>\n<h3><strong>\u00a0 \u00a0 \u00a0 \u00a0 \u00a0Rue Graniczna 23\/2, 62-081 Baranowo \/ Pozna\u0144<\/strong><\/h3>\n<\/li>\n<li>\n<h3><strong><i class=\"fa fa-phone\"><\/i>Si\u00e8ge social : <a href=\"tel: 48613078320\">+48 61 307 83 20<\/a><\/strong><\/h3>\n<\/li>\n<li>\n<h3><strong><i class=\"fa fa-envelope\"><\/i><a href=\"mailto:\">biuro@mmtech.com.pl<\/a><\/strong><\/h3>\n<\/li>\n<\/ul>\n<hr \/>\n<ul class=\"contact-info\">\n<li>\n<h3><i class=\"fa fa-map-marker\"><\/i><strong>ENTREP\u00d4T \/ LABORATOIRE<\/strong><\/h3>\n<\/li>\n<li>\n<h3><strong>\u00a0 \u00a0 \u00a0 \u00a0 \u00a0ul. Lubiatowska 2, 60-439 Pozna\u0144<\/strong><\/h3>\n<\/li>\n<li>\n<h3><strong><i class=\"fa fa-phone\"><\/i>Approvisionnement : <a href=\"tel: 48790234181\">+48 790 234 181<\/a><\/strong><\/h3>\n<\/li>\n<li>\n<h3><strong><i class=\"fa fa-envelope\"><\/i><a href=\"mailto:\">handel@mmtech.com.pl<\/a><\/strong><\/h3>\n<\/li>\n<\/ul>\n<hr \/>\n<ul class=\"contact-info\">\n<li>\n<h3><strong>NIP FR<\/strong><strong>7772795078<\/strong><\/h3>\n<\/li>\n<li>\n<h3><strong>Regon 301124686<\/strong><\/h3>\n<\/li>\n<li>\n<h3><strong><i class=\"fa fa-globe\"><\/i><a href=\"#\">www.mmtech.com.pl<\/a><\/strong><\/h3>\n<\/li>\n<\/ul>\n\n\t\t<\/div>\n\t<\/div>\n<\/div><\/div><\/div><div class=\"wpb_column vc_column_container vc_col-sm-6\"><div class=\"vc_column-inner\"><div class=\"wpb_wrapper\">\n\t<div class=\"wpb_text_column wpb_content_element\" >\n\t\t<div class=\"wpb_wrapper\">\n\t\t\t<h2><span style=\"font-size: 18pt;\"><strong>Formulaire de contact<\/strong><\/span><\/h2>\n<p><span style=\"font-size: 10pt;\"><em>Envoyer un e-mail. Tous les champs marqu\u00e9s d'un ast\u00e9risque doivent \u00eatre compl\u00e9t\u00e9s.\u00a0<\/em><\/span><\/p>\n\n\t\t<\/div>\n\t<\/div>\n<div role=\"form\" class=\"wpcf7\" id=\"wpcf7-f69-o1\" lang=\"en-US\" dir=\"ltr\">\n<div class=\"screen-reader-response\"><\/div>\n<form action=\"\/fr\/wp-json\/wp\/v2\/pages\/82#wpcf7-f69-o1\" method=\"post\" class=\"wpcf7-form\" novalidate=\"novalidate\" data-trp-original-action=\"\/fr\/wp-json\/wp\/v2\/pages\/82#wpcf7-f69-o1\">\n<div style=\"display: none;\">\n<input type=\"hidden\" name=\"_wpcf7\" value=\"69\" \/>\n<input type=\"hidden\" name=\"_wpcf7_version\" value=\"5.0.5\" \/>\n<input type=\"hidden\" name=\"_wpcf7_locale\" value=\"en_US\" \/>\n<input type=\"hidden\" name=\"_wpcf7_unit_tag\" value=\"wpcf7-f69-o1\" \/>\n<input type=\"hidden\" name=\"_wpcf7_container_post\" value=\"0\" \/>\n<\/div>\n<div class=\"percent-one-half\"> <br \/>\n<span class=\"wpcf7-form-control-wrap your-name\"><input type=\"text\" name=\"your-name\" value=\"\" size=\"40\" class=\"wpcf7-form-control wpcf7-text wpcf7-validates-as-required\" aria-required=\"true\" aria-invalid=\"false\" placeholder=\"Nom *\" \/><\/span><br \/>\n<\/div><br \/>\n<div class=\"percent-one-half column-last\"> <br \/>\n<span class=\"wpcf7-form-control-wrap your-company\"><input type=\"text\" name=\"your-company\" value=\"\" size=\"40\" class=\"wpcf7-form-control wpcf7-text\" aria-invalid=\"false\" placeholder=\"Entreprise\" \/><\/span><br \/>\n<\/div><br \/>\n<div class=\"percent-one-half\"> <br \/>\n<span class=\"wpcf7-form-control-wrap your-phone\"><input type=\"text\" name=\"your-phone\" value=\"\" size=\"40\" class=\"wpcf7-form-control wpcf7-text\" aria-invalid=\"false\" placeholder=\"Num\u00e9ro de t\u00e9l\u00e9phone\" \/><\/span><br \/>\n<\/div><br \/>\n<div class=\"percent-one-half column-last\"> <br \/>\n<span class=\"wpcf7-form-control-wrap your-email\"><input type=\"email\" name=\"your-email\" value=\"\" size=\"40\" class=\"wpcf7-form-control wpcf7-text wpcf7-email wpcf7-validates-as-required wpcf7-validates-as-email\" aria-required=\"true\" aria-invalid=\"false\" placeholder=\"E-mail *\" \/><\/span><br \/>\n<\/div><br \/>\n<span class=\"wpcf7-form-control-wrap your-message\"><textarea name=\"your-message\" cols=\"40\" rows=\"10\" class=\"wpcf7-form-control wpcf7-textarea wpcf7-validates-as-required\" aria-required=\"true\" aria-invalid=\"false\" placeholder=\"Contenu du message *\"><\/textarea><\/span><br \/>\n<input type=\"submit\" value=\"Envoyer\" class=\"wpcf7-form-control wpcf7-submit button black\" \/><\/p>\n<div class=\"wpcf7-response-output wpcf7-display-none\"><\/div><input type=\"hidden\" name=\"trp-form-language\" value=\"fr\"\/><\/form><\/div><\/div><\/div><\/div><\/div><\/div><\/div><\/div><div class=\"clear\"><\/div><\/div><\/div>\n<div   class=\"vc_row wpb_row vc_row-fluid no-margin\"  style=\"\"  data-token=\"fXCek\"><div class=\"vc_row-o-content-middle vc_row-flex\" style=\" background-color: rgba(255,255,255, 0.70);\"><div class=\"wpb_column vc_column_container vc_col-sm-12\"><div class=\"vc_column-inner\"><div class=\"wpb_wrapper\"><br \/>\n<iframe loading=\"lazy\" style=\"border: 0;\" src=\"https:\/\/www.google.com\/maps\/embed?pb=!1m18!1m12!1m3!1d2432.622895078781!2d16.7923140161283!3d52.431630250526396!2m3!1f0!2f0!3f0!3m2!1i1024!2i768!4f13.1!3m3!1m2!1s0x4704441e33f6d483%3A0x8a0eb48b7ab98b79!2sGraniczna%2023%2C%2062-081%20Baranowo!5e0!3m2!1spl!2spl!4v1650459034048!5m2!1spl!2spl\" width=\"100%\" height=\"450\" allowfullscreen=\"allowfullscreen\"><\/iframe><br \/>\n<\/div><\/div><\/div><div class=\"clear\"><\/div><\/div><\/div>","protected":false},"excerpt":{"rendered":"INDUSTRIAL PRINTING MATERIALS setREVStartSize({c : 'rev_slider_1_2',rl:[1240,1024,778,480],el:[],gw:[1300],gh:[380],type:'hero',justify:'',layout:'fullwidth',mh:\"0\"});if (window.RS_MODULES!==undefined &amp;&amp; window.RS_MODULES.modules!==undefined &amp;&amp; window.RS_MODULES.modules[\"revslider12\"]!==undefined) { window.RS_MODULES.modules[\"revslider12\"].once = false;window.revapi1_2 = undefined;if (window.RS_MODULES.checkMinimal!==undefined) window.RS_MODULES.checkMinimal()} START Il y a environ...<p class=\"readmore\"><a class=\"more-btn\" href=\"https:\/\/mmtech.com.pl\/fr\/\">Lire la suite<\/a><\/p>","protected":false},"author":1,"featured_media":0,"parent":0,"menu_order":0,"comment_status":"open","ping_status":"open","template":"template-homepage.php","meta":{"_monsterinsights_skip_tracking":false,"_monsterinsights_sitenote_active":false,"_monsterinsights_sitenote_note":"","_monsterinsights_sitenote_category":0},"_links":{"self":[{"href":"https:\/\/mmtech.com.pl\/fr\/wp-json\/wp\/v2\/pages\/82"}],"collection":[{"href":"https:\/\/mmtech.com.pl\/fr\/wp-json\/wp\/v2\/pages"}],"about":[{"href":"https:\/\/mmtech.com.pl\/fr\/wp-json\/wp\/v2\/types\/page"}],"author":[{"embeddable":true,"href":"https:\/\/mmtech.com.pl\/fr\/wp-json\/wp\/v2\/users\/1"}],"replies":[{"embeddable":true,"href":"https:\/\/mmtech.com.pl\/fr\/wp-json\/wp\/v2\/comments?post=82"}],"version-history":[{"count":100,"href":"https:\/\/mmtech.com.pl\/fr\/wp-json\/wp\/v2\/pages\/82\/revisions"}],"predecessor-version":[{"id":3766,"href":"https:\/\/mmtech.com.pl\/fr\/wp-json\/wp\/v2\/pages\/82\/revisions\/3766"}],"wp:attachment":[{"href":"https:\/\/mmtech.com.pl\/fr\/wp-json\/wp\/v2\/media?parent=82"}],"curies":[{"name":"wp","href":"https:\/\/api.w.org\/{rel}","templated":true}]}}