{"id":813,"date":"2019-08-06T12:13:05","date_gmt":"2019-08-06T10:13:05","guid":{"rendered":"https:\/\/mmtech.com.pl\/?page_id=813"},"modified":"2019-08-20T10:30:43","modified_gmt":"2019-08-20T08:30:43","slug":"hi-resolution","status":"publish","type":"page","link":"https:\/\/mmtech.com.pl\/fr\/haute-resolution\/","title":{"rendered":"HI-RESOLUTION"},"content":{"rendered":"<p><img loading=\"lazy\" class=\"wp-image-814 alignleft\" src=\"https:\/\/mmtech.com.pl\/wp-content\/uploads\/2019\/08\/HRS-21-271x300.jpg\" alt=\"\" width=\"467\" height=\"517\" srcset=\"https:\/\/mmtech.com.pl\/wp-content\/uploads\/2019\/08\/HRS-21-271x300.jpg 271w, https:\/\/mmtech.com.pl\/wp-content\/uploads\/2019\/08\/HRS-21.jpg 656w\" sizes=\"(max-width: 467px) 100vw, 467px\" \/><\/p>\n<h3 style=\"text-align: left;\"><span style=\"font-weight: 400;\">Encres de la s\u00e9rie <strong>HRS<\/strong> sont con\u00e7us pour \u00eatre utilis\u00e9s dans les imprimantes haute r\u00e9solution (Hi-Resolution). La formule \u00e0 base d'huile est id\u00e9ale pour le marquage des surfaces absorbantes et poreuses telles que le carton, le bois, le papier, les textiles, etc. <\/span><\/h3>\n<h3 style=\"text-align: left;\"><span style=\"font-weight: 400;\">Les encres de la s\u00e9rie HRS vous permettront d'\u00e9conomiser du temps et de l'argent tout en conservant une qualit\u00e9 d'impression optimale. Vous trouverez ci-dessous une liste des fabricants d'imprimantes avec lesquels vous pouvez les utiliser en toute s\u00e9curit\u00e9 : <\/span><\/h3>\n<h3 style=\"text-align: left;\"><strong>MAIS <\/strong><\/h3>\n<h3 style=\"text-align: left;\"><strong>ZEISER ATLANTIQUE <\/strong><\/h3>\n<h3 style=\"text-align: left;\"><strong>REA JET <\/strong><\/h3>\n<h3 style=\"text-align: left;\"><strong>SEIKO <\/strong><\/h3>\n<h3 style=\"text-align: left;\"><strong>TRIDENT <\/strong><\/h3>\n<h3 style=\"text-align: left;\"><strong>VIDEOJET <\/strong><\/h3>\n<h3 style=\"text-align: left;\"><strong>XAAR<\/strong><\/h3>\n<p>&nbsp;<\/p>\n<h3><\/h3>\n<h3 style=\"text-align: left;\"><span style=\"font-weight: 400;\">Chacune des encres \u00e0 l'huile HRS a \u00e9t\u00e9 obtenue et fabriqu\u00e9e \u00e0 partir de mati\u00e8res premi\u00e8res de la plus haute qualit\u00e9 pour r\u00e9pondre aux exigences de la technologie haute r\u00e9solution. Pour la plupart des imprimantes r\u00e9pertori\u00e9es, nous avons des bouteilles identiques pour faciliter l'utilisation. Les couleurs actuellement disponibles sont les suivantes : <strong><span style=\"color: #000000;\">NOIR<\/span><\/strong>, <strong><span style=\"color: #ff0000;\">ROUGE<\/span><\/strong> i <strong><span style=\"color: #0000ff;\">BLEU<\/span><\/strong>.<\/span><\/h3>\n<h3 style=\"text-align: left;\"><span style=\"font-weight: 400;\">Pour les applications particuli\u00e8rement exigeantes, nous fournissons de l'encre HRS avec une formulation modifi\u00e9e afin d'accro\u00eetre sa visibilit\u00e9 apr\u00e8s \u00e9tiquetage et soumission du produit \u00e0 un processus de vieillissement acc\u00e9l\u00e9r\u00e9.\u00a0<\/span><\/h3>","protected":false},"excerpt":{"rendered":"<p>Les encres de la s\u00e9rie HRS sont destin\u00e9es aux imprimantes haute r\u00e9solution. La formule \u00e0 base d'huile est id\u00e9ale pour le marquage des surfaces absorbantes et poreuses....<\/p>\n<p class=\"readmore\"><a class=\"more-btn\" href=\"https:\/\/mmtech.com.pl\/fr\/haute-resolution\/\">Lire la suite<\/a><\/p>","protected":false},"author":1,"featured_media":0,"parent":0,"menu_order":0,"comment_status":"closed","ping_status":"closed","template":"","meta":{"_monsterinsights_skip_tracking":false,"_monsterinsights_sitenote_active":false,"_monsterinsights_sitenote_note":"","_monsterinsights_sitenote_category":0},"_links":{"self":[{"href":"https:\/\/mmtech.com.pl\/fr\/wp-json\/wp\/v2\/pages\/813"}],"collection":[{"href":"https:\/\/mmtech.com.pl\/fr\/wp-json\/wp\/v2\/pages"}],"about":[{"href":"https:\/\/mmtech.com.pl\/fr\/wp-json\/wp\/v2\/types\/page"}],"author":[{"embeddable":true,"href":"https:\/\/mmtech.com.pl\/fr\/wp-json\/wp\/v2\/users\/1"}],"replies":[{"embeddable":true,"href":"https:\/\/mmtech.com.pl\/fr\/wp-json\/wp\/v2\/comments?post=813"}],"version-history":[{"count":13,"href":"https:\/\/mmtech.com.pl\/fr\/wp-json\/wp\/v2\/pages\/813\/revisions"}],"predecessor-version":[{"id":872,"href":"https:\/\/mmtech.com.pl\/fr\/wp-json\/wp\/v2\/pages\/813\/revisions\/872"}],"wp:attachment":[{"href":"https:\/\/mmtech.com.pl\/fr\/wp-json\/wp\/v2\/media?parent=813"}],"curies":[{"name":"wp","href":"https:\/\/api.w.org\/{rel}","templated":true}]}}