{"id":654,"date":"2019-06-03T12:41:23","date_gmt":"2019-06-03T10:41:23","guid":{"rendered":"https:\/\/mmtech.com.pl\/?page_id=654"},"modified":"2022-12-03T13:35:56","modified_gmt":"2022-12-03T12:35:56","slug":"wiedenbach-atramenty-i-make-upy-cij","status":"publish","type":"page","link":"https:\/\/mmtech.com.pl\/fr\/wiedenbach-attractions-et-maquillages-cij\/","title":{"rendered":"Wiedenbach - Encres et maquillages INK-JET"},"content":{"rendered":"<p style=\"text-align: center;\"><strong><span style=\"font-size: 18pt; font-family: arial, helvetica, sans-serif;\"><img loading=\"lazy\" class=\"wp-image-3169 aligncenter\" src=\"https:\/\/mmtech.com.pl\/wp-content\/uploads\/2022\/12\/Wiedenbach-300x149.jpg\" alt=\"\" width=\"1109\" height=\"551\" srcset=\"https:\/\/mmtech.com.pl\/wp-content\/uploads\/2022\/12\/Wiedenbach-300x149.jpg 300w, https:\/\/mmtech.com.pl\/wp-content\/uploads\/2022\/12\/Wiedenbach-1024x508.jpg 1024w, https:\/\/mmtech.com.pl\/wp-content\/uploads\/2022\/12\/Wiedenbach-768x381.jpg 768w, https:\/\/mmtech.com.pl\/wp-content\/uploads\/2022\/12\/Wiedenbach-1536x762.jpg 1536w, https:\/\/mmtech.com.pl\/wp-content\/uploads\/2022\/12\/Wiedenbach-780x387.jpg 780w, https:\/\/mmtech.com.pl\/wp-content\/uploads\/2022\/12\/Wiedenbach-1120x555.jpg 1120w, https:\/\/mmtech.com.pl\/wp-content\/uploads\/2022\/12\/Wiedenbach.jpg 1936w\" sizes=\"(max-width: 1109px) 100vw, 1109px\" \/><\/span><\/strong><\/p>\n<p style=\"text-align: center;\"><strong><span style=\"font-size: 18pt; font-family: arial, helvetica, sans-serif;\">Encres pour imprimantes Wiedenbach<\/span><\/strong><\/p>\n<table style=\"border-collapse: collapse; width: 100%;\">\n<tbody>\n<tr>\n<td style=\"width: 20%;\"><span style=\"font-family: arial, helvetica, sans-serif;\"><strong><span style=\"font-size: 14pt;\">Encre<\/span><\/strong><\/span><\/td>\n<td style=\"width: 20%;\"><span style=\"font-family: arial, helvetica, sans-serif;\"><strong><span style=\"font-size: 14pt;\">OEM<\/span><\/strong><\/span><\/td>\n<td style=\"width: 20%;\"><span style=\"font-family: arial, helvetica, sans-serif;\"><strong><span style=\"font-size: 14pt;\">Nom de l'OEM<\/span><\/strong><\/span><\/td>\n<td style=\"width: 20%;\"><span style=\"font-family: arial, helvetica, sans-serif;\"><strong><span style=\"font-size: 14pt;\">Couleur<\/span><\/strong><\/span><\/td>\n<td style=\"width: 20%;\"><span style=\"font-family: arial, helvetica, sans-serif;\"><strong><span style=\"font-size: 14pt;\">Capacit\u00e9 de la bouteille<\/span><\/strong><\/span><\/td>\n<\/tr>\n<\/tbody>\n<\/table>\n<hr \/>\n<table style=\"border-collapse: collapse; width: 100%; height: 27px;\">\n<tbody>\n<tr style=\"height: 27px;\">\n<td style=\"width: 20%; height: 27px;\"><span style=\"font-size: 14pt; font-family: arial, helvetica, sans-serif;\">PM-2B<\/span><\/td>\n<td style=\"width: 20%; height: 27px;\"><span style=\"font-size: 14pt; font-family: arial, helvetica, sans-serif;\">Wiedenbach<\/span><\/td>\n<td style=\"width: 20%; height: 27px;\"><span style=\"font-size: 14pt; font-family: arial, helvetica, sans-serif;\">W52-100-1K<\/span><\/td>\n<td style=\"width: 20%; height: 27px;\"><span style=\"font-size: 14pt; font-family: arial, helvetica, sans-serif;\">Noir<\/span><\/td>\n<td style=\"width: 20%; height: 27px;\"><span style=\"font-size: 14pt; font-family: arial, helvetica, sans-serif;\">1 litre<\/span><\/td>\n<\/tr>\n<\/tbody>\n<\/table>\n<hr \/>\n<table style=\"border-collapse: collapse; width: 100%; height: 27px;\">\n<tbody>\n<tr style=\"height: 27px;\">\n<td style=\"width: 20%; height: 27px;\"><span style=\"font-size: 14pt; font-family: arial, helvetica, sans-serif;\">PM-3A<\/span><\/td>\n<td style=\"width: 20%; height: 27px;\"><span style=\"font-size: 14pt; font-family: arial, helvetica, sans-serif;\">Wiedenbach<\/span><\/td>\n<td style=\"width: 20%; height: 27px;\"><span style=\"font-size: 14pt; font-family: arial, helvetica, sans-serif;\">W92-110-3P<\/span><\/td>\n<td style=\"width: 20%; height: 27px;\"><span style=\"font-size: 14pt; font-family: arial, helvetica, sans-serif;\">Pigment blanc<\/span><\/td>\n<td style=\"width: 20%; height: 27px;\"><span style=\"font-size: 14pt; font-family: arial, helvetica, sans-serif;\">1 litre<\/span><\/td>\n<\/tr>\n<\/tbody>\n<\/table>\n<hr \/>\n<p>&nbsp;<\/p>\n<p style=\"text-align: center;\"><strong><span style=\"font-size: 18pt; font-family: arial, helvetica, sans-serif;\">Maquillages \u00e0 utiliser sur les imprimantes Wiedenbach<\/span><\/strong><\/p>\n<hr \/>\n<table style=\"border-collapse: collapse; width: 100%;\">\n<tbody>\n<tr>\n<td style=\"width: 20%;\"><span style=\"font-family: arial, helvetica, sans-serif;\"><strong><span style=\"font-size: 14pt;\">Maquillage<\/span><\/strong><\/span><\/td>\n<td style=\"width: 20%;\"><span style=\"font-family: arial, helvetica, sans-serif;\"><strong><span style=\"font-size: 14pt;\">OEM<\/span><\/strong><\/span><\/td>\n<td style=\"width: 20%;\"><span style=\"font-family: arial, helvetica, sans-serif;\"><strong><span style=\"font-size: 14pt;\">Nom de l'OEM<\/span><\/strong><\/span><\/td>\n<td style=\"width: 20%;\"><span style=\"font-family: arial, helvetica, sans-serif;\"><strong><span style=\"font-size: 14pt;\">Couleur<\/span><\/strong><\/span><\/td>\n<td style=\"width: 20%;\"><span style=\"font-family: arial, helvetica, sans-serif;\"><strong><span style=\"font-size: 14pt;\">Capacit\u00e9 de la bouteille<\/span><\/strong><\/span><\/td>\n<\/tr>\n<\/tbody>\n<\/table>\n<hr \/>\n<table style=\"border-collapse: collapse; width: 100%; height: 27px;\">\n<tbody>\n<tr style=\"height: 27px;\">\n<td style=\"width: 20%; height: 27px;\"><span style=\"font-size: 14pt; font-family: arial, helvetica, sans-serif;\">MK22-A1<\/span><\/td>\n<td style=\"width: 20%; height: 27px;\"><span style=\"font-size: 14pt; font-family: arial, helvetica, sans-serif;\">Wiedenbach<\/span><\/td>\n<td style=\"width: 20%; height: 27px;\"><span style=\"font-size: 14pt; font-family: arial, helvetica, sans-serif;\">MK22-A1<\/span><\/td>\n<td style=\"width: 20%; height: 27px;\"><span style=\"font-size: 14pt; font-family: arial, helvetica, sans-serif;\">Incolore<\/span><\/td>\n<td style=\"width: 20%; height: 27px;\"><span style=\"font-size: 14pt; font-family: arial, helvetica, sans-serif;\">950 ml<\/span><\/td>\n<\/tr>\n<\/tbody>\n<\/table>\n<hr \/>\n<table style=\"border-collapse: collapse; width: 100%; height: 27px;\">\n<tbody>\n<tr style=\"height: 27px;\">\n<td style=\"width: 20%; height: 27px;\"><span style=\"font-size: 14pt; font-family: arial, helvetica, sans-serif;\">MK22-K1<\/span><\/td>\n<td style=\"width: 20%; height: 27px;\"><span style=\"font-size: 14pt; font-family: arial, helvetica, sans-serif;\">Wiedenbach<\/span><\/td>\n<td style=\"width: 20%; height: 27px;\"><span style=\"font-size: 14pt; font-family: arial, helvetica, sans-serif;\">MK22-K1<\/span><\/td>\n<td style=\"width: 20%; height: 27px;\"><span style=\"font-size: 14pt; font-family: arial, helvetica, sans-serif;\">Gris<\/span><\/td>\n<td style=\"width: 20%; height: 27px;\"><span style=\"font-size: 14pt; font-family: arial, helvetica, sans-serif;\">950 ml<\/span><\/td>\n<\/tr>\n<\/tbody>\n<\/table>\n<hr \/>\n<table style=\"border-collapse: collapse; width: 100%; height: 27px;\">\n<tbody>\n<tr style=\"height: 27px;\">\n<td style=\"width: 20%; height: 27px;\"><span style=\"font-size: 14pt; font-family: arial, helvetica, sans-serif;\">MK22-K2<\/span><\/td>\n<td style=\"width: 20%; height: 27px;\"><span style=\"font-size: 14pt; font-family: arial, helvetica, sans-serif;\">Wiedenbach<\/span><\/td>\n<td style=\"width: 20%; height: 27px;\"><span style=\"font-size: 14pt; font-family: arial, helvetica, sans-serif;\">MK22-K2<\/span><\/td>\n<td style=\"width: 20%; height: 27px;\"><span style=\"font-size: 14pt; font-family: arial, helvetica, sans-serif;\">Incolore<\/span><\/td>\n<td style=\"width: 20%; height: 27px;\"><span style=\"font-size: 14pt; font-family: arial, helvetica, sans-serif;\">950 ml<\/span><\/td>\n<\/tr>\n<\/tbody>\n<\/table>\n<hr \/>\n<table style=\"border-collapse: collapse; width: 100%; height: 27px;\">\n<tbody>\n<tr style=\"height: 27px;\">\n<td style=\"width: 20%; height: 27px;\"><span style=\"font-size: 14pt; font-family: arial, helvetica, sans-serif;\">MK-31<\/span><\/td>\n<td style=\"width: 20%; height: 27px;\"><span style=\"font-size: 14pt; font-family: arial, helvetica, sans-serif;\">Wiedenbach<\/span><\/td>\n<td style=\"width: 20%; height: 27px;\"><span style=\"font-size: 14pt; font-family: arial, helvetica, sans-serif;\">MK22-A1<\/span><\/td>\n<td style=\"width: 20%; height: 27px;\"><span style=\"font-size: 14pt; font-family: arial, helvetica, sans-serif;\">Incolore<\/span><\/td>\n<td style=\"width: 20%; height: 27px;\"><span style=\"font-size: 14pt; font-family: arial, helvetica, sans-serif;\">1 litre<\/span><\/td>\n<\/tr>\n<\/tbody>\n<\/table>\n<hr \/>\n<table style=\"border-collapse: collapse; width: 100%; height: 27px;\">\n<tbody>\n<tr style=\"height: 27px;\">\n<td style=\"width: 20%; height: 27px;\"><span style=\"font-size: 14pt; font-family: arial, helvetica, sans-serif;\">MK-51<\/span><\/td>\n<td style=\"width: 20%; height: 27px;\"><span style=\"font-size: 14pt; font-family: arial, helvetica, sans-serif;\">Wiedenbach<\/span><\/td>\n<td style=\"width: 20%; height: 27px;\"><span style=\"font-size: 14pt; font-family: arial, helvetica, sans-serif;\">MK22-K1<\/span><\/td>\n<td style=\"width: 20%; height: 27px;\"><span style=\"font-size: 14pt; font-family: arial, helvetica, sans-serif;\">Incolore<\/span><\/td>\n<td style=\"width: 20%; height: 27px;\"><span style=\"font-size: 14pt; font-family: arial, helvetica, sans-serif;\">1 litre<\/span><\/td>\n<\/tr>\n<\/tbody>\n<\/table>\n<hr \/>\n<table style=\"border-collapse: collapse; width: 100%; height: 27px;\">\n<tbody>\n<tr style=\"height: 27px;\">\n<td style=\"width: 20%; height: 27px;\"><span style=\"font-size: 14pt; font-family: arial, helvetica, sans-serif;\">MK-61<\/span><\/td>\n<td style=\"width: 20%; height: 27px;\"><span style=\"font-size: 14pt; font-family: arial, helvetica, sans-serif;\">Wiedenbach<\/span><\/td>\n<td style=\"width: 20%; height: 27px;\"><span style=\"font-size: 14pt; font-family: arial, helvetica, sans-serif;\">MK22-K2<\/span><\/td>\n<td style=\"width: 20%; height: 27px;\"><span style=\"font-size: 14pt; font-family: arial, helvetica, sans-serif;\">Incolore<\/span><\/td>\n<td style=\"width: 20%; height: 27px;\"><span style=\"font-size: 14pt; font-family: arial, helvetica, sans-serif;\">1 litre<\/span><\/td>\n<\/tr>\n<\/tbody>\n<\/table>\n<hr \/>\n<p>&nbsp;<\/p>\n<p><span style=\"font-family: arial, helvetica, sans-serif; font-size: 12pt;\">Chacune des encres et des produits de maquillage pour les imprimantes Wiedenbach a \u00e9t\u00e9 recherch\u00e9e et fabriqu\u00e9e \u00e0 partir de mati\u00e8res premi\u00e8res de la plus haute qualit\u00e9 pour r\u00e9pondre aux exigences de la technologie du jet d'encre continu. Si vous souhaitez r\u00e9duire de mani\u00e8re significative vos co\u00fbts de marquage, vous constaterez que nos encres et nos maquillages offrent la meilleure qualit\u00e9 d'impression, ce qui va de pair avec les \u00e9conomies r\u00e9alis\u00e9es.\u00a0<\/span><\/p>\n<p><span style=\"font-family: arial, helvetica, sans-serif; font-size: 12pt;\">Les consommables pour imprimantes Wiedenbach sont conditionn\u00e9s en bouteilles de 950 ml. Chez MMTech, nous avons d\u00e9cid\u00e9 d'aller plus loin et tous nos flacons ont une contenance de <strong>1000 ml<\/strong> tout en conservant le m\u00eame diam\u00e8tre de filetage. <\/span><\/p>\n<p><span style=\"font-family: arial, helvetica, sans-serif; font-size: 12pt;\">Nous \u00e9largissons constamment notre base d'approvisionnement. Si vous ne voyez pas les encres et les maquillages qui vous int\u00e9ressent en ce moment, n'h\u00e9sitez pas \u00e0 nous contacter pour conna\u00eetre leur disponibilit\u00e9.\u00a0<\/span><\/p>","protected":false},"excerpt":{"rendered":"<p>Encres pour imprimantes Wiedenbach Encre OEM Nom Couleur OEM Capacit\u00e9 du flacon PM-2B Wiedenbach W52-100-1K Noir 1 litre PM-3A Wiedenbach W92-110-3P Pigment blanc 1...<\/p>\n<p class=\"readmore\"><a class=\"more-btn\" href=\"https:\/\/mmtech.com.pl\/fr\/wiedenbach-attractions-et-maquillages-cij\/\">Lire la suite<\/a><\/p>","protected":false},"author":1,"featured_media":0,"parent":0,"menu_order":0,"comment_status":"closed","ping_status":"closed","template":"","meta":{"_monsterinsights_skip_tracking":false,"_monsterinsights_sitenote_active":false,"_monsterinsights_sitenote_note":"","_monsterinsights_sitenote_category":0},"_links":{"self":[{"href":"https:\/\/mmtech.com.pl\/fr\/wp-json\/wp\/v2\/pages\/654"}],"collection":[{"href":"https:\/\/mmtech.com.pl\/fr\/wp-json\/wp\/v2\/pages"}],"about":[{"href":"https:\/\/mmtech.com.pl\/fr\/wp-json\/wp\/v2\/types\/page"}],"author":[{"embeddable":true,"href":"https:\/\/mmtech.com.pl\/fr\/wp-json\/wp\/v2\/users\/1"}],"replies":[{"embeddable":true,"href":"https:\/\/mmtech.com.pl\/fr\/wp-json\/wp\/v2\/comments?post=654"}],"version-history":[{"count":22,"href":"https:\/\/mmtech.com.pl\/fr\/wp-json\/wp\/v2\/pages\/654\/revisions"}],"predecessor-version":[{"id":3173,"href":"https:\/\/mmtech.com.pl\/fr\/wp-json\/wp\/v2\/pages\/654\/revisions\/3173"}],"wp:attachment":[{"href":"https:\/\/mmtech.com.pl\/fr\/wp-json\/wp\/v2\/media?parent=654"}],"curies":[{"name":"wp","href":"https:\/\/api.w.org\/{rel}","templated":true}]}}