{"id":607,"date":"2019-06-03T09:23:53","date_gmt":"2019-06-03T07:23:53","guid":{"rendered":"https:\/\/mmtech.com.pl\/?page_id=607"},"modified":"2021-10-29T22:18:40","modified_gmt":"2021-10-29T20:18:40","slug":"kba-metronic","status":"publish","type":"page","link":"https:\/\/mmtech.com.pl\/fr\/kba-metronic\/","title":{"rendered":"Koenig &amp; Bauer (KBA) - Encres et solvants INK-JET"},"content":{"rendered":"<p><img loading=\"lazy\" class=\"aligncenter wp-image-1410\" src=\"https:\/\/mmtech.com.pl\/wp-content\/uploads\/2021\/10\/KBA-Metronic-Koenig-Bauer-300x138.jpg\" alt=\"\" width=\"1086\" height=\"500\" srcset=\"https:\/\/mmtech.com.pl\/wp-content\/uploads\/2021\/10\/KBA-Metronic-Koenig-Bauer-300x138.jpg 300w, https:\/\/mmtech.com.pl\/wp-content\/uploads\/2021\/10\/KBA-Metronic-Koenig-Bauer-768x354.jpg 768w, https:\/\/mmtech.com.pl\/wp-content\/uploads\/2021\/10\/KBA-Metronic-Koenig-Bauer-1024x471.jpg 1024w, https:\/\/mmtech.com.pl\/wp-content\/uploads\/2021\/10\/KBA-Metronic-Koenig-Bauer-780x359.jpg 780w, https:\/\/mmtech.com.pl\/wp-content\/uploads\/2021\/10\/KBA-Metronic-Koenig-Bauer-1120x516.jpg 1120w\" sizes=\"(max-width: 1086px) 100vw, 1086px\" \/><\/p>\n<p style=\"text-align: center;\"><strong><span style=\"font-size: 18pt; font-family: arial, helvetica, sans-serif;\">Atram<\/span><\/strong><strong><span style=\"font-size: 18pt; font-family: arial, helvetica, sans-serif;\">pour l'utilisation dans les imprimantes Koenig &amp; Bauer<\/span><\/strong><\/p>\n<table style=\"border-collapse: collapse; width: 100%;\">\n<tbody>\n<tr>\n<td style=\"width: 20%;\"><span style=\"font-family: arial, helvetica, sans-serif;\"><strong><span style=\"font-size: 14pt;\">Encre<\/span><\/strong><\/span><\/td>\n<td style=\"width: 20%;\"><span style=\"font-family: arial, helvetica, sans-serif;\"><strong><span style=\"font-size: 14pt;\">OEM<\/span><\/strong><\/span><\/td>\n<td style=\"width: 20%;\"><span style=\"font-family: arial, helvetica, sans-serif;\"><strong><span style=\"font-size: 14pt;\">Nom de l'OEM<\/span><\/strong><\/span><\/td>\n<td style=\"width: 20%;\"><span style=\"font-family: arial, helvetica, sans-serif;\"><strong><span style=\"font-size: 14pt;\">Couleur<\/span><\/strong><\/span><\/td>\n<td style=\"width: 20%;\"><span style=\"font-family: arial, helvetica, sans-serif;\"><strong><span style=\"font-size: 14pt;\">Capacit\u00e9 de la bouteille<\/span><\/strong><\/span><\/td>\n<\/tr>\n<\/tbody>\n<\/table>\n<hr \/>\n<table style=\"border-collapse: collapse; width: 100%;\">\n<tbody>\n<tr>\n<td style=\"width: 20%;\"><span style=\"font-size: 14pt; font-family: arial, helvetica, sans-serif;\">AJ 50.24<\/span><\/td>\n<td style=\"width: 20%;\"><span style=\"font-size: 14pt; font-family: arial, helvetica, sans-serif;\">Koenig &amp; Bauer<\/span><\/td>\n<td style=\"width: 20%;\"><span style=\"font-size: 14pt; font-family: arial, helvetica, sans-serif;\">1006.8224<\/span><\/td>\n<td style=\"width: 20%;\"><span style=\"font-size: 14pt; font-family: arial, helvetica, sans-serif;\">Rouge<\/span><\/td>\n<td style=\"width: 20%;\"><span style=\"font-size: 14pt; font-family: arial, helvetica, sans-serif;\">1 litre<\/span><\/td>\n<\/tr>\n<\/tbody>\n<\/table>\n<hr \/>\n<table style=\"border-collapse: collapse; width: 100%; height: 27px;\">\n<tbody>\n<tr style=\"height: 27px;\">\n<td style=\"width: 20%; height: 27px;\"><span style=\"font-size: 14pt; font-family: arial, helvetica, sans-serif;\">AJ 80.15<\/span><\/td>\n<td style=\"width: 20%; height: 27px;\"><span style=\"font-size: 14pt; font-family: arial, helvetica, sans-serif;\">Koenig &amp; Bauer<\/span><\/td>\n<td style=\"width: 20%; height: 27px;\"><span style=\"font-size: 14pt; font-family: arial, helvetica, sans-serif;\">1006.8226<\/span><\/td>\n<td style=\"width: 20%; height: 27px;\"><span style=\"font-size: 14pt; font-family: arial, helvetica, sans-serif;\">Noir<\/span><\/td>\n<td style=\"width: 20%; height: 27px;\"><span style=\"font-size: 14pt; font-family: arial, helvetica, sans-serif;\">1 litre<\/span><\/td>\n<\/tr>\n<\/tbody>\n<\/table>\n<hr \/>\n<table style=\"border-collapse: collapse; width: 100%;\">\n<tbody>\n<tr>\n<td style=\"width: 20%;\"><span style=\"font-size: 14pt; font-family: arial, helvetica, sans-serif;\">AJ 60.20<\/span><\/td>\n<td style=\"width: 20%;\"><span style=\"font-size: 14pt; font-family: arial, helvetica, sans-serif;\">Koenig &amp; Bauer<\/span><\/td>\n<td style=\"width: 20%;\"><span style=\"font-size: 14pt; font-family: arial, helvetica, sans-serif;\">1006.8234<\/span><\/td>\n<td style=\"width: 20%;\"><span style=\"font-size: 14pt; font-family: arial, helvetica, sans-serif;\">Pigment blanc<\/span><\/td>\n<td style=\"width: 20%;\"><span style=\"font-size: 14pt; font-family: arial, helvetica, sans-serif;\">1 litre<\/span><\/td>\n<\/tr>\n<\/tbody>\n<\/table>\n<hr \/>\n<table style=\"border-collapse: collapse; width: 100%;\">\n<tbody>\n<tr>\n<td style=\"width: 20%;\"><span style=\"font-size: 14pt; font-family: arial, helvetica, sans-serif;\">AJ 80.35<\/span><\/td>\n<td style=\"width: 20%;\"><span style=\"font-size: 14pt; font-family: arial, helvetica, sans-serif;\">Koenig &amp; Bauer<\/span><\/td>\n<td style=\"width: 20%;\"><span style=\"font-size: 14pt; font-family: arial, helvetica, sans-serif;\">1006.8235<\/span><\/td>\n<td style=\"width: 20%;\"><span style=\"font-size: 14pt; font-family: arial, helvetica, sans-serif;\">Jaune<\/span><\/td>\n<td style=\"width: 20%;\"><span style=\"font-size: 14pt; font-family: arial, helvetica, sans-serif;\">1 litre<\/span><\/td>\n<\/tr>\n<\/tbody>\n<\/table>\n<hr \/>\n<p>&nbsp;<\/p>\n<p style=\"text-align: center;\"><strong><span style=\"font-size: 18pt; font-family: arial, helvetica, sans-serif;\">Solvants \u00e0 utiliser dans les imprimantes Koenig &amp; Bauer<\/span><\/strong><\/p>\n<hr \/>\n<table style=\"border-collapse: collapse; width: 100%;\">\n<tbody>\n<tr>\n<td style=\"width: 20%;\"><span style=\"font-family: arial, helvetica, sans-serif;\"><strong><span style=\"font-size: 14pt;\">Solvant<\/span><\/strong><\/span><\/td>\n<td style=\"width: 20%;\"><span style=\"font-family: arial, helvetica, sans-serif;\"><strong><span style=\"font-size: 14pt;\">OEM<\/span><\/strong><\/span><\/td>\n<td style=\"width: 20%;\"><span style=\"font-family: arial, helvetica, sans-serif;\"><strong><span style=\"font-size: 14pt;\">Nom de l'OEM<\/span><\/strong><\/span><\/td>\n<td style=\"width: 20%;\"><span style=\"font-family: arial, helvetica, sans-serif;\"><strong><span style=\"font-size: 14pt;\">Couleur<\/span><\/strong><\/span><\/td>\n<td style=\"width: 20%;\"><span style=\"font-family: arial, helvetica, sans-serif;\"><strong><span style=\"font-size: 14pt;\">Capacit\u00e9 de la bouteille<\/span><\/strong><\/span><\/td>\n<\/tr>\n<\/tbody>\n<\/table>\n<hr \/>\n<table style=\"border-collapse: collapse; width: 100%;\">\n<tbody>\n<tr>\n<td style=\"width: 20%;\"><span style=\"font-size: 14pt; font-family: arial, helvetica, sans-serif;\">AJ 30.06<\/span><\/td>\n<td style=\"width: 20%;\"><span style=\"font-size: 14pt; font-family: arial, helvetica, sans-serif;\">Koenig &amp; Bauer<\/span><\/td>\n<td style=\"width: 20%;\"><span style=\"font-size: 14pt; font-family: arial, helvetica, sans-serif;\">1006.8306<\/span><\/td>\n<td style=\"width: 20%;\"><span style=\"font-size: 14pt; font-family: arial, helvetica, sans-serif;\">Incolore<\/span><\/td>\n<td style=\"width: 20%;\"><span style=\"font-size: 14pt; font-family: arial, helvetica, sans-serif;\">1 litre<\/span><\/td>\n<\/tr>\n<\/tbody>\n<\/table>\n<hr \/>\n<table style=\"border-collapse: collapse; width: 100%;\">\n<tbody>\n<tr>\n<td style=\"width: 20%;\"><span style=\"font-size: 14pt; font-family: arial, helvetica, sans-serif;\">AJ 30.12<\/span><\/td>\n<td style=\"width: 20%;\"><span style=\"font-size: 14pt; font-family: arial, helvetica, sans-serif;\">Koenig &amp; Bauer<\/span><\/td>\n<td style=\"width: 20%;\"><span style=\"font-size: 14pt; font-family: arial, helvetica, sans-serif;\">1006.8312<\/span><\/td>\n<td style=\"width: 20%;\"><span style=\"font-size: 14pt; font-family: arial, helvetica, sans-serif;\">Incolore<\/span><\/td>\n<td style=\"width: 20%;\"><span style=\"font-size: 14pt; font-family: arial, helvetica, sans-serif;\">1 litre<\/span><\/td>\n<\/tr>\n<\/tbody>\n<\/table>\n<hr \/>\n<table style=\"border-collapse: collapse; width: 100%;\">\n<tbody>\n<tr>\n<td style=\"width: 20%;\"><span style=\"font-size: 14pt; font-family: arial, helvetica, sans-serif;\">AJ 30.13<\/span><\/td>\n<td style=\"width: 20%;\"><span style=\"font-size: 14pt; font-family: arial, helvetica, sans-serif;\">Koenig &amp; Bauer<\/span><\/td>\n<td style=\"width: 20%;\"><span style=\"font-size: 14pt; font-family: arial, helvetica, sans-serif;\">1006.8313<\/span><\/td>\n<td style=\"width: 20%;\"><span style=\"font-size: 14pt; font-family: arial, helvetica, sans-serif;\">Incolore<\/span><\/td>\n<td style=\"width: 20%;\"><span style=\"font-size: 14pt; font-family: arial, helvetica, sans-serif;\">1 litre<\/span><\/td>\n<\/tr>\n<\/tbody>\n<\/table>\n<hr \/>\n<table style=\"border-collapse: collapse; width: 100%;\">\n<tbody>\n<tr>\n<td style=\"width: 20%;\"><span style=\"font-size: 14pt; font-family: arial, helvetica, sans-serif;\">AJ 30.20<\/span><\/td>\n<td style=\"width: 20%;\"><span style=\"font-size: 14pt; font-family: arial, helvetica, sans-serif;\">Koenig &amp; Bauer<\/span><\/td>\n<td style=\"width: 20%;\"><span style=\"font-size: 14pt; font-family: arial, helvetica, sans-serif;\">1006.8320<\/span><\/td>\n<td style=\"width: 20%;\"><span style=\"font-size: 14pt; font-family: arial, helvetica, sans-serif;\">Incolore<\/span><\/td>\n<td style=\"width: 20%;\"><span style=\"font-size: 14pt; font-family: arial, helvetica, sans-serif;\">1 litre<\/span><\/td>\n<\/tr>\n<\/tbody>\n<\/table>\n<hr \/>\n<table style=\"border-collapse: collapse; width: 100%;\">\n<tbody>\n<tr>\n<td style=\"width: 20%;\"><span style=\"font-size: 14pt; font-family: arial, helvetica, sans-serif;\">AJ 30.29<\/span><\/td>\n<td style=\"width: 20%;\"><span style=\"font-size: 14pt; font-family: arial, helvetica, sans-serif;\">Koenig &amp; Bauer<\/span><\/td>\n<td style=\"width: 20%;\"><span style=\"font-size: 14pt; font-family: arial, helvetica, sans-serif;\">1006.8329<\/span><\/td>\n<td style=\"width: 20%;\"><span style=\"font-size: 14pt; font-family: arial, helvetica, sans-serif;\">Incolore<\/span><\/td>\n<td style=\"width: 20%;\"><span style=\"font-size: 14pt; font-family: arial, helvetica, sans-serif;\">1 litre<\/span><\/td>\n<\/tr>\n<\/tbody>\n<\/table>\n<hr \/>\n<table style=\"border-collapse: collapse; width: 100%;\">\n<tbody>\n<tr>\n<td style=\"width: 20%;\"><span style=\"font-size: 14pt; font-family: arial, helvetica, sans-serif;\">AJ 30.31<\/span><\/td>\n<td style=\"width: 20%;\"><span style=\"font-size: 14pt; font-family: arial, helvetica, sans-serif;\">Koenig &amp; Bauer<\/span><\/td>\n<td style=\"width: 20%;\"><span style=\"font-size: 14pt; font-family: arial, helvetica, sans-serif;\">1006.8331<\/span><\/td>\n<td style=\"width: 20%;\"><span style=\"font-size: 14pt; font-family: arial, helvetica, sans-serif;\">Incolore<\/span><\/td>\n<td style=\"width: 20%;\"><span style=\"font-size: 14pt; font-family: arial, helvetica, sans-serif;\">1 litre<\/span><\/td>\n<\/tr>\n<\/tbody>\n<\/table>\n<hr \/>\n<table style=\"border-collapse: collapse; width: 100%;\">\n<tbody>\n<tr>\n<td style=\"width: 20%;\"><span style=\"font-size: 14pt; font-family: arial, helvetica, sans-serif;\">AJ 30.33<\/span><\/td>\n<td style=\"width: 20%;\"><span style=\"font-size: 14pt; font-family: arial, helvetica, sans-serif;\">Koenig &amp; Bauer<\/span><\/td>\n<td style=\"width: 20%;\"><span style=\"font-size: 14pt; font-family: arial, helvetica, sans-serif;\">1006.8333<\/span><\/td>\n<td style=\"width: 20%;\"><span style=\"font-size: 14pt; font-family: arial, helvetica, sans-serif;\">Incolore<\/span><\/td>\n<td style=\"width: 20%;\"><span style=\"font-size: 14pt; font-family: arial, helvetica, sans-serif;\">1 litre<\/span><\/td>\n<\/tr>\n<\/tbody>\n<\/table>\n<hr \/>\n<table style=\"border-collapse: collapse; width: 100%;\">\n<tbody>\n<tr>\n<td style=\"width: 20%;\"><span style=\"font-size: 14pt; font-family: arial, helvetica, sans-serif;\">AJ 38.93<\/span><\/td>\n<td style=\"width: 20%;\"><span style=\"font-size: 14pt; font-family: arial, helvetica, sans-serif;\">Koenig &amp; Bauer<\/span><\/td>\n<td style=\"width: 20%;\"><span style=\"font-size: 14pt; font-family: arial, helvetica, sans-serif;\">1038.5393<\/span><\/td>\n<td style=\"width: 20%;\"><span style=\"font-size: 14pt; font-family: arial, helvetica, sans-serif;\">Incolore<\/span><\/td>\n<td style=\"width: 20%;\"><span style=\"font-size: 14pt; font-family: arial, helvetica, sans-serif;\">1 litre<\/span><\/td>\n<\/tr>\n<\/tbody>\n<\/table>\n<hr \/>\n<table style=\"border-collapse: collapse; width: 100%;\">\n<tbody>\n<tr>\n<td style=\"width: 20%;\"><span style=\"font-size: 14pt; font-family: arial, helvetica, sans-serif;\">AJ 38.35<\/span><\/td>\n<td style=\"width: 20%;\"><span style=\"font-size: 14pt; font-family: arial, helvetica, sans-serif;\">Koenig &amp; Bauer<\/span><\/td>\n<td style=\"width: 20%;\"><span style=\"font-size: 14pt; font-family: arial, helvetica, sans-serif;\">1038.7935<\/span><\/td>\n<td style=\"width: 20%;\"><span style=\"font-size: 14pt; font-family: arial, helvetica, sans-serif;\">Incolore<\/span><\/td>\n<td style=\"width: 20%;\"><span style=\"font-size: 14pt; font-family: arial, helvetica, sans-serif;\">1 litre<\/span><\/td>\n<\/tr>\n<\/tbody>\n<\/table>\n<hr \/>\n<table style=\"border-collapse: collapse; width: 100%;\">\n<tbody>\n<tr>\n<td style=\"width: 20%;\"><span style=\"font-size: 14pt; font-family: arial, helvetica, sans-serif;\">AJ 38.42<\/span><\/td>\n<td style=\"width: 20%;\"><span style=\"font-size: 14pt; font-family: arial, helvetica, sans-serif;\">Koenig &amp; Bauer<\/span><\/td>\n<td style=\"width: 20%;\"><span style=\"font-size: 14pt; font-family: arial, helvetica, sans-serif;\">1038.8342<\/span><\/td>\n<td style=\"width: 20%;\"><span style=\"font-size: 14pt; font-family: arial, helvetica, sans-serif;\">Incolore<\/span><\/td>\n<td style=\"width: 20%;\"><span style=\"font-size: 14pt; font-family: arial, helvetica, sans-serif;\">1 litre<\/span><\/td>\n<\/tr>\n<\/tbody>\n<\/table>\n<hr \/>\n<table style=\"border-collapse: collapse; width: 100%;\">\n<tbody>\n<tr>\n<td style=\"width: 20%;\"><span style=\"font-size: 14pt; font-family: arial, helvetica, sans-serif;\">AJ 39.70<\/span><\/td>\n<td style=\"width: 20%;\"><span style=\"font-size: 14pt; font-family: arial, helvetica, sans-serif;\">Koenig &amp; Bauer<\/span><\/td>\n<td style=\"width: 20%;\"><span style=\"font-size: 14pt; font-family: arial, helvetica, sans-serif;\">1039.3570<\/span><\/td>\n<td style=\"width: 20%;\"><span style=\"font-size: 14pt; font-family: arial, helvetica, sans-serif;\">Incolore<\/span><\/td>\n<td style=\"width: 20%;\"><span style=\"font-size: 14pt; font-family: arial, helvetica, sans-serif;\">1 litre<\/span><\/td>\n<\/tr>\n<\/tbody>\n<\/table>\n<hr \/>\n<table style=\"border-collapse: collapse; width: 100%;\">\n<tbody>\n<tr>\n<td style=\"width: 20%;\"><span style=\"font-size: 14pt; font-family: arial, helvetica, sans-serif;\">AJ 39.72<\/span><\/td>\n<td style=\"width: 20%;\"><span style=\"font-size: 14pt; font-family: arial, helvetica, sans-serif;\">Koenig &amp; Bauer<\/span><\/td>\n<td style=\"width: 20%;\"><span style=\"font-size: 14pt; font-family: arial, helvetica, sans-serif;\">1039.5172<\/span><\/td>\n<td style=\"width: 20%;\"><span style=\"font-size: 14pt; font-family: arial, helvetica, sans-serif;\">Incolore<\/span><\/td>\n<td style=\"width: 20%;\"><span style=\"font-size: 14pt; font-family: arial, helvetica, sans-serif;\">1 litre<\/span><\/td>\n<\/tr>\n<\/tbody>\n<\/table>\n<hr \/>\n<table style=\"border-collapse: collapse; width: 100%; height: 27px;\">\n<tbody>\n<tr style=\"height: 27px;\">\n<td style=\"width: 20%; height: 27px;\"><span style=\"font-size: 14pt; font-family: arial, helvetica, sans-serif;\">AJ 39.03<\/span><\/td>\n<td style=\"width: 20%; height: 27px;\"><span style=\"font-size: 14pt; font-family: arial, helvetica, sans-serif;\">Koenig &amp; Bauer<\/span><\/td>\n<td style=\"width: 20%; height: 27px;\"><span style=\"font-size: 14pt; font-family: arial, helvetica, sans-serif;\">1039.8903<\/span><\/td>\n<td style=\"width: 20%; height: 27px;\"><span style=\"font-size: 14pt; font-family: arial, helvetica, sans-serif;\">Incolore<\/span><\/td>\n<td style=\"width: 20%; height: 27px;\"><span style=\"font-size: 14pt; font-family: arial, helvetica, sans-serif;\">1 litre<\/span><\/td>\n<\/tr>\n<\/tbody>\n<\/table>\n<hr \/>\n<table style=\"border-collapse: collapse; width: 100%;\">\n<tbody>\n<tr>\n<td style=\"width: 20%;\"><span style=\"font-size: 14pt; font-family: arial, helvetica, sans-serif;\">AJ 40.67<\/span><\/td>\n<td style=\"width: 20%;\"><span style=\"font-size: 14pt; font-family: arial, helvetica, sans-serif;\">Koenig &amp; Bauer<\/span><\/td>\n<td style=\"width: 20%;\"><span style=\"font-size: 14pt; font-family: arial, helvetica, sans-serif;\">1040.0467<\/span><\/td>\n<td style=\"width: 20%;\"><span style=\"font-size: 14pt; font-family: arial, helvetica, sans-serif;\">Incolore<\/span><\/td>\n<td style=\"width: 20%;\"><span style=\"font-size: 14pt; font-family: arial, helvetica, sans-serif;\">1 litre<\/span><\/td>\n<\/tr>\n<\/tbody>\n<\/table>\n<hr \/>\n<table style=\"border-collapse: collapse; width: 100%;\">\n<tbody>\n<tr>\n<td style=\"width: 20%;\"><span style=\"font-size: 14pt; font-family: arial, helvetica, sans-serif;\">AJ 40.84<\/span><\/td>\n<td style=\"width: 20%;\"><span style=\"font-size: 14pt; font-family: arial, helvetica, sans-serif;\">Koenig &amp; Bauer<\/span><\/td>\n<td style=\"width: 20%;\"><span style=\"font-size: 14pt; font-family: arial, helvetica, sans-serif;\">1040.0484<\/span><\/td>\n<td style=\"width: 20%;\"><span style=\"font-size: 14pt; font-family: arial, helvetica, sans-serif;\">Incolore<\/span><\/td>\n<td style=\"width: 20%;\"><span style=\"font-size: 14pt; font-family: arial, helvetica, sans-serif;\">1 litre<\/span><\/td>\n<\/tr>\n<\/tbody>\n<\/table>\n<hr \/>\n<p>&nbsp;<\/p>\n<p><span style=\"font-family: arial, helvetica, sans-serif; font-size: 12pt;\">Chaque encre et solvant pour imprimante Koenig &amp; Bauer a \u00e9t\u00e9 obtenu et fabriqu\u00e9 \u00e0 partir de mati\u00e8res premi\u00e8res de la plus haute qualit\u00e9 pour r\u00e9pondre aux exigences de la technologie \u00e0 jet d'encre continu. Si vous utilisez des imprimantes <strong>alphaJET : EVO, INTO, PICO, TEMPO ou DUO <\/strong>et que vous souhaitez r\u00e9duire consid\u00e9rablement vos co\u00fbts de marquage, vous constaterez que nos encres et nos solvants offrent une qualit\u00e9 d'impression optimale qui va de pair avec des \u00e9conomies.\u00a0<\/span><\/p>\n<p><span style=\"font-family: arial, helvetica, sans-serif; font-size: 12pt;\">Les consommables pour imprimantes Koenig &amp; Bauer sont livr\u00e9s dans des bouteilles de 1 litre. Bien entendu, chez MMTech, les bouteilles ont la m\u00eame capacit\u00e9 et le m\u00eame diam\u00e8tre de filetage.\u00a0\u00a0<\/span><\/p>\n<p><span style=\"font-family: arial, helvetica, sans-serif; font-size: 12pt;\">Nous \u00e9largissons constamment notre base d'approvisionnement. Si vous ne voyez pas les encres et les solvants qui vous int\u00e9ressent actuellement, veuillez nous contacter et nous demander s'ils sont disponibles.\u00a0<\/span><\/p>","protected":false},"excerpt":{"rendered":"<p>Atramenty do stosowania w drukarkach Koenig &amp; Bauer Atrament OEM Nazwa OEM Kolor Pojemno\u015b\u0107 butelki AJ 50.24 Koenig &amp; Bauer 1006.8224 Czerwony 1 litr AJ&#8230;<\/p>\n<p class=\"readmore\"><a class=\"more-btn\" href=\"https:\/\/mmtech.com.pl\/fr\/kba-metronic\/\">Lire la suite<\/a><\/p>","protected":false},"author":1,"featured_media":0,"parent":0,"menu_order":0,"comment_status":"closed","ping_status":"closed","template":"","meta":{"_monsterinsights_skip_tracking":false,"_monsterinsights_sitenote_active":false,"_monsterinsights_sitenote_note":"","_monsterinsights_sitenote_category":0},"_links":{"self":[{"href":"https:\/\/mmtech.com.pl\/fr\/wp-json\/wp\/v2\/pages\/607"}],"collection":[{"href":"https:\/\/mmtech.com.pl\/fr\/wp-json\/wp\/v2\/pages"}],"about":[{"href":"https:\/\/mmtech.com.pl\/fr\/wp-json\/wp\/v2\/types\/page"}],"author":[{"embeddable":true,"href":"https:\/\/mmtech.com.pl\/fr\/wp-json\/wp\/v2\/users\/1"}],"replies":[{"embeddable":true,"href":"https:\/\/mmtech.com.pl\/fr\/wp-json\/wp\/v2\/comments?post=607"}],"version-history":[{"count":66,"href":"https:\/\/mmtech.com.pl\/fr\/wp-json\/wp\/v2\/pages\/607\/revisions"}],"predecessor-version":[{"id":1414,"href":"https:\/\/mmtech.com.pl\/fr\/wp-json\/wp\/v2\/pages\/607\/revisions\/1414"}],"wp:attachment":[{"href":"https:\/\/mmtech.com.pl\/fr\/wp-json\/wp\/v2\/media?parent=607"}],"curies":[{"name":"wp","href":"https:\/\/api.w.org\/{rel}","templated":true}]}}