{"id":597,"date":"2019-05-31T23:32:27","date_gmt":"2019-05-31T21:32:27","guid":{"rendered":"https:\/\/mmtech.com.pl\/?page_id=597"},"modified":"2026-04-02T15:43:14","modified_gmt":"2026-04-02T13:43:14","slug":"leibinger","status":"publish","type":"page","link":"https:\/\/mmtech.com.pl\/fr\/leibinger\/","title":{"rendered":"Leibinger - Encres et solvants INK-JET"},"content":{"rendered":"<p style=\"text-align: center;\"><strong><span style=\"font-size: 18pt; font-family: arial, helvetica, sans-serif;\"><img loading=\"lazy\" class=\"wp-image-3152 aligncenter\" src=\"https:\/\/mmtech.com.pl\/wp-content\/uploads\/2022\/11\/Leibinger-300x147.jpg\" alt=\"\" width=\"1090\" height=\"534\" srcset=\"https:\/\/mmtech.com.pl\/wp-content\/uploads\/2022\/11\/Leibinger-300x147.jpg 300w, https:\/\/mmtech.com.pl\/wp-content\/uploads\/2022\/11\/Leibinger-1024x502.jpg 1024w, https:\/\/mmtech.com.pl\/wp-content\/uploads\/2022\/11\/Leibinger-768x377.jpg 768w, https:\/\/mmtech.com.pl\/wp-content\/uploads\/2022\/11\/Leibinger-1536x753.jpg 1536w, https:\/\/mmtech.com.pl\/wp-content\/uploads\/2022\/11\/Leibinger-780x382.jpg 780w, https:\/\/mmtech.com.pl\/wp-content\/uploads\/2022\/11\/Leibinger-1120x549.jpg 1120w, https:\/\/mmtech.com.pl\/wp-content\/uploads\/2022\/11\/Leibinger.jpg 1950w\" sizes=\"(max-width: 1090px) 100vw, 1090px\" \/><\/span><\/strong><\/p>\n<p style=\"text-align: center;\"><strong><span style=\"font-size: 18pt; font-family: arial, helvetica, sans-serif;\">Encres pour imprimantes Leibinger<\/span><\/strong><\/p>\n<table style=\"border-collapse: collapse; width: 100%;\">\n<tbody>\n<tr>\n<td style=\"width: 20%;\"><span style=\"font-family: arial, helvetica, sans-serif;\"><strong><span style=\"font-size: 14pt;\">Encre<\/span><\/strong><\/span><\/td>\n<td style=\"width: 20%;\"><span style=\"font-family: arial, helvetica, sans-serif;\"><strong><span style=\"font-size: 14pt;\">OEM<\/span><\/strong><\/span><\/td>\n<td style=\"width: 20%;\"><span style=\"font-family: arial, helvetica, sans-serif;\"><strong><span style=\"font-size: 14pt;\">Nom de l'OEM<\/span><\/strong><\/span><\/td>\n<td style=\"width: 20%;\"><span style=\"font-family: arial, helvetica, sans-serif;\"><strong><span style=\"font-size: 14pt;\">Couleur<\/span><\/strong><\/span><\/td>\n<td style=\"width: 20%;\"><span style=\"font-family: arial, helvetica, sans-serif;\"><strong><span style=\"font-size: 14pt;\">Capacit\u00e9 de la bouteille<\/span><\/strong><\/span><\/td>\n<\/tr>\n<\/tbody>\n<\/table>\n<hr \/>\n<table style=\"border-collapse: collapse; width: 100%;\">\n<tbody>\n<tr>\n<td style=\"width: 20%;\"><span style=\"font-size: 14pt; font-family: arial, helvetica, sans-serif;\">70000-00030<\/span><\/td>\n<td style=\"width: 20%;\"><span style=\"font-size: 14pt; font-family: arial, helvetica, sans-serif;\">Leibinger<\/span><\/td>\n<td style=\"width: 20%;\"><span style=\"font-size: 14pt; font-family: arial, helvetica, sans-serif;\">70000-00030 \/\u00a0<\/span><span style=\"font-size: 14pt; font-family: arial, helvetica, sans-serif;\">ASN1030<\/span><\/td>\n<td style=\"width: 20%;\"><span style=\"font-size: 14pt; font-family: arial, helvetica, sans-serif;\">Noir<\/span><\/td>\n<td style=\"width: 20%;\"><span style=\"font-size: 14pt; font-family: arial, helvetica, sans-serif;\">950 ml<\/span><\/td>\n<\/tr>\n<\/tbody>\n<\/table>\n<hr \/>\n<table style=\"border-collapse: collapse; width: 100%;\">\n<tbody>\n<tr>\n<td style=\"width: 20%;\"><span style=\"font-size: 14pt; font-family: arial, helvetica, sans-serif;\">70000-00126<\/span><\/td>\n<td style=\"width: 20%;\"><span style=\"font-size: 14pt; font-family: arial, helvetica, sans-serif;\">Leibinger<\/span><\/td>\n<td style=\"width: 20%;\"><span style=\"font-size: 14pt; font-family: arial, helvetica, sans-serif;\">70000-00126<\/span><\/td>\n<td style=\"width: 20%;\"><span style=\"font-size: 14pt; font-family: arial, helvetica, sans-serif;\">Noir<\/span><\/td>\n<td style=\"width: 20%;\"><span style=\"font-size: 14pt; font-family: arial, helvetica, sans-serif;\">950 ml<\/span><\/td>\n<\/tr>\n<\/tbody>\n<\/table>\n<hr \/>\n<table style=\"border-collapse: collapse; width: 100%;\">\n<tbody>\n<tr>\n<td style=\"width: 20%;\"><span style=\"font-size: 14pt; font-family: arial, helvetica, sans-serif;\">70000-00139<\/span><\/td>\n<td style=\"width: 20%;\"><span style=\"font-size: 14pt; font-family: arial, helvetica, sans-serif;\">Leibinger<\/span><\/td>\n<td style=\"width: 20%;\"><span style=\"font-size: 14pt; font-family: arial, helvetica, sans-serif;\">70000-00139<\/span><\/td>\n<td style=\"width: 20%;\"><span style=\"font-size: 14pt; font-family: arial, helvetica, sans-serif;\">Noir<\/span><\/td>\n<td style=\"width: 20%;\"><span style=\"font-size: 14pt; font-family: arial, helvetica, sans-serif;\">950 ml<\/span><\/td>\n<\/tr>\n<\/tbody>\n<\/table>\n<hr \/>\n<table style=\"border-collapse: collapse; width: 100%;\">\n<tbody>\n<tr>\n<td style=\"width: 20%;\"><span style=\"font-size: 14pt; font-family: arial, helvetica, sans-serif;\">70000-00141<\/span><\/td>\n<td style=\"width: 20%;\"><span style=\"font-size: 14pt; font-family: arial, helvetica, sans-serif;\">Leibinger<\/span><\/td>\n<td style=\"width: 20%;\"><span style=\"font-size: 14pt; font-family: arial, helvetica, sans-serif;\">70000-00141<\/span><\/td>\n<td style=\"width: 20%;\"><span style=\"font-size: 14pt; font-family: arial, helvetica, sans-serif;\">Noir<\/span><\/td>\n<td style=\"width: 20%;\"><span style=\"font-size: 14pt; font-family: arial, helvetica, sans-serif;\">950 ml<\/span><\/td>\n<\/tr>\n<\/tbody>\n<\/table>\n<hr \/>\n<table style=\"border-collapse: collapse; width: 100%;\">\n<tbody>\n<tr>\n<td style=\"width: 20%;\"><span style=\"font-size: 14pt; font-family: arial, helvetica, sans-serif;\">70000-00156<\/span><\/td>\n<td style=\"width: 20%;\"><span style=\"font-size: 14pt; font-family: arial, helvetica, sans-serif;\">Leibinger<\/span><\/td>\n<td style=\"width: 20%;\"><span style=\"font-size: 14pt; font-family: arial, helvetica, sans-serif;\">70000-00156<\/span><\/td>\n<td style=\"width: 20%;\"><span style=\"font-size: 14pt; font-family: arial, helvetica, sans-serif;\">Noir<\/span><\/td>\n<td style=\"width: 20%;\"><span style=\"font-size: 14pt; font-family: arial, helvetica, sans-serif;\">950 ml<\/span><\/td>\n<\/tr>\n<\/tbody>\n<\/table>\n<hr \/>\n<table style=\"border-collapse: collapse; width: 100%;\">\n<tbody>\n<tr>\n<td style=\"width: 20%;\"><span style=\"font-size: 14pt; font-family: arial, helvetica, sans-serif;\">70000-00801<\/span><\/td>\n<td style=\"width: 20%;\"><span style=\"font-size: 14pt; font-family: arial, helvetica, sans-serif;\">Leibinger<\/span><\/td>\n<td style=\"width: 20%;\"><span style=\"font-size: 14pt; font-family: arial, helvetica, sans-serif;\">70000-00801<\/span><\/td>\n<td style=\"width: 20%;\"><span style=\"font-size: 14pt; font-family: arial, helvetica, sans-serif;\">Noir<\/span><\/td>\n<td style=\"width: 20%;\"><span style=\"font-size: 14pt; font-family: arial, helvetica, sans-serif;\">950 ml<\/span><\/td>\n<\/tr>\n<\/tbody>\n<\/table>\n<hr \/>\n<table style=\"border-collapse: collapse; width: 100%;\">\n<tbody>\n<tr>\n<td style=\"width: 20%;\"><span style=\"font-size: 14pt; font-family: arial, helvetica, sans-serif;\">74000-00105<\/span><\/td>\n<td style=\"width: 20%;\"><span style=\"font-size: 14pt; font-family: arial, helvetica, sans-serif;\">Leibinger<\/span><\/td>\n<td style=\"width: 20%;\"><span style=\"font-size: 14pt; font-family: arial, helvetica, sans-serif;\">74000-00105 \/ AJS1405<\/span><\/td>\n<td style=\"width: 20%;\"><span style=\"font-size: 14pt; font-family: arial, helvetica, sans-serif;\">Jaune<\/span><\/td>\n<td style=\"width: 20%;\"><span style=\"font-size: 14pt; font-family: arial, helvetica, sans-serif;\">950 ml<\/span><\/td>\n<\/tr>\n<\/tbody>\n<\/table>\n<hr \/>\n<table style=\"border-collapse: collapse; width: 100%;\">\n<tbody>\n<tr>\n<td style=\"width: 20%;\"><span style=\"font-size: 14pt; font-family: arial, helvetica, sans-serif;\">76000-00103<\/span><\/td>\n<td style=\"width: 20%;\"><span style=\"font-size: 14pt; font-family: arial, helvetica, sans-serif;\">Leibinger<\/span><\/td>\n<td style=\"width: 20%;\"><span style=\"font-size: 14pt; font-family: arial, helvetica, sans-serif;\">76000-00103<\/span><\/td>\n<td style=\"width: 20%;\"><span style=\"font-size: 14pt; font-family: arial, helvetica, sans-serif;\">Transparent UV<\/span><\/td>\n<td style=\"width: 20%;\"><span style=\"font-size: 14pt; font-family: arial, helvetica, sans-serif;\">950 ml<\/span><\/td>\n<\/tr>\n<\/tbody>\n<\/table>\n<hr \/>\n<table style=\"border-collapse: collapse; width: 100%;\">\n<tbody>\n<tr>\n<td style=\"width: 20%;\"><span style=\"font-size: 14pt; font-family: arial, helvetica, sans-serif;\">76000-00110<\/span><\/td>\n<td style=\"width: 20%;\"><span style=\"font-size: 14pt; font-family: arial, helvetica, sans-serif;\">Leibinger<\/span><\/td>\n<td style=\"width: 20%;\"><span style=\"font-size: 14pt; font-family: arial, helvetica, sans-serif;\">76000-00110 \/ AJP3610<\/span><\/td>\n<td style=\"width: 20%;\"><span style=\"font-size: 14pt; font-family: arial, helvetica, sans-serif;\">Bleu<\/span><\/td>\n<td style=\"width: 20%;\"><span style=\"font-size: 14pt; font-family: arial, helvetica, sans-serif;\">950 ml<\/span><\/td>\n<\/tr>\n<\/tbody>\n<\/table>\n<hr \/>\n<table style=\"border-collapse: collapse; width: 100%;\">\n<tbody>\n<tr>\n<td style=\"width: 20%;\"><span style=\"font-size: 14pt; font-family: arial, helvetica, sans-serif;\">79000-00104<\/span><\/td>\n<td style=\"width: 20%;\"><span style=\"font-size: 14pt; font-family: arial, helvetica, sans-serif;\">Leibinger<\/span><\/td>\n<td style=\"width: 20%;\"><span style=\"font-size: 14pt; font-family: arial, helvetica, sans-serif;\">79000-00104 \/ AJP1904<\/span><\/td>\n<td style=\"width: 20%;\"><span style=\"font-size: 14pt; font-family: arial, helvetica, sans-serif;\">Pigment blanc<\/span><\/td>\n<td style=\"width: 20%;\"><span style=\"font-size: 14pt; font-family: arial, helvetica, sans-serif;\">950 ml<\/span><\/td>\n<\/tr>\n<\/tbody>\n<\/table>\n<hr \/>\n<table style=\"border-collapse: collapse; width: 100%;\">\n<tbody>\n<tr>\n<td style=\"width: 20%;\"><span style=\"font-size: 14pt; font-family: arial, helvetica, sans-serif;\">79000-00122<\/span><\/td>\n<td style=\"width: 20%;\"><span style=\"font-size: 14pt; font-family: arial, helvetica, sans-serif;\">Leibinger<\/span><\/td>\n<td style=\"width: 20%;\"><span style=\"font-size: 14pt; font-family: arial, helvetica, sans-serif;\">79000-00122<\/span><\/td>\n<td style=\"width: 20%;\"><span style=\"font-size: 14pt; font-family: arial, helvetica, sans-serif;\">Pigment blanc<\/span><\/td>\n<td style=\"width: 20%;\"><span style=\"font-size: 14pt; font-family: arial, helvetica, sans-serif;\">950 ml<\/span><\/td>\n<\/tr>\n<\/tbody>\n<\/table>\n<hr \/>\n<table style=\"border-collapse: collapse; width: 100%;\">\n<tbody>\n<tr>\n<td style=\"width: 20%;\"><span style=\"font-size: 14pt; font-family: arial, helvetica, sans-serif;\">MT02<\/span><\/td>\n<td style=\"width: 20%;\"><span style=\"font-size: 14pt; font-family: arial, helvetica, sans-serif;\">Leibinger<\/span><\/td>\n<td style=\"width: 20%;\"><span style=\"font-size: 14pt; font-family: arial, helvetica, sans-serif;\">70000-00030 \/\u00a0<\/span><span style=\"font-size: 14pt; font-family: arial, helvetica, sans-serif;\">ASN1030<\/span><\/td>\n<td style=\"width: 20%;\"><span style=\"font-size: 14pt; font-family: arial, helvetica, sans-serif;\">Noir<\/span><\/td>\n<td style=\"width: 20%;\"><span style=\"font-size: 14pt; font-family: arial, helvetica, sans-serif;\">1 litre<\/span><\/td>\n<\/tr>\n<\/tbody>\n<\/table>\n<hr \/>\n<table style=\"border-collapse: collapse; width: 100%; height: 27px;\">\n<tbody>\n<tr style=\"height: 27px;\">\n<td style=\"width: 20%; height: 27px;\"><span style=\"font-size: 14pt; font-family: arial, helvetica, sans-serif;\">MT03<\/span><\/td>\n<td style=\"width: 20%; height: 27px;\"><span style=\"font-size: 14pt; font-family: arial, helvetica, sans-serif;\">Leibinger<\/span><\/td>\n<td style=\"width: 20%; height: 27px;\"><span style=\"font-size: 14pt; font-family: arial, helvetica, sans-serif;\">70000-00030 \/\u00a0<\/span><span style=\"font-size: 14pt; font-family: arial, helvetica, sans-serif;\">ASN1030<\/span><\/td>\n<td style=\"width: 20%; height: 27px;\"><span style=\"font-size: 14pt; font-family: arial, helvetica, sans-serif;\">Noir<\/span><\/td>\n<td style=\"width: 20%; height: 27px;\"><span style=\"font-size: 14pt; font-family: arial, helvetica, sans-serif;\">1 litre<\/span><\/td>\n<\/tr>\n<\/tbody>\n<\/table>\n<hr \/>\n<p>&nbsp;<\/p>\n<p style=\"text-align: center;\"><strong><span style=\"font-size: 18pt; font-family: arial, helvetica, sans-serif;\">Solvants \u00e0 utiliser dans les imprimantes Leibinger<\/span><\/strong><\/p>\n<hr \/>\n<table style=\"border-collapse: collapse; width: 100%;\">\n<tbody>\n<tr>\n<td style=\"width: 20%;\"><span style=\"font-family: arial, helvetica, sans-serif;\"><strong><span style=\"font-size: 14pt;\">Solvant<\/span><\/strong><\/span><\/td>\n<td style=\"width: 20%;\"><span style=\"font-family: arial, helvetica, sans-serif;\"><strong><span style=\"font-size: 14pt;\">OEM<\/span><\/strong><\/span><\/td>\n<td style=\"width: 20%;\"><span style=\"font-family: arial, helvetica, sans-serif;\"><strong><span style=\"font-size: 14pt;\">Nom de l'OEM<\/span><\/strong><\/span><\/td>\n<td style=\"width: 20%;\"><span style=\"font-family: arial, helvetica, sans-serif;\"><strong><span style=\"font-size: 14pt;\">Couleur<\/span><\/strong><\/span><\/td>\n<td style=\"width: 20%;\"><span style=\"font-family: arial, helvetica, sans-serif;\"><strong><span style=\"font-size: 14pt;\">Capacit\u00e9 de la bouteille<\/span><\/strong><\/span><\/td>\n<\/tr>\n<\/tbody>\n<\/table>\n<hr \/>\n<table style=\"border-collapse: collapse; width: 100%; height: 27px;\">\n<tbody>\n<tr style=\"height: 27px;\">\n<td style=\"width: 20%; height: 27px;\"><span style=\"font-size: 14pt; font-family: arial, helvetica, sans-serif;\">77001-00030<\/span><\/td>\n<td style=\"width: 20%; height: 27px;\"><span style=\"font-size: 14pt; font-family: arial, helvetica, sans-serif;\">Leibinger<\/span><\/td>\n<td style=\"width: 20%; height: 27px;\"><span style=\"font-size: 14pt; font-family: arial, helvetica, sans-serif;\">77001-00030 <\/span><span style=\"font-size: 14pt; font-family: arial, helvetica, sans-serif;\">\/ SSN1830<\/span><\/td>\n<td style=\"width: 20%; height: 27px;\"><span style=\"font-size: 14pt; font-family: arial, helvetica, sans-serif;\">Incolore<\/span><\/td>\n<td style=\"width: 20%; height: 27px;\"><span style=\"font-size: 14pt; font-family: arial, helvetica, sans-serif;\">950 ml<\/span><\/td>\n<\/tr>\n<\/tbody>\n<\/table>\n<hr \/>\n<table style=\"border-collapse: collapse; width: 100%; height: 27px;\">\n<tbody>\n<tr style=\"height: 27px;\">\n<td style=\"width: 20%; height: 27px;\"><span style=\"font-size: 14pt; font-family: arial, helvetica, sans-serif;\">77001-00122<\/span><\/td>\n<td style=\"width: 20%; height: 27px;\"><span style=\"font-size: 14pt; font-family: arial, helvetica, sans-serif;\">Leibinger<\/span><\/td>\n<td style=\"width: 20%; height: 27px;\"><span style=\"font-size: 14pt; font-family: arial, helvetica, sans-serif;\">77001-00122<\/span><\/td>\n<td style=\"width: 20%; height: 27px;\"><span style=\"font-size: 14pt; font-family: arial, helvetica, sans-serif;\">Incolore<\/span><\/td>\n<td style=\"width: 20%; height: 27px;\"><span style=\"font-size: 14pt; font-family: arial, helvetica, sans-serif;\">950 ml<\/span><\/td>\n<\/tr>\n<\/tbody>\n<\/table>\n<hr \/>\n<table style=\"border-collapse: collapse; width: 100%; height: 27px;\">\n<tbody>\n<tr style=\"height: 27px;\">\n<td style=\"width: 20%; height: 27px;\"><span style=\"font-size: 14pt; font-family: arial, helvetica, sans-serif;\">77001-00125<\/span><\/td>\n<td style=\"width: 20%; height: 27px;\"><span style=\"font-size: 14pt; font-family: arial, helvetica, sans-serif;\">Leibinger<\/span><\/td>\n<td style=\"width: 20%; height: 27px;\"><span style=\"font-size: 14pt; font-family: arial, helvetica, sans-serif;\">77001-00125<\/span><\/td>\n<td style=\"width: 20%; height: 27px;\"><span style=\"font-size: 14pt; font-family: arial, helvetica, sans-serif;\">Incolore<\/span><\/td>\n<td style=\"width: 20%; height: 27px;\"><span style=\"font-size: 14pt; font-family: arial, helvetica, sans-serif;\">950 ml<\/span><\/td>\n<\/tr>\n<\/tbody>\n<\/table>\n<hr \/>\n<table style=\"border-collapse: collapse; width: 100%; height: 27px;\">\n<tbody>\n<tr style=\"height: 27px;\">\n<td style=\"width: 20%; height: 27px;\"><span style=\"font-size: 14pt; font-family: arial, helvetica, sans-serif;\">77001-00133<\/span><\/td>\n<td style=\"width: 20%; height: 27px;\"><span style=\"font-size: 14pt; font-family: arial, helvetica, sans-serif;\">Leibinger<\/span><\/td>\n<td style=\"width: 20%; height: 27px;\"><span style=\"font-size: 14pt; font-family: arial, helvetica, sans-serif;\">77001-00133<\/span><\/td>\n<td style=\"width: 20%; height: 27px;\"><span style=\"font-size: 14pt; font-family: arial, helvetica, sans-serif;\">Incolore<\/span><\/td>\n<td style=\"width: 20%; height: 27px;\"><span style=\"font-size: 14pt; font-family: arial, helvetica, sans-serif;\">950 ml<\/span><\/td>\n<\/tr>\n<\/tbody>\n<\/table>\n<hr \/>\n<table style=\"border-collapse: collapse; width: 100%; height: 27px;\">\n<tbody>\n<tr style=\"height: 27px;\">\n<td style=\"width: 20%; height: 27px;\"><span style=\"font-size: 14pt; font-family: arial, helvetica, sans-serif;\">MA01<\/span><\/td>\n<td style=\"width: 20%; height: 27px;\"><span style=\"font-size: 14pt; font-family: arial, helvetica, sans-serif;\">Leibinger<\/span><\/td>\n<td style=\"width: 20%; height: 27px;\"><span style=\"font-size: 14pt; font-family: arial, helvetica, sans-serif;\">77001-00030 <\/span><span style=\"font-size: 14pt; font-family: arial, helvetica, sans-serif;\">\/ SSN1830<\/span><\/td>\n<td style=\"width: 20%; height: 27px;\"><span style=\"font-size: 14pt; font-family: arial, helvetica, sans-serif;\">Incolore<\/span><\/td>\n<td style=\"width: 20%; height: 27px;\"><span style=\"font-size: 14pt; font-family: arial, helvetica, sans-serif;\">1 litre<\/span><\/td>\n<\/tr>\n<\/tbody>\n<\/table>\n<hr \/>\n<table style=\"border-collapse: collapse; width: 100%; height: 27px;\">\n<tbody>\n<tr style=\"height: 27px;\">\n<td style=\"width: 20%; height: 27px;\"><span style=\"font-size: 14pt; font-family: arial, helvetica, sans-serif;\">MA02<\/span><\/td>\n<td style=\"width: 20%; height: 27px;\"><span style=\"font-size: 14pt; font-family: arial, helvetica, sans-serif;\">Leibinger<\/span><\/td>\n<td style=\"width: 20%; height: 27px;\"><span style=\"font-size: 14pt; font-family: arial, helvetica, sans-serif;\">77001-00187<\/span><\/td>\n<td style=\"width: 20%; height: 27px;\"><span style=\"font-size: 14pt; font-family: arial, helvetica, sans-serif;\">Incolore<\/span><\/td>\n<td style=\"width: 20%; height: 27px;\"><span style=\"font-size: 14pt; font-family: arial, helvetica, sans-serif;\">1 litre<\/span><\/td>\n<\/tr>\n<\/tbody>\n<\/table>\n<hr \/>\n<table style=\"border-collapse: collapse; width: 100%; height: 27px;\">\n<tbody>\n<tr style=\"height: 27px;\">\n<td style=\"width: 20%; height: 27px;\"><span style=\"font-size: 14pt; font-family: arial, helvetica, sans-serif;\">SK-100<\/span><\/td>\n<td style=\"width: 20%; height: 27px;\"><span style=\"font-size: 14pt; font-family: arial, helvetica, sans-serif;\">Leibinger<\/span><\/td>\n<td style=\"width: 20%; height: 27px;\"><span style=\"font-size: 14pt; font-family: arial, helvetica, sans-serif;\">RDN 1801<\/span><\/td>\n<td style=\"width: 20%; height: 27px;\"><span style=\"font-size: 14pt; font-family: arial, helvetica, sans-serif;\">Incolore<\/span><\/td>\n<td style=\"width: 20%; height: 27px;\"><span style=\"font-size: 14pt; font-family: arial, helvetica, sans-serif;\">1 litre<\/span><\/td>\n<\/tr>\n<\/tbody>\n<\/table>\n<hr \/>\n<table style=\"border-collapse: collapse; width: 100%; height: 27px;\">\n<tbody>\n<tr style=\"height: 27px;\">\n<td style=\"width: 20%; height: 27px;\"><span style=\"font-size: 14pt; font-family: arial, helvetica, sans-serif;\">SK-110<\/span><\/td>\n<td style=\"width: 20%; height: 27px;\"><span style=\"font-size: 14pt; font-family: arial, helvetica, sans-serif;\">Leibinger<\/span><\/td>\n<td style=\"width: 20%; height: 27px;\"><span style=\"font-size: 14pt; font-family: arial, helvetica, sans-serif;\">RXN 1807<\/span><\/td>\n<td style=\"width: 20%; height: 27px;\"><span style=\"font-size: 14pt; font-family: arial, helvetica, sans-serif;\">Incolore<\/span><\/td>\n<td style=\"width: 20%; height: 27px;\"><span style=\"font-size: 14pt; font-family: arial, helvetica, sans-serif;\">1 litre<\/span><\/td>\n<\/tr>\n<\/tbody>\n<\/table>\n<hr \/>\n<p>&nbsp;<\/p>\n<p><span style=\"font-family: arial, helvetica, sans-serif; font-size: 12pt;\">Chacune des encres et chacun des solvants destin\u00e9s aux imprimantes Leibinger ont \u00e9t\u00e9 obtenus et fabriqu\u00e9s \u00e0 partir de mati\u00e8res premi\u00e8res de la plus haute qualit\u00e9 afin de r\u00e9pondre aux exigences de la technologie du jet d'encre continu. Si vous utilisez des imprimantes :<strong> JET2neo, JET2neoS, JET3, JET3-UP, JET3-UP Pi, JET3-UP Mi, JET3-UP Pro, JET3-UP Rapid, JET3-UP Ep, ECOJet, JET2, JET2se, IQJET <\/strong>et que vous souhaitez r\u00e9duire consid\u00e9rablement vos co\u00fbts de marquage, vous constaterez que nos encres et nos solvants offrent une qualit\u00e9 d'impression optimale qui va de pair avec des \u00e9conomies.<\/span><\/p>\n<p><span style=\"font-family: arial, helvetica, sans-serif; font-size: 12pt;\">Les consommables pour imprimantes Leibinger sont conditionn\u00e9s en bouteilles de 950 ml. Chez MMTech, nous avons d\u00e9cid\u00e9 d'aller plus loin et tous nos produits de marque ont une contenance de <strong>1000 ml<\/strong> tout en maintenant <strong><a href=\"https:\/\/www.youtube.com\/watch?v=ai-Asag4DYM\" target=\"_blank\" rel=\"noopener\">diam\u00e8tre du filet et nombre de tours identiques (lien)<\/a><\/strong>. <\/span><\/p>\n<p><span style=\"font-family: arial, helvetica, sans-serif; font-size: 12pt;\">Des \u00e9tiquettes sont fournies pour tous les consommables afin de permettre \u00e0 l'utilisateur d'avoir acc\u00e8s \u00e0 l'information. <strong><a href=\"https:\/\/www.youtube.com\/watch?v=oeOZWnvTLOU&amp;feature=youtu.be\" target=\"_blank\" rel=\"noopener\">activation de la bouteille (lien)<\/a><\/strong> au moment du r\u00e9approvisionnement.\u00a0<\/span><\/p>\n<p><span style=\"font-family: arial, helvetica, sans-serif; font-size: 12pt;\">Nous \u00e9largissons constamment notre base d'approvisionnement. Si vous ne voyez pas les encres et les solvants qui vous int\u00e9ressent actuellement, veuillez nous contacter et nous demander s'ils sont disponibles.\u00a0<\/span><\/p>\n<p style=\"text-align: center;\"><span style=\"font-size: 18pt; color: #0000ff;\"><a style=\"color: #0000ff;\" href=\"https:\/\/mmtech.com.pl\/fr\/service\/\" target=\"_blank\" rel=\"noopener\"><strong><span style=\"font-family: arial, helvetica, sans-serif;\">LEIBINGER PRINTER SERVICE \u2192<\/span><\/strong><\/a><\/span><\/p>","protected":false},"excerpt":{"rendered":"<p>Atramenty do stosowania w drukarkach Leibinger Atrament OEM Nazwa OEM Kolor Pojemno\u015b\u0107 butelki 70000-00030 Leibinger 70000-00030 \/\u00a0ASN1030 Czarny 950 ml 70000-00126 Leibinger 70000-00126 Czarny 950&#8230;<\/p>\n<p class=\"readmore\"><a class=\"more-btn\" href=\"https:\/\/mmtech.com.pl\/fr\/leibinger\/\">Lire la suite<\/a><\/p>","protected":false},"author":1,"featured_media":0,"parent":0,"menu_order":0,"comment_status":"closed","ping_status":"closed","template":"","meta":{"_monsterinsights_skip_tracking":false,"_monsterinsights_sitenote_active":false,"_monsterinsights_sitenote_note":"","_monsterinsights_sitenote_category":0},"_links":{"self":[{"href":"https:\/\/mmtech.com.pl\/fr\/wp-json\/wp\/v2\/pages\/597"}],"collection":[{"href":"https:\/\/mmtech.com.pl\/fr\/wp-json\/wp\/v2\/pages"}],"about":[{"href":"https:\/\/mmtech.com.pl\/fr\/wp-json\/wp\/v2\/types\/page"}],"author":[{"embeddable":true,"href":"https:\/\/mmtech.com.pl\/fr\/wp-json\/wp\/v2\/users\/1"}],"replies":[{"embeddable":true,"href":"https:\/\/mmtech.com.pl\/fr\/wp-json\/wp\/v2\/comments?post=597"}],"version-history":[{"count":55,"href":"https:\/\/mmtech.com.pl\/fr\/wp-json\/wp\/v2\/pages\/597\/revisions"}],"predecessor-version":[{"id":5067,"href":"https:\/\/mmtech.com.pl\/fr\/wp-json\/wp\/v2\/pages\/597\/revisions\/5067"}],"wp:attachment":[{"href":"https:\/\/mmtech.com.pl\/fr\/wp-json\/wp\/v2\/media?parent=597"}],"curies":[{"name":"wp","href":"https:\/\/api.w.org\/{rel}","templated":true}]}}