{"id":484,"date":"2019-04-05T13:05:12","date_gmt":"2019-04-05T11:05:12","guid":{"rendered":"https:\/\/mmtech.com.pl\/?page_id=484"},"modified":"2026-03-06T14:08:20","modified_gmt":"2026-03-06T13:08:20","slug":"filmy","status":"publish","type":"page","link":"https:\/\/mmtech.com.pl\/fr\/films\/","title":{"rendered":"FILMS"},"content":{"rendered":"<h3 style=\"text-align: left;\"><span style=\"font-weight: 400;\">Dans ce nouvel onglet, vous trouverez des vid\u00e9os pr\u00e9sentant les consommables utilis\u00e9s dans les imprimantes \u00e0 jet d'encre continu, mais pas seulement.<\/span><\/h3>\n<h3 style=\"text-align: left;\"><span style=\"font-weight: 400;\">Utilisateurs d'imprimantes Leibinger utilisant <strong>solvant<\/strong>\u00a0<strong>77001-00030<\/strong> peut r\u00e9duire consid\u00e9rablement les co\u00fbts de marquage en utilisant <strong>solventu MA01<\/strong>. Il s'agit d'un produit qui a fait ses preuves et qui est sur le march\u00e9 depuis plus de dix ans. <strong>2017<\/strong>. Fonctionne avec les imprimantes : JET3, JET3-UP, JET2neo, JET2neoS, JET2, JET2se, ECO-Jet etc. Son utilisation ne n\u00e9cessite aucune action suppl\u00e9mentaire. Il est fourni en grandes quantit\u00e9s <strong>1000 ml<\/strong>ce qui permet de prolonger le fonctionnement de l'imprimante d'environ <strong>8 heures<\/strong>. Le prix plus bas de ce solvant garantit des \u00e9conomies plus importantes pour les utilisateurs d'imprimantes Leibigner. Une vid\u00e9o de pr\u00e9sentation du solvant MA01 est disponible ci-dessous :<\/span><\/h3>\n<p><iframe loading=\"lazy\" title=\"Solvant Leibinger 77001-00030 et solvant MA01, comment r\u00e9duire les co\u00fbts de marquage ?\" width=\"500\" height=\"281\" src=\"https:\/\/www.youtube.com\/embed\/r47OZvLuL38?feature=oembed\" frameborder=\"0\" allow=\"accelerometer; autoplay; clipboard-write; encrypted-media; gyroscope; picture-in-picture; web-share\" referrerpolicy=\"strict-origin-when-cross-origin\" allowfullscreen><\/iframe><\/p>\n<h3 style=\"text-align: left;\"><span style=\"font-weight: 400;\">Pour commencer, nous comparons nos <strong>solvant MA01<\/strong> avec le solvant le plus courant dans les imprimantes de Leibinger <\/span><span style=\"font-weight: 400;\">num\u00e9rot\u00e9 <strong><a href=\"https:\/\/mmtech.com.pl\/fr\/leibinger\/\" target=\"_blank\" rel=\"noopener\">77001-00030 \/ SSN 1830 (lien)<\/a><\/strong>.\u00a0<\/span><span style=\"font-weight: 400;\">Veuillez noter que nous fournissons ce solvant non seulement \u00e0 un prix plus avantageux, mais aussi en plus grandes quantit\u00e9s. <strong>50 ml<\/strong>qui permet aux utilisateurs de marquer jusqu'\u00e0 <strong>8 h de plus<\/strong>.<\/span><\/h3>\n<p><iframe loading=\"lazy\" title=\"Solvant MA01 pour imprimantes Leibinger\" width=\"500\" height=\"281\" src=\"https:\/\/www.youtube.com\/embed\/ai-Asag4DYM?feature=oembed\" frameborder=\"0\" allow=\"accelerometer; autoplay; clipboard-write; encrypted-media; gyroscope; picture-in-picture; web-share\" referrerpolicy=\"strict-origin-when-cross-origin\" allowfullscreen><\/iframe><\/p>\n<h3 style=\"text-align: left;\"><span style=\"font-weight: 400;\">La vid\u00e9o suivante montre la r\u00e9ponse de l'imprimante Leibinger JET3 \u00e0 la num\u00e9risation d'une bouteille de solvant MA01. \u00a0<\/span><\/h3>\n<p><iframe loading=\"lazy\" title=\"SOLVENT MA01 - Num\u00e9risation de bouteilles via l&#039;imprimante Leibinger JET3\" width=\"500\" height=\"281\" src=\"https:\/\/www.youtube.com\/embed\/oeOZWnvTLOU?feature=oembed\" frameborder=\"0\" allow=\"accelerometer; autoplay; clipboard-write; encrypted-media; gyroscope; picture-in-picture; web-share\" referrerpolicy=\"strict-origin-when-cross-origin\" allowfullscreen><\/iframe><\/p>\n<h3 style=\"text-align: left;\"><span style=\"font-weight: 400;\">La vid\u00e9o ci-dessous est un teaser pour un post sur notre BLOG intitul\u00e9 :\u00a0<\/span><span style=\"font-weight: 400;\"><strong><a href=\"https:\/\/mmtech.com.pl\/fr\/solvent-leibinger\/\" target=\"_blank\" rel=\"noopener\">Le solvant le plus cher en Pologne (lien)<\/a><\/strong><\/span><span style=\"font-weight: 400;\">. Si vous voulez savoir combien co\u00fbte le solvant de Leibinger 77001-00030 (SSN 1830), lisez ce qui suit.\u00a0<\/span><\/h3>\n<p><iframe loading=\"lazy\" title=\"Le solvant le plus cher en Pologne - Leibinger 77001-00030\" width=\"500\" height=\"281\" src=\"https:\/\/www.youtube.com\/embed\/mKvMuaA-KZo?feature=oembed\" frameborder=\"0\" allow=\"accelerometer; autoplay; clipboard-write; encrypted-media; gyroscope; picture-in-picture; web-share\" referrerpolicy=\"strict-origin-when-cross-origin\" allowfullscreen><\/iframe><\/p>","protected":false},"excerpt":{"rendered":"<p>W tej nowej zak\u0142adce znajdziecie filmy pokazuj\u0105ce materia\u0142y eksploatacyjne stosowane w drukarkach continuous ink-jet, ale nie tylko. U\u017cytkownicy drukarek Leibinger, stosuj\u0105cy solvent\u00a077001-00030 mog\u0105 zdecydowanie zmniejszy\u0107&#8230;<\/p>\n<p class=\"readmore\"><a class=\"more-btn\" href=\"https:\/\/mmtech.com.pl\/fr\/films\/\">Lire la suite<\/a><\/p>","protected":false},"author":1,"featured_media":0,"parent":0,"menu_order":0,"comment_status":"closed","ping_status":"closed","template":"","meta":{"_monsterinsights_skip_tracking":false,"_monsterinsights_sitenote_active":false,"_monsterinsights_sitenote_note":"","_monsterinsights_sitenote_category":0},"_links":{"self":[{"href":"https:\/\/mmtech.com.pl\/fr\/wp-json\/wp\/v2\/pages\/484"}],"collection":[{"href":"https:\/\/mmtech.com.pl\/fr\/wp-json\/wp\/v2\/pages"}],"about":[{"href":"https:\/\/mmtech.com.pl\/fr\/wp-json\/wp\/v2\/types\/page"}],"author":[{"embeddable":true,"href":"https:\/\/mmtech.com.pl\/fr\/wp-json\/wp\/v2\/users\/1"}],"replies":[{"embeddable":true,"href":"https:\/\/mmtech.com.pl\/fr\/wp-json\/wp\/v2\/comments?post=484"}],"version-history":[{"count":31,"href":"https:\/\/mmtech.com.pl\/fr\/wp-json\/wp\/v2\/pages\/484\/revisions"}],"predecessor-version":[{"id":4979,"href":"https:\/\/mmtech.com.pl\/fr\/wp-json\/wp\/v2\/pages\/484\/revisions\/4979"}],"wp:attachment":[{"href":"https:\/\/mmtech.com.pl\/fr\/wp-json\/wp\/v2\/media?parent=484"}],"curies":[{"name":"wp","href":"https:\/\/api.w.org\/{rel}","templated":true}]}}