{"id":328,"date":"2018-11-08T22:03:23","date_gmt":"2018-11-08T21:03:23","guid":{"rendered":"https:\/\/mmtech.com.pl\/?page_id=328"},"modified":"2020-07-20T15:19:11","modified_gmt":"2020-07-20T13:19:11","slug":"faq","status":"publish","type":"page","link":"https:\/\/mmtech.com.pl\/fr\/faq\/","title":{"rendered":"FAQ"},"content":{"rendered":"<div   class=\"vc_row wpb_row vc_row-fluid\"  style=\"\"  data-token=\"34R4r\"><div class=\"wpb_column vc_column_container vc_col-sm-12\"><div class=\"vc_column-inner\"><div class=\"wpb_wrapper\">\n\t<div class=\"wpb_text_column wpb_content_element  wpb_animate_when_almost_visible wpb_slideInLeft slideInLeft vc_custom_1595249695164\" >\n\t\t<div class=\"wpb_wrapper\">\n\t\t\t<h2 style=\"text-align: left;\"><span style=\"font-weight: 400; color: #000000;\"><strong><img loading=\"lazy\" class=\"wp-image-865 alignright\" src=\"https:\/\/mmtech.com.pl\/wp-content\/uploads\/2019\/08\/Znak-z-butelkami-GOTOWY-300x208.jpg\" alt=\"\" width=\"500\" height=\"347\" srcset=\"https:\/\/mmtech.com.pl\/wp-content\/uploads\/2019\/08\/Znak-z-butelkami-GOTOWY-300x208.jpg 300w, https:\/\/mmtech.com.pl\/wp-content\/uploads\/2019\/08\/Znak-z-butelkami-GOTOWY-768x532.jpg 768w, https:\/\/mmtech.com.pl\/wp-content\/uploads\/2019\/08\/Znak-z-butelkami-GOTOWY-1024x710.jpg 1024w, https:\/\/mmtech.com.pl\/wp-content\/uploads\/2019\/08\/Znak-z-butelkami-GOTOWY-780x541.jpg 780w, https:\/\/mmtech.com.pl\/wp-content\/uploads\/2019\/08\/Znak-z-butelkami-GOTOWY-1120x776.jpg 1120w, https:\/\/mmtech.com.pl\/wp-content\/uploads\/2019\/08\/Znak-z-butelkami-GOTOWY.jpg 1434w\" sizes=\"(max-width: 500px) 100vw, 500px\" \/>Questions fr\u00e9quemment pos\u00e9es :\u00a0<\/strong><\/span><\/h2>\n<h3 style=\"text-align: left;\"><span style=\"font-weight: 400;\"><strong>Question 1 :<\/strong>\u00a0Faut-il rincer l'imprimante et changer les filtres avant d'utiliser les consommables ?<\/span><\/h3>\n<h3 style=\"text-align: left;\"><span style=\"font-weight: 400;\">- Non. Les consommables du 100% sont compatibles avec les OEM et sont pr\u00eats \u00e0 l'emploi sans aucune \u00e9tape suppl\u00e9mentaire.<\/span><\/h3>\n<h3 style=\"text-align: left;\"><span style=\"font-weight: 400;\"><strong>Question 2 :<\/strong>\u00a0Quelle est la date de p\u00e9remption de vos consommables ?<\/span><\/h3>\n<h3 style=\"text-align: left;\"><span style=\"font-weight: 400;\">- Dans la plupart des cas, cette dur\u00e9e est de 2 ans. Nous proposons \u00e9galement des encres dont la date de p\u00e9remption (selon le type) est de 6 \u00e0 12 mois.<\/span><\/h3>\n<h3 style=\"text-align: left;\"><span style=\"font-weight: 400;\"><strong>Question 3 :<\/strong>\u00a0Est-il possible de tester le solvant avant de d\u00e9cider d'une commande en gros ?<\/span><\/h3>\n<h3 style=\"text-align: left;\"><span style=\"font-weight: 400;\">- Bien entendu. Tant pour le solvant que pour l'encre. Les \u00e9chantillons sont envoy\u00e9s le lendemain.<\/span><\/h3>\n<h3 style=\"text-align: left;\"><span style=\"font-weight: 400;\"><strong>Question 4 :<\/strong>\u00a0Y a-t-il un minimum de commande \u00e0 respecter ?<\/span><\/h3>\n<h3 style=\"text-align: left;\"><span style=\"font-weight: 400;\">- Non. Nous envoyons aux clients n'importe quelle quantit\u00e9 de consommables.<\/span><\/h3>\n<h3 style=\"text-align: left;\"><span style=\"font-weight: 400;\"><strong>Question 5 :<\/strong>\u00a0Maintenez-vous des niveaux de stock permettant de livrer les commandes en temps voulu ?<\/span><\/h3>\n<h3 style=\"text-align: left;\"><span style=\"font-weight: 400;\">- Pour chaque client avec lequel nous entamons une relation, nous maintenons un stock permanent afin de garantir une livraison dans les d\u00e9lais.\u00a0<\/span><\/h3>\n\n\t\t<\/div>\n\t<\/div>\n<\/div><\/div><\/div><\/div>","protected":false},"excerpt":{"rendered":"Questions fr\u00e9quemment pos\u00e9es :  Question 1 : Dois-je rincer l'imprimante et changer les filtres avant d'utiliser vos consommables ? - Non. Les consommables se trouvent dans l'emballage 100%.....<p class=\"readmore\"><a class=\"more-btn\" href=\"https:\/\/mmtech.com.pl\/fr\/faq\/\">Lire la suite<\/a><\/p>","protected":false},"author":1,"featured_media":0,"parent":0,"menu_order":0,"comment_status":"closed","ping_status":"closed","template":"","meta":{"_monsterinsights_skip_tracking":false,"_monsterinsights_sitenote_active":false,"_monsterinsights_sitenote_note":"","_monsterinsights_sitenote_category":0},"_links":{"self":[{"href":"https:\/\/mmtech.com.pl\/fr\/wp-json\/wp\/v2\/pages\/328"}],"collection":[{"href":"https:\/\/mmtech.com.pl\/fr\/wp-json\/wp\/v2\/pages"}],"about":[{"href":"https:\/\/mmtech.com.pl\/fr\/wp-json\/wp\/v2\/types\/page"}],"author":[{"embeddable":true,"href":"https:\/\/mmtech.com.pl\/fr\/wp-json\/wp\/v2\/users\/1"}],"replies":[{"embeddable":true,"href":"https:\/\/mmtech.com.pl\/fr\/wp-json\/wp\/v2\/comments?post=328"}],"version-history":[{"count":75,"href":"https:\/\/mmtech.com.pl\/fr\/wp-json\/wp\/v2\/pages\/328\/revisions"}],"predecessor-version":[{"id":1068,"href":"https:\/\/mmtech.com.pl\/fr\/wp-json\/wp\/v2\/pages\/328\/revisions\/1068"}],"wp:attachment":[{"href":"https:\/\/mmtech.com.pl\/fr\/wp-json\/wp\/v2\/media?parent=328"}],"curies":[{"name":"wp","href":"https:\/\/api.w.org\/{rel}","templated":true}]}}