{"id":1579,"date":"2022-04-08T12:23:10","date_gmt":"2022-04-08T10:23:10","guid":{"rendered":"https:\/\/mmtech.com.pl\/?page_id=1579"},"modified":"2024-07-03T12:17:48","modified_gmt":"2024-07-03T10:17:48","slug":"serwis","status":"publish","type":"page","link":"https:\/\/mmtech.com.pl\/fr\/service\/","title":{"rendered":"SERVICE"},"content":{"rendered":"<h3 style=\"text-align: center;\"><strong><span style=\"font-size: 14pt;\">MMTech - Service professionnel pour les imprimantes Leibinger INK-JET<\/span><\/strong><\/h3>\n<p>&nbsp;<\/p>\n<p><img loading=\"lazy\" class=\"wp-image-1515 aligncenter\" src=\"https:\/\/mmtech.com.pl\/wp-content\/uploads\/2022\/03\/Leibinger-SERWIS-300x169.jpg\" alt=\"\" width=\"759\" height=\"427\" srcset=\"https:\/\/mmtech.com.pl\/wp-content\/uploads\/2022\/03\/Leibinger-SERWIS-300x169.jpg 300w, https:\/\/mmtech.com.pl\/wp-content\/uploads\/2022\/03\/Leibinger-SERWIS-768x432.jpg 768w, https:\/\/mmtech.com.pl\/wp-content\/uploads\/2022\/03\/Leibinger-SERWIS-1024x576.jpg 1024w, https:\/\/mmtech.com.pl\/wp-content\/uploads\/2022\/03\/Leibinger-SERWIS-780x439.jpg 780w, https:\/\/mmtech.com.pl\/wp-content\/uploads\/2022\/03\/Leibinger-SERWIS-1120x630.jpg 1120w\" sizes=\"(max-width: 759px) 100vw, 759px\" \/><\/p>\n<h3 style=\"text-align: left;\"><span style=\"font-weight: 400;\">Nous assurons le service des imprimantes Leibinger dans tout le pays. <\/span><span style=\"font-weight: 400;\">Nous disposons d'installations robustes et d'une \u00e9quipe de techniciens exp\u00e9riment\u00e9s qui respectent les normes les plus strictes. <\/span><\/h3>\n<h3 style=\"text-align: left;\"><span style=\"font-weight: 400;\"> Nous entretenons tous les mod\u00e8les d'imprimantes Leibinger de : JET2neo, JET2neoS, JET3, JET3-UP, JET3-UP Pi, JET3-UP Mi, JET3-UP Pro, JET3-UP Rapid, JET3-UP Ep, ECOJet, JET2, JET2se, IQJET.<\/span><\/h3>\n<h3 style=\"text-align: left;\"><strong>\u00c9tendue des services :<\/strong><\/h3>\n<ul style=\"list-style-type: square;\">\n<li>\n<h3 style=\"text-align: left;\"><span style=\"font-weight: 400;\">Inspections p\u00e9riodiques <\/span><\/h3>\n<\/li>\n<li>\n<h3 style=\"text-align: left;\"><span style=\"font-weight: 400;\">Diagnostic et r\u00e9paration<\/span><\/h3>\n<\/li>\n<li>\n<h3 style=\"text-align: left;\"><span style=\"font-weight: 400;\">Rin\u00e7age des imprimantes avec d'autres encres<\/span><\/h3>\n<\/li>\n<li>\n<h3 style=\"text-align: left;\"><span style=\"font-weight: 400;\">Imprimantes de remplacement pendant la r\u00e9paration<\/span><\/h3>\n<\/li>\n<li>\n<h3 style=\"text-align: left;\"><span style=\"font-weight: 400;\">Contrats de service <\/span><\/h3>\n<\/li>\n<li>\n<h3 style=\"text-align: left;\"><span style=\"font-weight: 400;\">Conseils par t\u00e9l\u00e9phone <\/span><\/h3>\n<\/li>\n<\/ul>\n<h3 style=\"text-align: left;\"><span style=\"font-weight: 400;\">Notre objectif est de garantir \u00e0 nos clients le bon fonctionnement des services fournis. <\/span><\/h3>\n<h3 style=\"text-align: left;\"><span style=\"font-weight: 400;\"><strong>Nous assumons la responsabilit\u00e9 de nos actes.<\/strong><\/span><\/h3>\n<h3 style=\"text-align: left;\"><strong>Nous vous invitons \u00e0 <a href=\"https:\/\/mmtech.com.pl\/fr\/#contact\" target=\"_blank\" rel=\"noopener\">CONTACT !<\/a><\/strong><\/h3>","protected":false},"excerpt":{"rendered":"<p>MMTech &#8211; profesjonalny serwis drukarek INK-JET marki Leibinger &nbsp; Serwis drukarek Leibinger prowadzimy na terenie ca\u0142ego kraju. Posiadamy solidne zaplecze oraz zesp\u00f3\u0142 do\u015bwiadczonych technik\u00f3w dzia\u0142aj\u0105cych&#8230;<\/p>\n<p class=\"readmore\"><a class=\"more-btn\" href=\"https:\/\/mmtech.com.pl\/fr\/service\/\">Lire la suite<\/a><\/p>","protected":false},"author":1,"featured_media":0,"parent":0,"menu_order":0,"comment_status":"closed","ping_status":"closed","template":"","meta":{"_monsterinsights_skip_tracking":false,"_monsterinsights_sitenote_active":false,"_monsterinsights_sitenote_note":"","_monsterinsights_sitenote_category":0},"_links":{"self":[{"href":"https:\/\/mmtech.com.pl\/fr\/wp-json\/wp\/v2\/pages\/1579"}],"collection":[{"href":"https:\/\/mmtech.com.pl\/fr\/wp-json\/wp\/v2\/pages"}],"about":[{"href":"https:\/\/mmtech.com.pl\/fr\/wp-json\/wp\/v2\/types\/page"}],"author":[{"embeddable":true,"href":"https:\/\/mmtech.com.pl\/fr\/wp-json\/wp\/v2\/users\/1"}],"replies":[{"embeddable":true,"href":"https:\/\/mmtech.com.pl\/fr\/wp-json\/wp\/v2\/comments?post=1579"}],"version-history":[{"count":19,"href":"https:\/\/mmtech.com.pl\/fr\/wp-json\/wp\/v2\/pages\/1579\/revisions"}],"predecessor-version":[{"id":3698,"href":"https:\/\/mmtech.com.pl\/fr\/wp-json\/wp\/v2\/pages\/1579\/revisions\/3698"}],"wp:attachment":[{"href":"https:\/\/mmtech.com.pl\/fr\/wp-json\/wp\/v2\/media?parent=1579"}],"curies":[{"name":"wp","href":"https:\/\/api.w.org\/{rel}","templated":true}]}}