{"id":813,"date":"2019-08-06T12:13:05","date_gmt":"2019-08-06T10:13:05","guid":{"rendered":"https:\/\/mmtech.com.pl\/?page_id=813"},"modified":"2019-08-20T10:30:43","modified_gmt":"2019-08-20T08:30:43","slug":"hi-resolution","status":"publish","type":"page","link":"https:\/\/mmtech.com.pl\/es\/alta-resolucion\/","title":{"rendered":"ALTA RESOLUCI\u00d3N"},"content":{"rendered":"<p><img loading=\"lazy\" class=\"wp-image-814 alignleft\" src=\"https:\/\/mmtech.com.pl\/wp-content\/uploads\/2019\/08\/HRS-21-271x300.jpg\" alt=\"\" width=\"467\" height=\"517\" srcset=\"https:\/\/mmtech.com.pl\/wp-content\/uploads\/2019\/08\/HRS-21-271x300.jpg 271w, https:\/\/mmtech.com.pl\/wp-content\/uploads\/2019\/08\/HRS-21.jpg 656w\" sizes=\"(max-width: 467px) 100vw, 467px\" \/><\/p>\n<h3 style=\"text-align: left;\"><span style=\"font-weight: 400;\">Tintas de serie <strong>HRS<\/strong> est\u00e1n dise\u00f1ados para su uso en impresoras de alta resoluci\u00f3n (Hi-Resolution). Su f\u00f3rmula a base de aceite es ideal para marcar superficies absorbentes y porosas como cart\u00f3n, madera, papel, textiles, etc. <\/span><\/h3>\n<h3 style=\"text-align: left;\"><span style=\"font-weight: 400;\">Las tintas de la serie HRS le ayudar\u00e1n a ahorrar tiempo y dinero manteniendo la m\u00e1xima calidad de impresi\u00f3n. A continuaci\u00f3n encontrar\u00e1 una lista de fabricantes de impresoras en los que puede utilizarlas con seguridad: <\/span><\/h3>\n<h3 style=\"text-align: left;\"><strong>PERO <\/strong><\/h3>\n<h3 style=\"text-align: left;\"><strong>ZEISER ATL\u00c1NTICO <\/strong><\/h3>\n<h3 style=\"text-align: left;\"><strong>REA JET <\/strong><\/h3>\n<h3 style=\"text-align: left;\"><strong>SEIKO <\/strong><\/h3>\n<h3 style=\"text-align: left;\"><strong>TRIDENT <\/strong><\/h3>\n<h3 style=\"text-align: left;\"><strong>VIDEOJET <\/strong><\/h3>\n<h3 style=\"text-align: left;\"><strong>XAAR<\/strong><\/h3>\n<p>&nbsp;<\/p>\n<h3><\/h3>\n<h3 style=\"text-align: left;\"><span style=\"font-weight: 400;\">Cada una de las tintas de aceite HRS se ha obtenido y fabricado a partir de materias primas de la m\u00e1s alta calidad para satisfacer los requisitos de la tecnolog\u00eda de alta resoluci\u00f3n. Para la mayor\u00eda de las impresoras de la lista, disponemos de botellas id\u00e9nticas para facilitar su uso. Los colores disponibles actualmente son: <strong><span style=\"color: #000000;\">NEGRO<\/span><\/strong>, <strong><span style=\"color: #ff0000;\">ROJO<\/span><\/strong> i <strong><span style=\"color: #0000ff;\">AZUL<\/span><\/strong>.<\/span><\/h3>\n<h3 style=\"text-align: left;\"><span style=\"font-weight: 400;\">Para aplicaciones especialmente exigentes, suministramos tinta HRS con una formulaci\u00f3n modificada para aumentar su visibilidad tras etiquetar y someter el producto a un proceso de envejecimiento acelerado.\u00a0<\/span><\/h3>","protected":false},"excerpt":{"rendered":"<p>Las tintas de la serie HRS se utilizan en impresoras de alta resoluci\u00f3n (Hi-Resolution). Su formulaci\u00f3n a base de aceite es ideal para marcar superficies absorbentes y porosas.....<\/p>\n<p class=\"readmore\"><a class=\"more-btn\" href=\"https:\/\/mmtech.com.pl\/es\/alta-resolucion\/\">Seguir leyendo<\/a><\/p>","protected":false},"author":1,"featured_media":0,"parent":0,"menu_order":0,"comment_status":"closed","ping_status":"closed","template":"","meta":{"_monsterinsights_skip_tracking":false,"_monsterinsights_sitenote_active":false,"_monsterinsights_sitenote_note":"","_monsterinsights_sitenote_category":0},"_links":{"self":[{"href":"https:\/\/mmtech.com.pl\/es\/wp-json\/wp\/v2\/pages\/813"}],"collection":[{"href":"https:\/\/mmtech.com.pl\/es\/wp-json\/wp\/v2\/pages"}],"about":[{"href":"https:\/\/mmtech.com.pl\/es\/wp-json\/wp\/v2\/types\/page"}],"author":[{"embeddable":true,"href":"https:\/\/mmtech.com.pl\/es\/wp-json\/wp\/v2\/users\/1"}],"replies":[{"embeddable":true,"href":"https:\/\/mmtech.com.pl\/es\/wp-json\/wp\/v2\/comments?post=813"}],"version-history":[{"count":13,"href":"https:\/\/mmtech.com.pl\/es\/wp-json\/wp\/v2\/pages\/813\/revisions"}],"predecessor-version":[{"id":872,"href":"https:\/\/mmtech.com.pl\/es\/wp-json\/wp\/v2\/pages\/813\/revisions\/872"}],"wp:attachment":[{"href":"https:\/\/mmtech.com.pl\/es\/wp-json\/wp\/v2\/media?parent=813"}],"curies":[{"name":"wp","href":"https:\/\/api.w.org\/{rel}","templated":true}]}}