{"id":687,"date":"2019-06-05T08:12:28","date_gmt":"2019-06-05T06:12:28","guid":{"rendered":"https:\/\/mmtech.com.pl\/?page_id=687"},"modified":"2020-04-20T12:06:39","modified_gmt":"2020-04-20T10:06:39","slug":"linx","status":"publish","type":"page","link":"https:\/\/mmtech.com.pl\/es\/linx\/","title":{"rendered":"Linx - Tintas y maquillajes INK-JET"},"content":{"rendered":"<p style=\"text-align: center;\"><strong><span style=\"font-size: 18pt; font-family: arial, helvetica, sans-serif;\">Tintas para impresoras Linx<\/span><\/strong><\/p>\n<table style=\"border-collapse: collapse; width: 100%;\">\n<tbody>\n<tr>\n<td style=\"width: 20%;\"><span style=\"font-family: arial, helvetica, sans-serif;\"><strong><span style=\"font-size: 14pt;\">Tinta<\/span><\/strong><\/span><\/td>\n<td style=\"width: 20%;\"><span style=\"font-family: arial, helvetica, sans-serif;\"><strong><span style=\"font-size: 14pt;\">OEM<\/span><\/strong><\/span><\/td>\n<td style=\"width: 20%;\"><span style=\"font-family: arial, helvetica, sans-serif;\"><strong><span style=\"font-size: 14pt;\">Nombre del OEM<\/span><\/strong><\/span><\/td>\n<td style=\"width: 20%;\"><span style=\"font-family: arial, helvetica, sans-serif;\"><strong><span style=\"font-size: 14pt;\">Color<\/span><\/strong><\/span><\/td>\n<td style=\"width: 20%;\"><span style=\"font-family: arial, helvetica, sans-serif;\"><strong><span style=\"font-size: 14pt;\">Capacidad de la botella<\/span><\/strong><\/span><\/td>\n<\/tr>\n<\/tbody>\n<\/table>\n<hr \/>\n<table style=\"border-collapse: collapse; width: 100%; height: 27px;\">\n<tbody>\n<tr style=\"height: 27px;\">\n<td style=\"width: 20%; height: 27px;\"><span style=\"font-size: 14pt; font-family: arial, helvetica, sans-serif;\">ML-101<\/span><\/td>\n<td style=\"width: 20%; height: 27px;\"><span style=\"font-size: 14pt; font-family: arial, helvetica, sans-serif;\">Linx<\/span><\/td>\n<td style=\"width: 20%; height: 27px;\"><span style=\"font-size: 14pt; font-family: arial, helvetica, sans-serif;\">1010<\/span><\/td>\n<td style=\"width: 20%; height: 27px;\"><span style=\"font-size: 14pt; font-family: arial, helvetica, sans-serif;\">Negro<\/span><\/td>\n<td style=\"width: 20%; height: 27px;\"><span style=\"font-size: 14pt; font-family: arial, helvetica, sans-serif;\">500 ml<\/span><\/td>\n<\/tr>\n<\/tbody>\n<\/table>\n<hr \/>\n<table style=\"border-collapse: collapse; width: 100%; height: 27px;\">\n<tbody>\n<tr style=\"height: 27px;\">\n<td style=\"width: 20%; height: 27px;\"><span style=\"font-size: 14pt; font-family: arial, helvetica, sans-serif;\">ML-103<\/span><\/td>\n<td style=\"width: 20%; height: 27px;\"><span style=\"font-size: 14pt; font-family: arial, helvetica, sans-serif;\">Linx<\/span><\/td>\n<td style=\"width: 20%; height: 27px;\"><span style=\"font-size: 14pt; font-family: arial, helvetica, sans-serif;\">1039<\/span><\/td>\n<td style=\"width: 20%; height: 27px;\"><span style=\"font-size: 14pt; font-family: arial, helvetica, sans-serif;\">Semipigmento amarillo<\/span><\/td>\n<td style=\"width: 20%; height: 27px;\"><span style=\"font-size: 14pt; font-family: arial, helvetica, sans-serif;\">500 ml<\/span><\/td>\n<\/tr>\n<\/tbody>\n<\/table>\n<hr \/>\n<table style=\"border-collapse: collapse; width: 100%; height: 27px;\">\n<tbody>\n<tr style=\"height: 27px;\">\n<td style=\"width: 20%; height: 27px;\"><span style=\"font-size: 14pt; font-family: arial, helvetica, sans-serif;\">ML-105<\/span><\/td>\n<td style=\"width: 20%; height: 27px;\"><span style=\"font-size: 14pt; font-family: arial, helvetica, sans-serif;\">Linx<\/span><\/td>\n<td style=\"width: 20%; height: 27px;\"><span style=\"font-size: 14pt; font-family: arial, helvetica, sans-serif;\">1059<\/span><\/td>\n<td style=\"width: 20%; height: 27px;\"><span style=\"font-size: 14pt; font-family: arial, helvetica, sans-serif;\">Pigmento blanco<\/span><\/td>\n<td style=\"width: 20%; height: 27px;\"><span style=\"font-size: 14pt; font-family: arial, helvetica, sans-serif;\">500 ml<\/span><\/td>\n<\/tr>\n<\/tbody>\n<\/table>\n<hr \/>\n<table style=\"border-collapse: collapse; width: 100%; height: 27px;\">\n<tbody>\n<tr style=\"height: 27px;\">\n<td style=\"width: 20%; height: 27px;\"><span style=\"font-size: 14pt; font-family: arial, helvetica, sans-serif;\">ML-313<\/span><\/td>\n<td style=\"width: 20%; height: 27px;\"><span style=\"font-size: 14pt; font-family: arial, helvetica, sans-serif;\">Linx<\/span><\/td>\n<td style=\"width: 20%; height: 27px;\"><span style=\"font-size: 14pt; font-family: arial, helvetica, sans-serif;\">3123<\/span><\/td>\n<td style=\"width: 20%; height: 27px;\"><span style=\"font-size: 14pt; font-family: arial, helvetica, sans-serif;\">Azul<\/span><\/td>\n<td style=\"width: 20%; height: 27px;\"><span style=\"font-size: 14pt; font-family: arial, helvetica, sans-serif;\">500 ml<\/span><\/td>\n<\/tr>\n<\/tbody>\n<\/table>\n<hr \/>\n<table style=\"border-collapse: collapse; width: 100%; height: 27px;\">\n<tbody>\n<tr style=\"height: 27px;\">\n<td style=\"width: 20%; height: 27px;\"><span style=\"font-size: 14pt; font-family: arial, helvetica, sans-serif;\">ML-314<\/span><\/td>\n<td style=\"width: 20%; height: 27px;\"><span style=\"font-size: 14pt; font-family: arial, helvetica, sans-serif;\">Linx<\/span><\/td>\n<td style=\"width: 20%; height: 27px;\"><span style=\"font-size: 14pt; font-family: arial, helvetica, sans-serif;\">3124<\/span><\/td>\n<td style=\"width: 20%; height: 27px;\"><span style=\"font-size: 14pt; font-family: arial, helvetica, sans-serif;\">Verde<\/span><\/td>\n<td style=\"width: 20%; height: 27px;\"><span style=\"font-size: 14pt; font-family: arial, helvetica, sans-serif;\">500 ml<\/span><\/td>\n<\/tr>\n<\/tbody>\n<\/table>\n<hr \/>\n<p>&nbsp;<\/p>\n<p style=\"text-align: center;\"><strong><span style=\"font-size: 18pt; font-family: arial, helvetica, sans-serif;\">Maquillaje para impresoras Linx<\/span><\/strong><\/p>\n<hr \/>\n<table style=\"border-collapse: collapse; width: 100%;\">\n<tbody>\n<tr>\n<td style=\"width: 20%;\"><span style=\"font-family: arial, helvetica, sans-serif;\"><strong><span style=\"font-size: 14pt;\">Maquillaje<\/span><\/strong><\/span><\/td>\n<td style=\"width: 20%;\">\u00a0<span style=\"font-family: arial, helvetica, sans-serif;\"><strong><span style=\"font-size: 14pt;\">OEM<\/span><\/strong><\/span><\/td>\n<td style=\"width: 20%;\"><span style=\"font-family: arial, helvetica, sans-serif;\"><strong><span style=\"font-size: 14pt;\">Nombre del OEM<\/span><\/strong><\/span><\/td>\n<td style=\"width: 20%;\"><span style=\"font-family: arial, helvetica, sans-serif;\"><strong><span style=\"font-size: 14pt;\">Color<\/span><\/strong><\/span><\/td>\n<td style=\"width: 20%;\"><span style=\"font-family: arial, helvetica, sans-serif;\"><strong><span style=\"font-size: 14pt;\">Capacidad de la botella<\/span><\/strong><\/span><\/td>\n<\/tr>\n<\/tbody>\n<\/table>\n<hr \/>\n<table style=\"border-collapse: collapse; width: 100%; height: 27px;\">\n<tbody>\n<tr style=\"height: 27px;\">\n<td style=\"width: 20%; height: 27px;\"><span style=\"font-size: 14pt; font-family: arial, helvetica, sans-serif;\">MS-150<\/span><\/td>\n<td style=\"width: 20%; height: 27px;\">\u00a0<span style=\"font-size: 14pt; font-family: arial, helvetica, sans-serif;\">Linx<\/span><\/td>\n<td style=\"width: 20%; height: 27px;\"><span style=\"font-size: 14pt; font-family: arial, helvetica, sans-serif;\">1505<\/span><\/td>\n<td style=\"width: 20%; height: 27px;\"><span style=\"font-size: 14pt; font-family: arial, helvetica, sans-serif;\">Incoloro<\/span><\/td>\n<td style=\"width: 20%; height: 27px;\"><span style=\"font-size: 14pt; font-family: arial, helvetica, sans-serif;\">500 ml<\/span><\/td>\n<\/tr>\n<\/tbody>\n<\/table>\n<hr \/>\n<table style=\"border-collapse: collapse; width: 100%; height: 27px;\">\n<tbody>\n<tr style=\"height: 27px;\">\n<td style=\"width: 20%; height: 27px;\"><span style=\"font-size: 14pt; font-family: arial, helvetica, sans-serif;\">MS-350<\/span><\/td>\n<td style=\"width: 20%; height: 27px;\">\u00a0<span style=\"font-size: 14pt; font-family: arial, helvetica, sans-serif;\">Linx<\/span><\/td>\n<td style=\"width: 20%; height: 27px;\"><span style=\"font-size: 14pt; font-family: arial, helvetica, sans-serif;\">3501<\/span><\/td>\n<td style=\"width: 20%; height: 27px;\"><span style=\"font-size: 14pt; font-family: arial, helvetica, sans-serif;\">Incoloro<\/span><\/td>\n<td style=\"width: 20%; height: 27px;\"><span style=\"font-size: 14pt; font-family: arial, helvetica, sans-serif;\">500 ml<\/span><\/td>\n<\/tr>\n<\/tbody>\n<\/table>\n<hr \/>\n<p>&nbsp;<\/p>\n<p><span style=\"font-family: arial, helvetica, sans-serif; font-size: 12pt;\">Cada una de las tintas y maquillajes para impresoras Linx se ha obtenido y fabricado a partir de materias primas de la m\u00e1s alta calidad para satisfacer los requisitos de la tecnolog\u00eda de inyecci\u00f3n de tinta continua. Si desea reducir significativamente sus costes de marcaje, descubrir\u00e1 que nuestras tintas y maquillajes proporcionan la m\u00e1xima calidad de impresi\u00f3n que va de la mano con el ahorro.\u00a0<\/span><\/p>\n<p><span style=\"font-family: arial, helvetica, sans-serif; font-size: 12pt;\">Los consumibles para impresoras Linx se suministran en botellas de 500 ml. En MMTech, por supuesto, las botellas tienen la misma capacidad y di\u00e1metro de rosca.<\/span><\/p>\n<p><span style=\"font-family: arial, helvetica, sans-serif; font-size: 12pt;\">Con los consumibles se suministran c\u00f3digos para activar las botellas.\u00a0<\/span><\/p>\n<p><span style=\"font-family: arial, helvetica, sans-serif; font-size: 12pt;\">Estamos ampliando constantemente nuestra base de suministros. Si no encuentra las tintas y maquillajes que le interesan en este momento, p\u00f3ngase en contacto con nosotros y pregunte por su disponibilidad.\u00a0<\/span><\/p>","protected":false},"excerpt":{"rendered":"<p>Atramenty do stosowania w drukarkach Linx Atrament OEM Nazwa OEM Kolor Pojemno\u015b\u0107 butelki ML-101 Linx 1010 Czarny 500 ml ML-103 Linx 1039 \u017b\u00f3\u0142ty p\u00f3\u0142-pigment 500&#8230;<\/p>\n<p class=\"readmore\"><a class=\"more-btn\" href=\"https:\/\/mmtech.com.pl\/es\/linx\/\">Seguir leyendo<\/a><\/p>","protected":false},"author":1,"featured_media":0,"parent":0,"menu_order":0,"comment_status":"closed","ping_status":"closed","template":"","meta":{"_monsterinsights_skip_tracking":false,"_monsterinsights_sitenote_active":false,"_monsterinsights_sitenote_note":"","_monsterinsights_sitenote_category":0},"_links":{"self":[{"href":"https:\/\/mmtech.com.pl\/es\/wp-json\/wp\/v2\/pages\/687"}],"collection":[{"href":"https:\/\/mmtech.com.pl\/es\/wp-json\/wp\/v2\/pages"}],"about":[{"href":"https:\/\/mmtech.com.pl\/es\/wp-json\/wp\/v2\/types\/page"}],"author":[{"embeddable":true,"href":"https:\/\/mmtech.com.pl\/es\/wp-json\/wp\/v2\/users\/1"}],"replies":[{"embeddable":true,"href":"https:\/\/mmtech.com.pl\/es\/wp-json\/wp\/v2\/comments?post=687"}],"version-history":[{"count":6,"href":"https:\/\/mmtech.com.pl\/es\/wp-json\/wp\/v2\/pages\/687\/revisions"}],"predecessor-version":[{"id":1021,"href":"https:\/\/mmtech.com.pl\/es\/wp-json\/wp\/v2\/pages\/687\/revisions\/1021"}],"wp:attachment":[{"href":"https:\/\/mmtech.com.pl\/es\/wp-json\/wp\/v2\/media?parent=687"}],"curies":[{"name":"wp","href":"https:\/\/api.w.org\/{rel}","templated":true}]}}