{"id":654,"date":"2019-06-03T12:41:23","date_gmt":"2019-06-03T10:41:23","guid":{"rendered":"https:\/\/mmtech.com.pl\/?page_id=654"},"modified":"2022-12-03T13:35:56","modified_gmt":"2022-12-03T12:35:56","slug":"wiedenbach-atramenty-i-make-upy-cij","status":"publish","type":"page","link":"https:\/\/mmtech.com.pl\/es\/wiedenbach-attracts-and-make-ups-cij\/","title":{"rendered":"Wiedenbach - Tintas y maquillajes INK-JET"},"content":{"rendered":"<p style=\"text-align: center;\"><strong><span style=\"font-size: 18pt; font-family: arial, helvetica, sans-serif;\"><img loading=\"lazy\" class=\"wp-image-3169 aligncenter\" src=\"https:\/\/mmtech.com.pl\/wp-content\/uploads\/2022\/12\/Wiedenbach-300x149.jpg\" alt=\"\" width=\"1109\" height=\"551\" srcset=\"https:\/\/mmtech.com.pl\/wp-content\/uploads\/2022\/12\/Wiedenbach-300x149.jpg 300w, https:\/\/mmtech.com.pl\/wp-content\/uploads\/2022\/12\/Wiedenbach-1024x508.jpg 1024w, https:\/\/mmtech.com.pl\/wp-content\/uploads\/2022\/12\/Wiedenbach-768x381.jpg 768w, https:\/\/mmtech.com.pl\/wp-content\/uploads\/2022\/12\/Wiedenbach-1536x762.jpg 1536w, https:\/\/mmtech.com.pl\/wp-content\/uploads\/2022\/12\/Wiedenbach-780x387.jpg 780w, https:\/\/mmtech.com.pl\/wp-content\/uploads\/2022\/12\/Wiedenbach-1120x555.jpg 1120w, https:\/\/mmtech.com.pl\/wp-content\/uploads\/2022\/12\/Wiedenbach.jpg 1936w\" sizes=\"(max-width: 1109px) 100vw, 1109px\" \/><\/span><\/strong><\/p>\n<p style=\"text-align: center;\"><strong><span style=\"font-size: 18pt; font-family: arial, helvetica, sans-serif;\">Tintas para impresoras Wiedenbach<\/span><\/strong><\/p>\n<table style=\"border-collapse: collapse; width: 100%;\">\n<tbody>\n<tr>\n<td style=\"width: 20%;\"><span style=\"font-family: arial, helvetica, sans-serif;\"><strong><span style=\"font-size: 14pt;\">Tinta<\/span><\/strong><\/span><\/td>\n<td style=\"width: 20%;\"><span style=\"font-family: arial, helvetica, sans-serif;\"><strong><span style=\"font-size: 14pt;\">OEM<\/span><\/strong><\/span><\/td>\n<td style=\"width: 20%;\"><span style=\"font-family: arial, helvetica, sans-serif;\"><strong><span style=\"font-size: 14pt;\">Nombre del OEM<\/span><\/strong><\/span><\/td>\n<td style=\"width: 20%;\"><span style=\"font-family: arial, helvetica, sans-serif;\"><strong><span style=\"font-size: 14pt;\">Color<\/span><\/strong><\/span><\/td>\n<td style=\"width: 20%;\"><span style=\"font-family: arial, helvetica, sans-serif;\"><strong><span style=\"font-size: 14pt;\">Capacidad de la botella<\/span><\/strong><\/span><\/td>\n<\/tr>\n<\/tbody>\n<\/table>\n<hr \/>\n<table style=\"border-collapse: collapse; width: 100%; height: 27px;\">\n<tbody>\n<tr style=\"height: 27px;\">\n<td style=\"width: 20%; height: 27px;\"><span style=\"font-size: 14pt; font-family: arial, helvetica, sans-serif;\">PM-2B<\/span><\/td>\n<td style=\"width: 20%; height: 27px;\"><span style=\"font-size: 14pt; font-family: arial, helvetica, sans-serif;\">Wiedenbach<\/span><\/td>\n<td style=\"width: 20%; height: 27px;\"><span style=\"font-size: 14pt; font-family: arial, helvetica, sans-serif;\">W52-100-1K<\/span><\/td>\n<td style=\"width: 20%; height: 27px;\"><span style=\"font-size: 14pt; font-family: arial, helvetica, sans-serif;\">Negro<\/span><\/td>\n<td style=\"width: 20%; height: 27px;\"><span style=\"font-size: 14pt; font-family: arial, helvetica, sans-serif;\">1 litro<\/span><\/td>\n<\/tr>\n<\/tbody>\n<\/table>\n<hr \/>\n<table style=\"border-collapse: collapse; width: 100%; height: 27px;\">\n<tbody>\n<tr style=\"height: 27px;\">\n<td style=\"width: 20%; height: 27px;\"><span style=\"font-size: 14pt; font-family: arial, helvetica, sans-serif;\">PM-3A<\/span><\/td>\n<td style=\"width: 20%; height: 27px;\"><span style=\"font-size: 14pt; font-family: arial, helvetica, sans-serif;\">Wiedenbach<\/span><\/td>\n<td style=\"width: 20%; height: 27px;\"><span style=\"font-size: 14pt; font-family: arial, helvetica, sans-serif;\">W92-110-3P<\/span><\/td>\n<td style=\"width: 20%; height: 27px;\"><span style=\"font-size: 14pt; font-family: arial, helvetica, sans-serif;\">Pigmento blanco<\/span><\/td>\n<td style=\"width: 20%; height: 27px;\"><span style=\"font-size: 14pt; font-family: arial, helvetica, sans-serif;\">1 litro<\/span><\/td>\n<\/tr>\n<\/tbody>\n<\/table>\n<hr \/>\n<p>&nbsp;<\/p>\n<p style=\"text-align: center;\"><strong><span style=\"font-size: 18pt; font-family: arial, helvetica, sans-serif;\">Maquillaje para impresoras Wiedenbach<\/span><\/strong><\/p>\n<hr \/>\n<table style=\"border-collapse: collapse; width: 100%;\">\n<tbody>\n<tr>\n<td style=\"width: 20%;\"><span style=\"font-family: arial, helvetica, sans-serif;\"><strong><span style=\"font-size: 14pt;\">Maquillaje<\/span><\/strong><\/span><\/td>\n<td style=\"width: 20%;\"><span style=\"font-family: arial, helvetica, sans-serif;\"><strong><span style=\"font-size: 14pt;\">OEM<\/span><\/strong><\/span><\/td>\n<td style=\"width: 20%;\"><span style=\"font-family: arial, helvetica, sans-serif;\"><strong><span style=\"font-size: 14pt;\">Nombre del OEM<\/span><\/strong><\/span><\/td>\n<td style=\"width: 20%;\"><span style=\"font-family: arial, helvetica, sans-serif;\"><strong><span style=\"font-size: 14pt;\">Color<\/span><\/strong><\/span><\/td>\n<td style=\"width: 20%;\"><span style=\"font-family: arial, helvetica, sans-serif;\"><strong><span style=\"font-size: 14pt;\">Capacidad de la botella<\/span><\/strong><\/span><\/td>\n<\/tr>\n<\/tbody>\n<\/table>\n<hr \/>\n<table style=\"border-collapse: collapse; width: 100%; height: 27px;\">\n<tbody>\n<tr style=\"height: 27px;\">\n<td style=\"width: 20%; height: 27px;\"><span style=\"font-size: 14pt; font-family: arial, helvetica, sans-serif;\">MK22-A1<\/span><\/td>\n<td style=\"width: 20%; height: 27px;\"><span style=\"font-size: 14pt; font-family: arial, helvetica, sans-serif;\">Wiedenbach<\/span><\/td>\n<td style=\"width: 20%; height: 27px;\"><span style=\"font-size: 14pt; font-family: arial, helvetica, sans-serif;\">MK22-A1<\/span><\/td>\n<td style=\"width: 20%; height: 27px;\"><span style=\"font-size: 14pt; font-family: arial, helvetica, sans-serif;\">Incoloro<\/span><\/td>\n<td style=\"width: 20%; height: 27px;\"><span style=\"font-size: 14pt; font-family: arial, helvetica, sans-serif;\">950 ml<\/span><\/td>\n<\/tr>\n<\/tbody>\n<\/table>\n<hr \/>\n<table style=\"border-collapse: collapse; width: 100%; height: 27px;\">\n<tbody>\n<tr style=\"height: 27px;\">\n<td style=\"width: 20%; height: 27px;\"><span style=\"font-size: 14pt; font-family: arial, helvetica, sans-serif;\">MK22-K1<\/span><\/td>\n<td style=\"width: 20%; height: 27px;\"><span style=\"font-size: 14pt; font-family: arial, helvetica, sans-serif;\">Wiedenbach<\/span><\/td>\n<td style=\"width: 20%; height: 27px;\"><span style=\"font-size: 14pt; font-family: arial, helvetica, sans-serif;\">MK22-K1<\/span><\/td>\n<td style=\"width: 20%; height: 27px;\"><span style=\"font-size: 14pt; font-family: arial, helvetica, sans-serif;\">Gris<\/span><\/td>\n<td style=\"width: 20%; height: 27px;\"><span style=\"font-size: 14pt; font-family: arial, helvetica, sans-serif;\">950 ml<\/span><\/td>\n<\/tr>\n<\/tbody>\n<\/table>\n<hr \/>\n<table style=\"border-collapse: collapse; width: 100%; height: 27px;\">\n<tbody>\n<tr style=\"height: 27px;\">\n<td style=\"width: 20%; height: 27px;\"><span style=\"font-size: 14pt; font-family: arial, helvetica, sans-serif;\">MK22-K2<\/span><\/td>\n<td style=\"width: 20%; height: 27px;\"><span style=\"font-size: 14pt; font-family: arial, helvetica, sans-serif;\">Wiedenbach<\/span><\/td>\n<td style=\"width: 20%; height: 27px;\"><span style=\"font-size: 14pt; font-family: arial, helvetica, sans-serif;\">MK22-K2<\/span><\/td>\n<td style=\"width: 20%; height: 27px;\"><span style=\"font-size: 14pt; font-family: arial, helvetica, sans-serif;\">Incoloro<\/span><\/td>\n<td style=\"width: 20%; height: 27px;\"><span style=\"font-size: 14pt; font-family: arial, helvetica, sans-serif;\">950 ml<\/span><\/td>\n<\/tr>\n<\/tbody>\n<\/table>\n<hr \/>\n<table style=\"border-collapse: collapse; width: 100%; height: 27px;\">\n<tbody>\n<tr style=\"height: 27px;\">\n<td style=\"width: 20%; height: 27px;\"><span style=\"font-size: 14pt; font-family: arial, helvetica, sans-serif;\">MK-31<\/span><\/td>\n<td style=\"width: 20%; height: 27px;\"><span style=\"font-size: 14pt; font-family: arial, helvetica, sans-serif;\">Wiedenbach<\/span><\/td>\n<td style=\"width: 20%; height: 27px;\"><span style=\"font-size: 14pt; font-family: arial, helvetica, sans-serif;\">MK22-A1<\/span><\/td>\n<td style=\"width: 20%; height: 27px;\"><span style=\"font-size: 14pt; font-family: arial, helvetica, sans-serif;\">Incoloro<\/span><\/td>\n<td style=\"width: 20%; height: 27px;\"><span style=\"font-size: 14pt; font-family: arial, helvetica, sans-serif;\">1 litro<\/span><\/td>\n<\/tr>\n<\/tbody>\n<\/table>\n<hr \/>\n<table style=\"border-collapse: collapse; width: 100%; height: 27px;\">\n<tbody>\n<tr style=\"height: 27px;\">\n<td style=\"width: 20%; height: 27px;\"><span style=\"font-size: 14pt; font-family: arial, helvetica, sans-serif;\">MK-51<\/span><\/td>\n<td style=\"width: 20%; height: 27px;\"><span style=\"font-size: 14pt; font-family: arial, helvetica, sans-serif;\">Wiedenbach<\/span><\/td>\n<td style=\"width: 20%; height: 27px;\"><span style=\"font-size: 14pt; font-family: arial, helvetica, sans-serif;\">MK22-K1<\/span><\/td>\n<td style=\"width: 20%; height: 27px;\"><span style=\"font-size: 14pt; font-family: arial, helvetica, sans-serif;\">Incoloro<\/span><\/td>\n<td style=\"width: 20%; height: 27px;\"><span style=\"font-size: 14pt; font-family: arial, helvetica, sans-serif;\">1 litro<\/span><\/td>\n<\/tr>\n<\/tbody>\n<\/table>\n<hr \/>\n<table style=\"border-collapse: collapse; width: 100%; height: 27px;\">\n<tbody>\n<tr style=\"height: 27px;\">\n<td style=\"width: 20%; height: 27px;\"><span style=\"font-size: 14pt; font-family: arial, helvetica, sans-serif;\">MK-61<\/span><\/td>\n<td style=\"width: 20%; height: 27px;\"><span style=\"font-size: 14pt; font-family: arial, helvetica, sans-serif;\">Wiedenbach<\/span><\/td>\n<td style=\"width: 20%; height: 27px;\"><span style=\"font-size: 14pt; font-family: arial, helvetica, sans-serif;\">MK22-K2<\/span><\/td>\n<td style=\"width: 20%; height: 27px;\"><span style=\"font-size: 14pt; font-family: arial, helvetica, sans-serif;\">Incoloro<\/span><\/td>\n<td style=\"width: 20%; height: 27px;\"><span style=\"font-size: 14pt; font-family: arial, helvetica, sans-serif;\">1 litro<\/span><\/td>\n<\/tr>\n<\/tbody>\n<\/table>\n<hr \/>\n<p>&nbsp;<\/p>\n<p><span style=\"font-family: arial, helvetica, sans-serif; font-size: 12pt;\">Cada una de las tintas y maquillajes para impresoras Wiedenbach se ha obtenido y fabricado a partir de materias primas de la m\u00e1s alta calidad para satisfacer los requisitos de la tecnolog\u00eda de inyecci\u00f3n de tinta continua. Si desea reducir significativamente sus costes de marcaje, comprobar\u00e1 que nuestras tintas y maquillajes proporcionan la m\u00e1xima calidad de impresi\u00f3n que va de la mano con el ahorro.\u00a0<\/span><\/p>\n<p><span style=\"font-family: arial, helvetica, sans-serif; font-size: 12pt;\">Los consumibles para impresoras Wiedenbach se presentan en botellas de 950 ml. En MMTech, hemos decidido ir un paso m\u00e1s all\u00e1 y todas nuestras botellas tienen una capacidad de <strong>1000 ml<\/strong> manteniendo el mismo di\u00e1metro de rosca. <\/span><\/p>\n<p><span style=\"font-family: arial, helvetica, sans-serif; font-size: 12pt;\">Estamos ampliando constantemente nuestra base de suministros. Si no encuentra las tintas y maquillajes que le interesan en este momento, p\u00f3ngase en contacto con nosotros y pregunte por su disponibilidad.\u00a0<\/span><\/p>","protected":false},"excerpt":{"rendered":"<p>Atramenty do stosowania w drukarkach Wiedenbach Atrament OEM Nazwa OEM Kolor Pojemno\u015b\u0107 butelki PM-2B Wiedenbach W52-100-1K Czarny 1 litr PM-3A Wiedenbach W92-110-3P Bia\u0142y pigment 1&#8230;<\/p>\n<p class=\"readmore\"><a class=\"more-btn\" href=\"https:\/\/mmtech.com.pl\/es\/wiedenbach-attracts-and-make-ups-cij\/\">Seguir leyendo<\/a><\/p>","protected":false},"author":1,"featured_media":0,"parent":0,"menu_order":0,"comment_status":"closed","ping_status":"closed","template":"","meta":{"_monsterinsights_skip_tracking":false,"_monsterinsights_sitenote_active":false,"_monsterinsights_sitenote_note":"","_monsterinsights_sitenote_category":0},"_links":{"self":[{"href":"https:\/\/mmtech.com.pl\/es\/wp-json\/wp\/v2\/pages\/654"}],"collection":[{"href":"https:\/\/mmtech.com.pl\/es\/wp-json\/wp\/v2\/pages"}],"about":[{"href":"https:\/\/mmtech.com.pl\/es\/wp-json\/wp\/v2\/types\/page"}],"author":[{"embeddable":true,"href":"https:\/\/mmtech.com.pl\/es\/wp-json\/wp\/v2\/users\/1"}],"replies":[{"embeddable":true,"href":"https:\/\/mmtech.com.pl\/es\/wp-json\/wp\/v2\/comments?post=654"}],"version-history":[{"count":22,"href":"https:\/\/mmtech.com.pl\/es\/wp-json\/wp\/v2\/pages\/654\/revisions"}],"predecessor-version":[{"id":3173,"href":"https:\/\/mmtech.com.pl\/es\/wp-json\/wp\/v2\/pages\/654\/revisions\/3173"}],"wp:attachment":[{"href":"https:\/\/mmtech.com.pl\/es\/wp-json\/wp\/v2\/media?parent=654"}],"curies":[{"name":"wp","href":"https:\/\/api.w.org\/{rel}","templated":true}]}}