{"id":607,"date":"2019-06-03T09:23:53","date_gmt":"2019-06-03T07:23:53","guid":{"rendered":"https:\/\/mmtech.com.pl\/?page_id=607"},"modified":"2021-10-29T22:18:40","modified_gmt":"2021-10-29T20:18:40","slug":"kba-metronic","status":"publish","type":"page","link":"https:\/\/mmtech.com.pl\/es\/kba-metronic\/","title":{"rendered":"Koenig &amp; Bauer (KBA) - Tintas y disolventes INK-JET"},"content":{"rendered":"<p><img loading=\"lazy\" class=\"aligncenter wp-image-1410\" src=\"https:\/\/mmtech.com.pl\/wp-content\/uploads\/2021\/10\/KBA-Metronic-Koenig-Bauer-300x138.jpg\" alt=\"\" width=\"1086\" height=\"500\" srcset=\"https:\/\/mmtech.com.pl\/wp-content\/uploads\/2021\/10\/KBA-Metronic-Koenig-Bauer-300x138.jpg 300w, https:\/\/mmtech.com.pl\/wp-content\/uploads\/2021\/10\/KBA-Metronic-Koenig-Bauer-768x354.jpg 768w, https:\/\/mmtech.com.pl\/wp-content\/uploads\/2021\/10\/KBA-Metronic-Koenig-Bauer-1024x471.jpg 1024w, https:\/\/mmtech.com.pl\/wp-content\/uploads\/2021\/10\/KBA-Metronic-Koenig-Bauer-780x359.jpg 780w, https:\/\/mmtech.com.pl\/wp-content\/uploads\/2021\/10\/KBA-Metronic-Koenig-Bauer-1120x516.jpg 1120w\" sizes=\"(max-width: 1086px) 100vw, 1086px\" \/><\/p>\n<p style=\"text-align: center;\"><strong><span style=\"font-size: 18pt; font-family: arial, helvetica, sans-serif;\">Atram<\/span><\/strong><strong><span style=\"font-size: 18pt; font-family: arial, helvetica, sans-serif;\">enty para su uso en impresoras Koenig &amp; Bauer<\/span><\/strong><\/p>\n<table style=\"border-collapse: collapse; width: 100%;\">\n<tbody>\n<tr>\n<td style=\"width: 20%;\"><span style=\"font-family: arial, helvetica, sans-serif;\"><strong><span style=\"font-size: 14pt;\">Tinta<\/span><\/strong><\/span><\/td>\n<td style=\"width: 20%;\"><span style=\"font-family: arial, helvetica, sans-serif;\"><strong><span style=\"font-size: 14pt;\">OEM<\/span><\/strong><\/span><\/td>\n<td style=\"width: 20%;\"><span style=\"font-family: arial, helvetica, sans-serif;\"><strong><span style=\"font-size: 14pt;\">Nombre del OEM<\/span><\/strong><\/span><\/td>\n<td style=\"width: 20%;\"><span style=\"font-family: arial, helvetica, sans-serif;\"><strong><span style=\"font-size: 14pt;\">Color<\/span><\/strong><\/span><\/td>\n<td style=\"width: 20%;\"><span style=\"font-family: arial, helvetica, sans-serif;\"><strong><span style=\"font-size: 14pt;\">Capacidad de la botella<\/span><\/strong><\/span><\/td>\n<\/tr>\n<\/tbody>\n<\/table>\n<hr \/>\n<table style=\"border-collapse: collapse; width: 100%;\">\n<tbody>\n<tr>\n<td style=\"width: 20%;\"><span style=\"font-size: 14pt; font-family: arial, helvetica, sans-serif;\">AJ 50.24<\/span><\/td>\n<td style=\"width: 20%;\"><span style=\"font-size: 14pt; font-family: arial, helvetica, sans-serif;\">Koenig &amp; Bauer<\/span><\/td>\n<td style=\"width: 20%;\"><span style=\"font-size: 14pt; font-family: arial, helvetica, sans-serif;\">1006.8224<\/span><\/td>\n<td style=\"width: 20%;\"><span style=\"font-size: 14pt; font-family: arial, helvetica, sans-serif;\">Rojo<\/span><\/td>\n<td style=\"width: 20%;\"><span style=\"font-size: 14pt; font-family: arial, helvetica, sans-serif;\">1 litro<\/span><\/td>\n<\/tr>\n<\/tbody>\n<\/table>\n<hr \/>\n<table style=\"border-collapse: collapse; width: 100%; height: 27px;\">\n<tbody>\n<tr style=\"height: 27px;\">\n<td style=\"width: 20%; height: 27px;\"><span style=\"font-size: 14pt; font-family: arial, helvetica, sans-serif;\">AJ 80.15<\/span><\/td>\n<td style=\"width: 20%; height: 27px;\"><span style=\"font-size: 14pt; font-family: arial, helvetica, sans-serif;\">Koenig &amp; Bauer<\/span><\/td>\n<td style=\"width: 20%; height: 27px;\"><span style=\"font-size: 14pt; font-family: arial, helvetica, sans-serif;\">1006.8226<\/span><\/td>\n<td style=\"width: 20%; height: 27px;\"><span style=\"font-size: 14pt; font-family: arial, helvetica, sans-serif;\">Negro<\/span><\/td>\n<td style=\"width: 20%; height: 27px;\"><span style=\"font-size: 14pt; font-family: arial, helvetica, sans-serif;\">1 litro<\/span><\/td>\n<\/tr>\n<\/tbody>\n<\/table>\n<hr \/>\n<table style=\"border-collapse: collapse; width: 100%;\">\n<tbody>\n<tr>\n<td style=\"width: 20%;\"><span style=\"font-size: 14pt; font-family: arial, helvetica, sans-serif;\">AJ 60.20<\/span><\/td>\n<td style=\"width: 20%;\"><span style=\"font-size: 14pt; font-family: arial, helvetica, sans-serif;\">Koenig &amp; Bauer<\/span><\/td>\n<td style=\"width: 20%;\"><span style=\"font-size: 14pt; font-family: arial, helvetica, sans-serif;\">1006.8234<\/span><\/td>\n<td style=\"width: 20%;\"><span style=\"font-size: 14pt; font-family: arial, helvetica, sans-serif;\">Pigmento blanco<\/span><\/td>\n<td style=\"width: 20%;\"><span style=\"font-size: 14pt; font-family: arial, helvetica, sans-serif;\">1 litro<\/span><\/td>\n<\/tr>\n<\/tbody>\n<\/table>\n<hr \/>\n<table style=\"border-collapse: collapse; width: 100%;\">\n<tbody>\n<tr>\n<td style=\"width: 20%;\"><span style=\"font-size: 14pt; font-family: arial, helvetica, sans-serif;\">AJ 80,35<\/span><\/td>\n<td style=\"width: 20%;\"><span style=\"font-size: 14pt; font-family: arial, helvetica, sans-serif;\">Koenig &amp; Bauer<\/span><\/td>\n<td style=\"width: 20%;\"><span style=\"font-size: 14pt; font-family: arial, helvetica, sans-serif;\">1006.8235<\/span><\/td>\n<td style=\"width: 20%;\"><span style=\"font-size: 14pt; font-family: arial, helvetica, sans-serif;\">Amarillo<\/span><\/td>\n<td style=\"width: 20%;\"><span style=\"font-size: 14pt; font-family: arial, helvetica, sans-serif;\">1 litro<\/span><\/td>\n<\/tr>\n<\/tbody>\n<\/table>\n<hr \/>\n<p>&nbsp;<\/p>\n<p style=\"text-align: center;\"><strong><span style=\"font-size: 18pt; font-family: arial, helvetica, sans-serif;\">Disolventes para impresoras Koenig &amp; Bauer<\/span><\/strong><\/p>\n<hr \/>\n<table style=\"border-collapse: collapse; width: 100%;\">\n<tbody>\n<tr>\n<td style=\"width: 20%;\"><span style=\"font-family: arial, helvetica, sans-serif;\"><strong><span style=\"font-size: 14pt;\">Disolvente<\/span><\/strong><\/span><\/td>\n<td style=\"width: 20%;\"><span style=\"font-family: arial, helvetica, sans-serif;\"><strong><span style=\"font-size: 14pt;\">OEM<\/span><\/strong><\/span><\/td>\n<td style=\"width: 20%;\"><span style=\"font-family: arial, helvetica, sans-serif;\"><strong><span style=\"font-size: 14pt;\">Nombre del OEM<\/span><\/strong><\/span><\/td>\n<td style=\"width: 20%;\"><span style=\"font-family: arial, helvetica, sans-serif;\"><strong><span style=\"font-size: 14pt;\">Color<\/span><\/strong><\/span><\/td>\n<td style=\"width: 20%;\"><span style=\"font-family: arial, helvetica, sans-serif;\"><strong><span style=\"font-size: 14pt;\">Capacidad de la botella<\/span><\/strong><\/span><\/td>\n<\/tr>\n<\/tbody>\n<\/table>\n<hr \/>\n<table style=\"border-collapse: collapse; width: 100%;\">\n<tbody>\n<tr>\n<td style=\"width: 20%;\"><span style=\"font-size: 14pt; font-family: arial, helvetica, sans-serif;\">AJ 30.06<\/span><\/td>\n<td style=\"width: 20%;\"><span style=\"font-size: 14pt; font-family: arial, helvetica, sans-serif;\">Koenig &amp; Bauer<\/span><\/td>\n<td style=\"width: 20%;\"><span style=\"font-size: 14pt; font-family: arial, helvetica, sans-serif;\">1006.8306<\/span><\/td>\n<td style=\"width: 20%;\"><span style=\"font-size: 14pt; font-family: arial, helvetica, sans-serif;\">Incoloro<\/span><\/td>\n<td style=\"width: 20%;\"><span style=\"font-size: 14pt; font-family: arial, helvetica, sans-serif;\">1 litro<\/span><\/td>\n<\/tr>\n<\/tbody>\n<\/table>\n<hr \/>\n<table style=\"border-collapse: collapse; width: 100%;\">\n<tbody>\n<tr>\n<td style=\"width: 20%;\"><span style=\"font-size: 14pt; font-family: arial, helvetica, sans-serif;\">AJ 30.12<\/span><\/td>\n<td style=\"width: 20%;\"><span style=\"font-size: 14pt; font-family: arial, helvetica, sans-serif;\">Koenig &amp; Bauer<\/span><\/td>\n<td style=\"width: 20%;\"><span style=\"font-size: 14pt; font-family: arial, helvetica, sans-serif;\">1006.8312<\/span><\/td>\n<td style=\"width: 20%;\"><span style=\"font-size: 14pt; font-family: arial, helvetica, sans-serif;\">Incoloro<\/span><\/td>\n<td style=\"width: 20%;\"><span style=\"font-size: 14pt; font-family: arial, helvetica, sans-serif;\">1 litro<\/span><\/td>\n<\/tr>\n<\/tbody>\n<\/table>\n<hr \/>\n<table style=\"border-collapse: collapse; width: 100%;\">\n<tbody>\n<tr>\n<td style=\"width: 20%;\"><span style=\"font-size: 14pt; font-family: arial, helvetica, sans-serif;\">AJ 30.13<\/span><\/td>\n<td style=\"width: 20%;\"><span style=\"font-size: 14pt; font-family: arial, helvetica, sans-serif;\">Koenig &amp; Bauer<\/span><\/td>\n<td style=\"width: 20%;\"><span style=\"font-size: 14pt; font-family: arial, helvetica, sans-serif;\">1006.8313<\/span><\/td>\n<td style=\"width: 20%;\"><span style=\"font-size: 14pt; font-family: arial, helvetica, sans-serif;\">Incoloro<\/span><\/td>\n<td style=\"width: 20%;\"><span style=\"font-size: 14pt; font-family: arial, helvetica, sans-serif;\">1 litro<\/span><\/td>\n<\/tr>\n<\/tbody>\n<\/table>\n<hr \/>\n<table style=\"border-collapse: collapse; width: 100%;\">\n<tbody>\n<tr>\n<td style=\"width: 20%;\"><span style=\"font-size: 14pt; font-family: arial, helvetica, sans-serif;\">AJ 30.20<\/span><\/td>\n<td style=\"width: 20%;\"><span style=\"font-size: 14pt; font-family: arial, helvetica, sans-serif;\">Koenig &amp; Bauer<\/span><\/td>\n<td style=\"width: 20%;\"><span style=\"font-size: 14pt; font-family: arial, helvetica, sans-serif;\">1006.8320<\/span><\/td>\n<td style=\"width: 20%;\"><span style=\"font-size: 14pt; font-family: arial, helvetica, sans-serif;\">Incoloro<\/span><\/td>\n<td style=\"width: 20%;\"><span style=\"font-size: 14pt; font-family: arial, helvetica, sans-serif;\">1 litro<\/span><\/td>\n<\/tr>\n<\/tbody>\n<\/table>\n<hr \/>\n<table style=\"border-collapse: collapse; width: 100%;\">\n<tbody>\n<tr>\n<td style=\"width: 20%;\"><span style=\"font-size: 14pt; font-family: arial, helvetica, sans-serif;\">AJ 30.29<\/span><\/td>\n<td style=\"width: 20%;\"><span style=\"font-size: 14pt; font-family: arial, helvetica, sans-serif;\">Koenig &amp; Bauer<\/span><\/td>\n<td style=\"width: 20%;\"><span style=\"font-size: 14pt; font-family: arial, helvetica, sans-serif;\">1006.8329<\/span><\/td>\n<td style=\"width: 20%;\"><span style=\"font-size: 14pt; font-family: arial, helvetica, sans-serif;\">Incoloro<\/span><\/td>\n<td style=\"width: 20%;\"><span style=\"font-size: 14pt; font-family: arial, helvetica, sans-serif;\">1 litro<\/span><\/td>\n<\/tr>\n<\/tbody>\n<\/table>\n<hr \/>\n<table style=\"border-collapse: collapse; width: 100%;\">\n<tbody>\n<tr>\n<td style=\"width: 20%;\"><span style=\"font-size: 14pt; font-family: arial, helvetica, sans-serif;\">AJ 30.31<\/span><\/td>\n<td style=\"width: 20%;\"><span style=\"font-size: 14pt; font-family: arial, helvetica, sans-serif;\">Koenig &amp; Bauer<\/span><\/td>\n<td style=\"width: 20%;\"><span style=\"font-size: 14pt; font-family: arial, helvetica, sans-serif;\">1006.8331<\/span><\/td>\n<td style=\"width: 20%;\"><span style=\"font-size: 14pt; font-family: arial, helvetica, sans-serif;\">Incoloro<\/span><\/td>\n<td style=\"width: 20%;\"><span style=\"font-size: 14pt; font-family: arial, helvetica, sans-serif;\">1 litro<\/span><\/td>\n<\/tr>\n<\/tbody>\n<\/table>\n<hr \/>\n<table style=\"border-collapse: collapse; width: 100%;\">\n<tbody>\n<tr>\n<td style=\"width: 20%;\"><span style=\"font-size: 14pt; font-family: arial, helvetica, sans-serif;\">AJ 30.33<\/span><\/td>\n<td style=\"width: 20%;\"><span style=\"font-size: 14pt; font-family: arial, helvetica, sans-serif;\">Koenig &amp; Bauer<\/span><\/td>\n<td style=\"width: 20%;\"><span style=\"font-size: 14pt; font-family: arial, helvetica, sans-serif;\">1006.8333<\/span><\/td>\n<td style=\"width: 20%;\"><span style=\"font-size: 14pt; font-family: arial, helvetica, sans-serif;\">Incoloro<\/span><\/td>\n<td style=\"width: 20%;\"><span style=\"font-size: 14pt; font-family: arial, helvetica, sans-serif;\">1 litro<\/span><\/td>\n<\/tr>\n<\/tbody>\n<\/table>\n<hr \/>\n<table style=\"border-collapse: collapse; width: 100%;\">\n<tbody>\n<tr>\n<td style=\"width: 20%;\"><span style=\"font-size: 14pt; font-family: arial, helvetica, sans-serif;\">AJ 38,93<\/span><\/td>\n<td style=\"width: 20%;\"><span style=\"font-size: 14pt; font-family: arial, helvetica, sans-serif;\">Koenig &amp; Bauer<\/span><\/td>\n<td style=\"width: 20%;\"><span style=\"font-size: 14pt; font-family: arial, helvetica, sans-serif;\">1038.5393<\/span><\/td>\n<td style=\"width: 20%;\"><span style=\"font-size: 14pt; font-family: arial, helvetica, sans-serif;\">Incoloro<\/span><\/td>\n<td style=\"width: 20%;\"><span style=\"font-size: 14pt; font-family: arial, helvetica, sans-serif;\">1 litro<\/span><\/td>\n<\/tr>\n<\/tbody>\n<\/table>\n<hr \/>\n<table style=\"border-collapse: collapse; width: 100%;\">\n<tbody>\n<tr>\n<td style=\"width: 20%;\"><span style=\"font-size: 14pt; font-family: arial, helvetica, sans-serif;\">AJ 38.35<\/span><\/td>\n<td style=\"width: 20%;\"><span style=\"font-size: 14pt; font-family: arial, helvetica, sans-serif;\">Koenig &amp; Bauer<\/span><\/td>\n<td style=\"width: 20%;\"><span style=\"font-size: 14pt; font-family: arial, helvetica, sans-serif;\">1038.7935<\/span><\/td>\n<td style=\"width: 20%;\"><span style=\"font-size: 14pt; font-family: arial, helvetica, sans-serif;\">Incoloro<\/span><\/td>\n<td style=\"width: 20%;\"><span style=\"font-size: 14pt; font-family: arial, helvetica, sans-serif;\">1 litro<\/span><\/td>\n<\/tr>\n<\/tbody>\n<\/table>\n<hr \/>\n<table style=\"border-collapse: collapse; width: 100%;\">\n<tbody>\n<tr>\n<td style=\"width: 20%;\"><span style=\"font-size: 14pt; font-family: arial, helvetica, sans-serif;\">AJ 38,42<\/span><\/td>\n<td style=\"width: 20%;\"><span style=\"font-size: 14pt; font-family: arial, helvetica, sans-serif;\">Koenig &amp; Bauer<\/span><\/td>\n<td style=\"width: 20%;\"><span style=\"font-size: 14pt; font-family: arial, helvetica, sans-serif;\">1038.8342<\/span><\/td>\n<td style=\"width: 20%;\"><span style=\"font-size: 14pt; font-family: arial, helvetica, sans-serif;\">Incoloro<\/span><\/td>\n<td style=\"width: 20%;\"><span style=\"font-size: 14pt; font-family: arial, helvetica, sans-serif;\">1 litro<\/span><\/td>\n<\/tr>\n<\/tbody>\n<\/table>\n<hr \/>\n<table style=\"border-collapse: collapse; width: 100%;\">\n<tbody>\n<tr>\n<td style=\"width: 20%;\"><span style=\"font-size: 14pt; font-family: arial, helvetica, sans-serif;\">AJ 39,70<\/span><\/td>\n<td style=\"width: 20%;\"><span style=\"font-size: 14pt; font-family: arial, helvetica, sans-serif;\">Koenig &amp; Bauer<\/span><\/td>\n<td style=\"width: 20%;\"><span style=\"font-size: 14pt; font-family: arial, helvetica, sans-serif;\">1039.3570<\/span><\/td>\n<td style=\"width: 20%;\"><span style=\"font-size: 14pt; font-family: arial, helvetica, sans-serif;\">Incoloro<\/span><\/td>\n<td style=\"width: 20%;\"><span style=\"font-size: 14pt; font-family: arial, helvetica, sans-serif;\">1 litro<\/span><\/td>\n<\/tr>\n<\/tbody>\n<\/table>\n<hr \/>\n<table style=\"border-collapse: collapse; width: 100%;\">\n<tbody>\n<tr>\n<td style=\"width: 20%;\"><span style=\"font-size: 14pt; font-family: arial, helvetica, sans-serif;\">AJ 39,72<\/span><\/td>\n<td style=\"width: 20%;\"><span style=\"font-size: 14pt; font-family: arial, helvetica, sans-serif;\">Koenig &amp; Bauer<\/span><\/td>\n<td style=\"width: 20%;\"><span style=\"font-size: 14pt; font-family: arial, helvetica, sans-serif;\">1039.5172<\/span><\/td>\n<td style=\"width: 20%;\"><span style=\"font-size: 14pt; font-family: arial, helvetica, sans-serif;\">Incoloro<\/span><\/td>\n<td style=\"width: 20%;\"><span style=\"font-size: 14pt; font-family: arial, helvetica, sans-serif;\">1 litro<\/span><\/td>\n<\/tr>\n<\/tbody>\n<\/table>\n<hr \/>\n<table style=\"border-collapse: collapse; width: 100%; height: 27px;\">\n<tbody>\n<tr style=\"height: 27px;\">\n<td style=\"width: 20%; height: 27px;\"><span style=\"font-size: 14pt; font-family: arial, helvetica, sans-serif;\">AJ 39.03<\/span><\/td>\n<td style=\"width: 20%; height: 27px;\"><span style=\"font-size: 14pt; font-family: arial, helvetica, sans-serif;\">Koenig &amp; Bauer<\/span><\/td>\n<td style=\"width: 20%; height: 27px;\"><span style=\"font-size: 14pt; font-family: arial, helvetica, sans-serif;\">1039.8903<\/span><\/td>\n<td style=\"width: 20%; height: 27px;\"><span style=\"font-size: 14pt; font-family: arial, helvetica, sans-serif;\">Incoloro<\/span><\/td>\n<td style=\"width: 20%; height: 27px;\"><span style=\"font-size: 14pt; font-family: arial, helvetica, sans-serif;\">1 litro<\/span><\/td>\n<\/tr>\n<\/tbody>\n<\/table>\n<hr \/>\n<table style=\"border-collapse: collapse; width: 100%;\">\n<tbody>\n<tr>\n<td style=\"width: 20%;\"><span style=\"font-size: 14pt; font-family: arial, helvetica, sans-serif;\">AJ 40,67<\/span><\/td>\n<td style=\"width: 20%;\"><span style=\"font-size: 14pt; font-family: arial, helvetica, sans-serif;\">Koenig &amp; Bauer<\/span><\/td>\n<td style=\"width: 20%;\"><span style=\"font-size: 14pt; font-family: arial, helvetica, sans-serif;\">1040.0467<\/span><\/td>\n<td style=\"width: 20%;\"><span style=\"font-size: 14pt; font-family: arial, helvetica, sans-serif;\">Incoloro<\/span><\/td>\n<td style=\"width: 20%;\"><span style=\"font-size: 14pt; font-family: arial, helvetica, sans-serif;\">1 litro<\/span><\/td>\n<\/tr>\n<\/tbody>\n<\/table>\n<hr \/>\n<table style=\"border-collapse: collapse; width: 100%;\">\n<tbody>\n<tr>\n<td style=\"width: 20%;\"><span style=\"font-size: 14pt; font-family: arial, helvetica, sans-serif;\">AJ 40,84<\/span><\/td>\n<td style=\"width: 20%;\"><span style=\"font-size: 14pt; font-family: arial, helvetica, sans-serif;\">Koenig &amp; Bauer<\/span><\/td>\n<td style=\"width: 20%;\"><span style=\"font-size: 14pt; font-family: arial, helvetica, sans-serif;\">1040.0484<\/span><\/td>\n<td style=\"width: 20%;\"><span style=\"font-size: 14pt; font-family: arial, helvetica, sans-serif;\">Incoloro<\/span><\/td>\n<td style=\"width: 20%;\"><span style=\"font-size: 14pt; font-family: arial, helvetica, sans-serif;\">1 litro<\/span><\/td>\n<\/tr>\n<\/tbody>\n<\/table>\n<hr \/>\n<p>&nbsp;<\/p>\n<p><span style=\"font-family: arial, helvetica, sans-serif; font-size: 12pt;\">Cada tinta y disolvente para impresoras de Koenig &amp; Bauer se ha obtenido y fabricado a partir de materias primas de la m\u00e1s alta calidad para satisfacer los requisitos de la tecnolog\u00eda de inyecci\u00f3n de tinta continua. Si utiliza impresoras <strong>alphaJET: EVO, INTO, PICO, TEMPO o DUO <\/strong>y desea reducir significativamente sus costes de marcaje, comprobar\u00e1 que nuestras tintas y disolventes proporcionan la m\u00e1xima calidad de impresi\u00f3n que va unida al ahorro.\u00a0<\/span><\/p>\n<p><span style=\"font-family: arial, helvetica, sans-serif; font-size: 12pt;\">Los consumibles para impresoras Koenig &amp; Bauer se suministran en botellas de 1 litro. En MMTech, por supuesto, las botellas tienen la misma capacidad y di\u00e1metro de rosca.\u00a0\u00a0<\/span><\/p>\n<p><span style=\"font-family: arial, helvetica, sans-serif; font-size: 12pt;\">Estamos ampliando constantemente nuestra base de suministro. Si no encuentra las tintas y disolventes que le interesan en este momento, p\u00f3ngase en contacto con nosotros y pregunte por su disponibilidad.\u00a0<\/span><\/p>","protected":false},"excerpt":{"rendered":"<p>Atramenty do stosowania w drukarkach Koenig &amp; Bauer Atrament OEM Nazwa OEM Kolor Pojemno\u015b\u0107 butelki AJ 50.24 Koenig &amp; Bauer 1006.8224 Czerwony 1 litr AJ&#8230;<\/p>\n<p class=\"readmore\"><a class=\"more-btn\" href=\"https:\/\/mmtech.com.pl\/es\/kba-metronic\/\">Seguir leyendo<\/a><\/p>","protected":false},"author":1,"featured_media":0,"parent":0,"menu_order":0,"comment_status":"closed","ping_status":"closed","template":"","meta":{"_monsterinsights_skip_tracking":false,"_monsterinsights_sitenote_active":false,"_monsterinsights_sitenote_note":"","_monsterinsights_sitenote_category":0},"_links":{"self":[{"href":"https:\/\/mmtech.com.pl\/es\/wp-json\/wp\/v2\/pages\/607"}],"collection":[{"href":"https:\/\/mmtech.com.pl\/es\/wp-json\/wp\/v2\/pages"}],"about":[{"href":"https:\/\/mmtech.com.pl\/es\/wp-json\/wp\/v2\/types\/page"}],"author":[{"embeddable":true,"href":"https:\/\/mmtech.com.pl\/es\/wp-json\/wp\/v2\/users\/1"}],"replies":[{"embeddable":true,"href":"https:\/\/mmtech.com.pl\/es\/wp-json\/wp\/v2\/comments?post=607"}],"version-history":[{"count":66,"href":"https:\/\/mmtech.com.pl\/es\/wp-json\/wp\/v2\/pages\/607\/revisions"}],"predecessor-version":[{"id":1414,"href":"https:\/\/mmtech.com.pl\/es\/wp-json\/wp\/v2\/pages\/607\/revisions\/1414"}],"wp:attachment":[{"href":"https:\/\/mmtech.com.pl\/es\/wp-json\/wp\/v2\/media?parent=607"}],"curies":[{"name":"wp","href":"https:\/\/api.w.org\/{rel}","templated":true}]}}