{"id":597,"date":"2019-05-31T23:32:27","date_gmt":"2019-05-31T21:32:27","guid":{"rendered":"https:\/\/mmtech.com.pl\/?page_id=597"},"modified":"2026-04-02T15:43:14","modified_gmt":"2026-04-02T13:43:14","slug":"leibinger","status":"publish","type":"page","link":"https:\/\/mmtech.com.pl\/es\/leibinger\/","title":{"rendered":"Leibinger - Tintas y disolventes INK-JET"},"content":{"rendered":"<p style=\"text-align: center;\"><strong><span style=\"font-size: 18pt; font-family: arial, helvetica, sans-serif;\"><img loading=\"lazy\" class=\"wp-image-3152 aligncenter\" src=\"https:\/\/mmtech.com.pl\/wp-content\/uploads\/2022\/11\/Leibinger-300x147.jpg\" alt=\"\" width=\"1090\" height=\"534\" srcset=\"https:\/\/mmtech.com.pl\/wp-content\/uploads\/2022\/11\/Leibinger-300x147.jpg 300w, https:\/\/mmtech.com.pl\/wp-content\/uploads\/2022\/11\/Leibinger-1024x502.jpg 1024w, https:\/\/mmtech.com.pl\/wp-content\/uploads\/2022\/11\/Leibinger-768x377.jpg 768w, https:\/\/mmtech.com.pl\/wp-content\/uploads\/2022\/11\/Leibinger-1536x753.jpg 1536w, https:\/\/mmtech.com.pl\/wp-content\/uploads\/2022\/11\/Leibinger-780x382.jpg 780w, https:\/\/mmtech.com.pl\/wp-content\/uploads\/2022\/11\/Leibinger-1120x549.jpg 1120w, https:\/\/mmtech.com.pl\/wp-content\/uploads\/2022\/11\/Leibinger.jpg 1950w\" sizes=\"(max-width: 1090px) 100vw, 1090px\" \/><\/span><\/strong><\/p>\n<p style=\"text-align: center;\"><strong><span style=\"font-size: 18pt; font-family: arial, helvetica, sans-serif;\">Tintas para impresoras Leibinger<\/span><\/strong><\/p>\n<table style=\"border-collapse: collapse; width: 100%;\">\n<tbody>\n<tr>\n<td style=\"width: 20%;\"><span style=\"font-family: arial, helvetica, sans-serif;\"><strong><span style=\"font-size: 14pt;\">Tinta<\/span><\/strong><\/span><\/td>\n<td style=\"width: 20%;\"><span style=\"font-family: arial, helvetica, sans-serif;\"><strong><span style=\"font-size: 14pt;\">OEM<\/span><\/strong><\/span><\/td>\n<td style=\"width: 20%;\"><span style=\"font-family: arial, helvetica, sans-serif;\"><strong><span style=\"font-size: 14pt;\">Nombre del OEM<\/span><\/strong><\/span><\/td>\n<td style=\"width: 20%;\"><span style=\"font-family: arial, helvetica, sans-serif;\"><strong><span style=\"font-size: 14pt;\">Color<\/span><\/strong><\/span><\/td>\n<td style=\"width: 20%;\"><span style=\"font-family: arial, helvetica, sans-serif;\"><strong><span style=\"font-size: 14pt;\">Capacidad de la botella<\/span><\/strong><\/span><\/td>\n<\/tr>\n<\/tbody>\n<\/table>\n<hr \/>\n<table style=\"border-collapse: collapse; width: 100%;\">\n<tbody>\n<tr>\n<td style=\"width: 20%;\"><span style=\"font-size: 14pt; font-family: arial, helvetica, sans-serif;\">70000-00030<\/span><\/td>\n<td style=\"width: 20%;\"><span style=\"font-size: 14pt; font-family: arial, helvetica, sans-serif;\">Leibinger<\/span><\/td>\n<td style=\"width: 20%;\"><span style=\"font-size: 14pt; font-family: arial, helvetica, sans-serif;\">70000-00030 \/\u00a0<\/span><span style=\"font-size: 14pt; font-family: arial, helvetica, sans-serif;\">ASN1030<\/span><\/td>\n<td style=\"width: 20%;\"><span style=\"font-size: 14pt; font-family: arial, helvetica, sans-serif;\">Negro<\/span><\/td>\n<td style=\"width: 20%;\"><span style=\"font-size: 14pt; font-family: arial, helvetica, sans-serif;\">950 ml<\/span><\/td>\n<\/tr>\n<\/tbody>\n<\/table>\n<hr \/>\n<table style=\"border-collapse: collapse; width: 100%;\">\n<tbody>\n<tr>\n<td style=\"width: 20%;\"><span style=\"font-size: 14pt; font-family: arial, helvetica, sans-serif;\">70000-00126<\/span><\/td>\n<td style=\"width: 20%;\"><span style=\"font-size: 14pt; font-family: arial, helvetica, sans-serif;\">Leibinger<\/span><\/td>\n<td style=\"width: 20%;\"><span style=\"font-size: 14pt; font-family: arial, helvetica, sans-serif;\">70000-00126<\/span><\/td>\n<td style=\"width: 20%;\"><span style=\"font-size: 14pt; font-family: arial, helvetica, sans-serif;\">Negro<\/span><\/td>\n<td style=\"width: 20%;\"><span style=\"font-size: 14pt; font-family: arial, helvetica, sans-serif;\">950 ml<\/span><\/td>\n<\/tr>\n<\/tbody>\n<\/table>\n<hr \/>\n<table style=\"border-collapse: collapse; width: 100%;\">\n<tbody>\n<tr>\n<td style=\"width: 20%;\"><span style=\"font-size: 14pt; font-family: arial, helvetica, sans-serif;\">70000-00139<\/span><\/td>\n<td style=\"width: 20%;\"><span style=\"font-size: 14pt; font-family: arial, helvetica, sans-serif;\">Leibinger<\/span><\/td>\n<td style=\"width: 20%;\"><span style=\"font-size: 14pt; font-family: arial, helvetica, sans-serif;\">70000-00139<\/span><\/td>\n<td style=\"width: 20%;\"><span style=\"font-size: 14pt; font-family: arial, helvetica, sans-serif;\">Negro<\/span><\/td>\n<td style=\"width: 20%;\"><span style=\"font-size: 14pt; font-family: arial, helvetica, sans-serif;\">950 ml<\/span><\/td>\n<\/tr>\n<\/tbody>\n<\/table>\n<hr \/>\n<table style=\"border-collapse: collapse; width: 100%;\">\n<tbody>\n<tr>\n<td style=\"width: 20%;\"><span style=\"font-size: 14pt; font-family: arial, helvetica, sans-serif;\">70000-00141<\/span><\/td>\n<td style=\"width: 20%;\"><span style=\"font-size: 14pt; font-family: arial, helvetica, sans-serif;\">Leibinger<\/span><\/td>\n<td style=\"width: 20%;\"><span style=\"font-size: 14pt; font-family: arial, helvetica, sans-serif;\">70000-00141<\/span><\/td>\n<td style=\"width: 20%;\"><span style=\"font-size: 14pt; font-family: arial, helvetica, sans-serif;\">Negro<\/span><\/td>\n<td style=\"width: 20%;\"><span style=\"font-size: 14pt; font-family: arial, helvetica, sans-serif;\">950 ml<\/span><\/td>\n<\/tr>\n<\/tbody>\n<\/table>\n<hr \/>\n<table style=\"border-collapse: collapse; width: 100%;\">\n<tbody>\n<tr>\n<td style=\"width: 20%;\"><span style=\"font-size: 14pt; font-family: arial, helvetica, sans-serif;\">70000-00156<\/span><\/td>\n<td style=\"width: 20%;\"><span style=\"font-size: 14pt; font-family: arial, helvetica, sans-serif;\">Leibinger<\/span><\/td>\n<td style=\"width: 20%;\"><span style=\"font-size: 14pt; font-family: arial, helvetica, sans-serif;\">70000-00156<\/span><\/td>\n<td style=\"width: 20%;\"><span style=\"font-size: 14pt; font-family: arial, helvetica, sans-serif;\">Negro<\/span><\/td>\n<td style=\"width: 20%;\"><span style=\"font-size: 14pt; font-family: arial, helvetica, sans-serif;\">950 ml<\/span><\/td>\n<\/tr>\n<\/tbody>\n<\/table>\n<hr \/>\n<table style=\"border-collapse: collapse; width: 100%;\">\n<tbody>\n<tr>\n<td style=\"width: 20%;\"><span style=\"font-size: 14pt; font-family: arial, helvetica, sans-serif;\">70000-00801<\/span><\/td>\n<td style=\"width: 20%;\"><span style=\"font-size: 14pt; font-family: arial, helvetica, sans-serif;\">Leibinger<\/span><\/td>\n<td style=\"width: 20%;\"><span style=\"font-size: 14pt; font-family: arial, helvetica, sans-serif;\">70000-00801<\/span><\/td>\n<td style=\"width: 20%;\"><span style=\"font-size: 14pt; font-family: arial, helvetica, sans-serif;\">Negro<\/span><\/td>\n<td style=\"width: 20%;\"><span style=\"font-size: 14pt; font-family: arial, helvetica, sans-serif;\">950 ml<\/span><\/td>\n<\/tr>\n<\/tbody>\n<\/table>\n<hr \/>\n<table style=\"border-collapse: collapse; width: 100%;\">\n<tbody>\n<tr>\n<td style=\"width: 20%;\"><span style=\"font-size: 14pt; font-family: arial, helvetica, sans-serif;\">74000-00105<\/span><\/td>\n<td style=\"width: 20%;\"><span style=\"font-size: 14pt; font-family: arial, helvetica, sans-serif;\">Leibinger<\/span><\/td>\n<td style=\"width: 20%;\"><span style=\"font-size: 14pt; font-family: arial, helvetica, sans-serif;\">74000-00105 \/ AJS1405<\/span><\/td>\n<td style=\"width: 20%;\"><span style=\"font-size: 14pt; font-family: arial, helvetica, sans-serif;\">Amarillo<\/span><\/td>\n<td style=\"width: 20%;\"><span style=\"font-size: 14pt; font-family: arial, helvetica, sans-serif;\">950 ml<\/span><\/td>\n<\/tr>\n<\/tbody>\n<\/table>\n<hr \/>\n<table style=\"border-collapse: collapse; width: 100%;\">\n<tbody>\n<tr>\n<td style=\"width: 20%;\"><span style=\"font-size: 14pt; font-family: arial, helvetica, sans-serif;\">76000-00103<\/span><\/td>\n<td style=\"width: 20%;\"><span style=\"font-size: 14pt; font-family: arial, helvetica, sans-serif;\">Leibinger<\/span><\/td>\n<td style=\"width: 20%;\"><span style=\"font-size: 14pt; font-family: arial, helvetica, sans-serif;\">76000-00103<\/span><\/td>\n<td style=\"width: 20%;\"><span style=\"font-size: 14pt; font-family: arial, helvetica, sans-serif;\">Transparente UV<\/span><\/td>\n<td style=\"width: 20%;\"><span style=\"font-size: 14pt; font-family: arial, helvetica, sans-serif;\">950 ml<\/span><\/td>\n<\/tr>\n<\/tbody>\n<\/table>\n<hr \/>\n<table style=\"border-collapse: collapse; width: 100%;\">\n<tbody>\n<tr>\n<td style=\"width: 20%;\"><span style=\"font-size: 14pt; font-family: arial, helvetica, sans-serif;\">76000-00110<\/span><\/td>\n<td style=\"width: 20%;\"><span style=\"font-size: 14pt; font-family: arial, helvetica, sans-serif;\">Leibinger<\/span><\/td>\n<td style=\"width: 20%;\"><span style=\"font-size: 14pt; font-family: arial, helvetica, sans-serif;\">76000-00110 \/ AJP3610<\/span><\/td>\n<td style=\"width: 20%;\"><span style=\"font-size: 14pt; font-family: arial, helvetica, sans-serif;\">Azul<\/span><\/td>\n<td style=\"width: 20%;\"><span style=\"font-size: 14pt; font-family: arial, helvetica, sans-serif;\">950 ml<\/span><\/td>\n<\/tr>\n<\/tbody>\n<\/table>\n<hr \/>\n<table style=\"border-collapse: collapse; width: 100%;\">\n<tbody>\n<tr>\n<td style=\"width: 20%;\"><span style=\"font-size: 14pt; font-family: arial, helvetica, sans-serif;\">79000-00104<\/span><\/td>\n<td style=\"width: 20%;\"><span style=\"font-size: 14pt; font-family: arial, helvetica, sans-serif;\">Leibinger<\/span><\/td>\n<td style=\"width: 20%;\"><span style=\"font-size: 14pt; font-family: arial, helvetica, sans-serif;\">79000-00104 \/ AJP1904<\/span><\/td>\n<td style=\"width: 20%;\"><span style=\"font-size: 14pt; font-family: arial, helvetica, sans-serif;\">Pigmento blanco<\/span><\/td>\n<td style=\"width: 20%;\"><span style=\"font-size: 14pt; font-family: arial, helvetica, sans-serif;\">950 ml<\/span><\/td>\n<\/tr>\n<\/tbody>\n<\/table>\n<hr \/>\n<table style=\"border-collapse: collapse; width: 100%;\">\n<tbody>\n<tr>\n<td style=\"width: 20%;\"><span style=\"font-size: 14pt; font-family: arial, helvetica, sans-serif;\">79000-00122<\/span><\/td>\n<td style=\"width: 20%;\"><span style=\"font-size: 14pt; font-family: arial, helvetica, sans-serif;\">Leibinger<\/span><\/td>\n<td style=\"width: 20%;\"><span style=\"font-size: 14pt; font-family: arial, helvetica, sans-serif;\">79000-00122<\/span><\/td>\n<td style=\"width: 20%;\"><span style=\"font-size: 14pt; font-family: arial, helvetica, sans-serif;\">Pigmento blanco<\/span><\/td>\n<td style=\"width: 20%;\"><span style=\"font-size: 14pt; font-family: arial, helvetica, sans-serif;\">950 ml<\/span><\/td>\n<\/tr>\n<\/tbody>\n<\/table>\n<hr \/>\n<table style=\"border-collapse: collapse; width: 100%;\">\n<tbody>\n<tr>\n<td style=\"width: 20%;\"><span style=\"font-size: 14pt; font-family: arial, helvetica, sans-serif;\">MT02<\/span><\/td>\n<td style=\"width: 20%;\"><span style=\"font-size: 14pt; font-family: arial, helvetica, sans-serif;\">Leibinger<\/span><\/td>\n<td style=\"width: 20%;\"><span style=\"font-size: 14pt; font-family: arial, helvetica, sans-serif;\">70000-00030 \/\u00a0<\/span><span style=\"font-size: 14pt; font-family: arial, helvetica, sans-serif;\">ASN1030<\/span><\/td>\n<td style=\"width: 20%;\"><span style=\"font-size: 14pt; font-family: arial, helvetica, sans-serif;\">Negro<\/span><\/td>\n<td style=\"width: 20%;\"><span style=\"font-size: 14pt; font-family: arial, helvetica, sans-serif;\">1 litro<\/span><\/td>\n<\/tr>\n<\/tbody>\n<\/table>\n<hr \/>\n<table style=\"border-collapse: collapse; width: 100%; height: 27px;\">\n<tbody>\n<tr style=\"height: 27px;\">\n<td style=\"width: 20%; height: 27px;\"><span style=\"font-size: 14pt; font-family: arial, helvetica, sans-serif;\">MT03<\/span><\/td>\n<td style=\"width: 20%; height: 27px;\"><span style=\"font-size: 14pt; font-family: arial, helvetica, sans-serif;\">Leibinger<\/span><\/td>\n<td style=\"width: 20%; height: 27px;\"><span style=\"font-size: 14pt; font-family: arial, helvetica, sans-serif;\">70000-00030 \/\u00a0<\/span><span style=\"font-size: 14pt; font-family: arial, helvetica, sans-serif;\">ASN1030<\/span><\/td>\n<td style=\"width: 20%; height: 27px;\"><span style=\"font-size: 14pt; font-family: arial, helvetica, sans-serif;\">Negro<\/span><\/td>\n<td style=\"width: 20%; height: 27px;\"><span style=\"font-size: 14pt; font-family: arial, helvetica, sans-serif;\">1 litro<\/span><\/td>\n<\/tr>\n<\/tbody>\n<\/table>\n<hr \/>\n<p>&nbsp;<\/p>\n<p style=\"text-align: center;\"><strong><span style=\"font-size: 18pt; font-family: arial, helvetica, sans-serif;\">Disolventes para impresoras Leibinger<\/span><\/strong><\/p>\n<hr \/>\n<table style=\"border-collapse: collapse; width: 100%;\">\n<tbody>\n<tr>\n<td style=\"width: 20%;\"><span style=\"font-family: arial, helvetica, sans-serif;\"><strong><span style=\"font-size: 14pt;\">Disolvente<\/span><\/strong><\/span><\/td>\n<td style=\"width: 20%;\"><span style=\"font-family: arial, helvetica, sans-serif;\"><strong><span style=\"font-size: 14pt;\">OEM<\/span><\/strong><\/span><\/td>\n<td style=\"width: 20%;\"><span style=\"font-family: arial, helvetica, sans-serif;\"><strong><span style=\"font-size: 14pt;\">Nombre del OEM<\/span><\/strong><\/span><\/td>\n<td style=\"width: 20%;\"><span style=\"font-family: arial, helvetica, sans-serif;\"><strong><span style=\"font-size: 14pt;\">Color<\/span><\/strong><\/span><\/td>\n<td style=\"width: 20%;\"><span style=\"font-family: arial, helvetica, sans-serif;\"><strong><span style=\"font-size: 14pt;\">Capacidad de la botella<\/span><\/strong><\/span><\/td>\n<\/tr>\n<\/tbody>\n<\/table>\n<hr \/>\n<table style=\"border-collapse: collapse; width: 100%; height: 27px;\">\n<tbody>\n<tr style=\"height: 27px;\">\n<td style=\"width: 20%; height: 27px;\"><span style=\"font-size: 14pt; font-family: arial, helvetica, sans-serif;\">77001-00030<\/span><\/td>\n<td style=\"width: 20%; height: 27px;\"><span style=\"font-size: 14pt; font-family: arial, helvetica, sans-serif;\">Leibinger<\/span><\/td>\n<td style=\"width: 20%; height: 27px;\"><span style=\"font-size: 14pt; font-family: arial, helvetica, sans-serif;\">77001-00030 <\/span><span style=\"font-size: 14pt; font-family: arial, helvetica, sans-serif;\">\/ SSN1830<\/span><\/td>\n<td style=\"width: 20%; height: 27px;\"><span style=\"font-size: 14pt; font-family: arial, helvetica, sans-serif;\">Incoloro<\/span><\/td>\n<td style=\"width: 20%; height: 27px;\"><span style=\"font-size: 14pt; font-family: arial, helvetica, sans-serif;\">950 ml<\/span><\/td>\n<\/tr>\n<\/tbody>\n<\/table>\n<hr \/>\n<table style=\"border-collapse: collapse; width: 100%; height: 27px;\">\n<tbody>\n<tr style=\"height: 27px;\">\n<td style=\"width: 20%; height: 27px;\"><span style=\"font-size: 14pt; font-family: arial, helvetica, sans-serif;\">77001-00122<\/span><\/td>\n<td style=\"width: 20%; height: 27px;\"><span style=\"font-size: 14pt; font-family: arial, helvetica, sans-serif;\">Leibinger<\/span><\/td>\n<td style=\"width: 20%; height: 27px;\"><span style=\"font-size: 14pt; font-family: arial, helvetica, sans-serif;\">77001-00122<\/span><\/td>\n<td style=\"width: 20%; height: 27px;\"><span style=\"font-size: 14pt; font-family: arial, helvetica, sans-serif;\">Incoloro<\/span><\/td>\n<td style=\"width: 20%; height: 27px;\"><span style=\"font-size: 14pt; font-family: arial, helvetica, sans-serif;\">950 ml<\/span><\/td>\n<\/tr>\n<\/tbody>\n<\/table>\n<hr \/>\n<table style=\"border-collapse: collapse; width: 100%; height: 27px;\">\n<tbody>\n<tr style=\"height: 27px;\">\n<td style=\"width: 20%; height: 27px;\"><span style=\"font-size: 14pt; font-family: arial, helvetica, sans-serif;\">77001-00125<\/span><\/td>\n<td style=\"width: 20%; height: 27px;\"><span style=\"font-size: 14pt; font-family: arial, helvetica, sans-serif;\">Leibinger<\/span><\/td>\n<td style=\"width: 20%; height: 27px;\"><span style=\"font-size: 14pt; font-family: arial, helvetica, sans-serif;\">77001-00125<\/span><\/td>\n<td style=\"width: 20%; height: 27px;\"><span style=\"font-size: 14pt; font-family: arial, helvetica, sans-serif;\">Incoloro<\/span><\/td>\n<td style=\"width: 20%; height: 27px;\"><span style=\"font-size: 14pt; font-family: arial, helvetica, sans-serif;\">950 ml<\/span><\/td>\n<\/tr>\n<\/tbody>\n<\/table>\n<hr \/>\n<table style=\"border-collapse: collapse; width: 100%; height: 27px;\">\n<tbody>\n<tr style=\"height: 27px;\">\n<td style=\"width: 20%; height: 27px;\"><span style=\"font-size: 14pt; font-family: arial, helvetica, sans-serif;\">77001-00133<\/span><\/td>\n<td style=\"width: 20%; height: 27px;\"><span style=\"font-size: 14pt; font-family: arial, helvetica, sans-serif;\">Leibinger<\/span><\/td>\n<td style=\"width: 20%; height: 27px;\"><span style=\"font-size: 14pt; font-family: arial, helvetica, sans-serif;\">77001-00133<\/span><\/td>\n<td style=\"width: 20%; height: 27px;\"><span style=\"font-size: 14pt; font-family: arial, helvetica, sans-serif;\">Incoloro<\/span><\/td>\n<td style=\"width: 20%; height: 27px;\"><span style=\"font-size: 14pt; font-family: arial, helvetica, sans-serif;\">950 ml<\/span><\/td>\n<\/tr>\n<\/tbody>\n<\/table>\n<hr \/>\n<table style=\"border-collapse: collapse; width: 100%; height: 27px;\">\n<tbody>\n<tr style=\"height: 27px;\">\n<td style=\"width: 20%; height: 27px;\"><span style=\"font-size: 14pt; font-family: arial, helvetica, sans-serif;\">MA01<\/span><\/td>\n<td style=\"width: 20%; height: 27px;\"><span style=\"font-size: 14pt; font-family: arial, helvetica, sans-serif;\">Leibinger<\/span><\/td>\n<td style=\"width: 20%; height: 27px;\"><span style=\"font-size: 14pt; font-family: arial, helvetica, sans-serif;\">77001-00030 <\/span><span style=\"font-size: 14pt; font-family: arial, helvetica, sans-serif;\">\/ SSN1830<\/span><\/td>\n<td style=\"width: 20%; height: 27px;\"><span style=\"font-size: 14pt; font-family: arial, helvetica, sans-serif;\">Incoloro<\/span><\/td>\n<td style=\"width: 20%; height: 27px;\"><span style=\"font-size: 14pt; font-family: arial, helvetica, sans-serif;\">1 litro<\/span><\/td>\n<\/tr>\n<\/tbody>\n<\/table>\n<hr \/>\n<table style=\"border-collapse: collapse; width: 100%; height: 27px;\">\n<tbody>\n<tr style=\"height: 27px;\">\n<td style=\"width: 20%; height: 27px;\"><span style=\"font-size: 14pt; font-family: arial, helvetica, sans-serif;\">MA02<\/span><\/td>\n<td style=\"width: 20%; height: 27px;\"><span style=\"font-size: 14pt; font-family: arial, helvetica, sans-serif;\">Leibinger<\/span><\/td>\n<td style=\"width: 20%; height: 27px;\"><span style=\"font-size: 14pt; font-family: arial, helvetica, sans-serif;\">77001-00187<\/span><\/td>\n<td style=\"width: 20%; height: 27px;\"><span style=\"font-size: 14pt; font-family: arial, helvetica, sans-serif;\">Incoloro<\/span><\/td>\n<td style=\"width: 20%; height: 27px;\"><span style=\"font-size: 14pt; font-family: arial, helvetica, sans-serif;\">1 litro<\/span><\/td>\n<\/tr>\n<\/tbody>\n<\/table>\n<hr \/>\n<table style=\"border-collapse: collapse; width: 100%; height: 27px;\">\n<tbody>\n<tr style=\"height: 27px;\">\n<td style=\"width: 20%; height: 27px;\"><span style=\"font-size: 14pt; font-family: arial, helvetica, sans-serif;\">SK-100<\/span><\/td>\n<td style=\"width: 20%; height: 27px;\"><span style=\"font-size: 14pt; font-family: arial, helvetica, sans-serif;\">Leibinger<\/span><\/td>\n<td style=\"width: 20%; height: 27px;\"><span style=\"font-size: 14pt; font-family: arial, helvetica, sans-serif;\">RDN 1801<\/span><\/td>\n<td style=\"width: 20%; height: 27px;\"><span style=\"font-size: 14pt; font-family: arial, helvetica, sans-serif;\">Incoloro<\/span><\/td>\n<td style=\"width: 20%; height: 27px;\"><span style=\"font-size: 14pt; font-family: arial, helvetica, sans-serif;\">1 litro<\/span><\/td>\n<\/tr>\n<\/tbody>\n<\/table>\n<hr \/>\n<table style=\"border-collapse: collapse; width: 100%; height: 27px;\">\n<tbody>\n<tr style=\"height: 27px;\">\n<td style=\"width: 20%; height: 27px;\"><span style=\"font-size: 14pt; font-family: arial, helvetica, sans-serif;\">SK-110<\/span><\/td>\n<td style=\"width: 20%; height: 27px;\"><span style=\"font-size: 14pt; font-family: arial, helvetica, sans-serif;\">Leibinger<\/span><\/td>\n<td style=\"width: 20%; height: 27px;\"><span style=\"font-size: 14pt; font-family: arial, helvetica, sans-serif;\">RXN 1807<\/span><\/td>\n<td style=\"width: 20%; height: 27px;\"><span style=\"font-size: 14pt; font-family: arial, helvetica, sans-serif;\">Incoloro<\/span><\/td>\n<td style=\"width: 20%; height: 27px;\"><span style=\"font-size: 14pt; font-family: arial, helvetica, sans-serif;\">1 litro<\/span><\/td>\n<\/tr>\n<\/tbody>\n<\/table>\n<hr \/>\n<p>&nbsp;<\/p>\n<p><span style=\"font-family: arial, helvetica, sans-serif; font-size: 12pt;\">Cada una de las tintas y disolventes para impresoras Leibinger se ha obtenido y fabricado a partir de materias primas de la m\u00e1s alta calidad para satisfacer los requisitos de la tecnolog\u00eda de inyecci\u00f3n de tinta continua. Si utiliza impresoras:<strong> JET2neo, JET2neoS, JET3, JET3-UP, JET3-UP Pi, JET3-UP Mi, JET3-UP Pro, JET3-UP Rapid, JET3-UP Ep, ECOJet, JET2, JET2se, IQJET <\/strong>y desea reducir significativamente sus costes de marcaje, comprobar\u00e1 que nuestras tintas y disolventes proporcionan la m\u00e1xima calidad de impresi\u00f3n que va unida al ahorro.<\/span><\/p>\n<p><span style=\"font-family: arial, helvetica, sans-serif; font-size: 12pt;\">Los consumibles para impresoras Leibinger se presentan en botellas de 950 ml. En MMTech, hemos decidido ir un paso m\u00e1s all\u00e1 y todos nuestros productos de marca tienen una capacidad de <strong>1000 ml<\/strong> manteniendo <strong><a href=\"https:\/\/www.youtube.com\/watch?v=ai-Asag4DYM\" target=\"_blank\" rel=\"noopener\">di\u00e1metro de rosca y n\u00famero de vueltas id\u00e9nticos (enlace)<\/a><\/strong>. <\/span><\/p>\n<p><span style=\"font-family: arial, helvetica, sans-serif; font-size: 12pt;\">Se suministran etiquetas para todos los consumibles para permitir <strong><a href=\"https:\/\/www.youtube.com\/watch?v=oeOZWnvTLOU&amp;feature=youtu.be\" target=\"_blank\" rel=\"noopener\">activaci\u00f3n de la botella (enlace)<\/a><\/strong> en el momento de la reposici\u00f3n.\u00a0<\/span><\/p>\n<p><span style=\"font-family: arial, helvetica, sans-serif; font-size: 12pt;\">Estamos ampliando constantemente nuestra base de suministro. Si no encuentra las tintas y disolventes que le interesan en este momento, p\u00f3ngase en contacto con nosotros y pregunte por su disponibilidad.\u00a0<\/span><\/p>\n<p style=\"text-align: center;\"><span style=\"font-size: 18pt; color: #0000ff;\"><a style=\"color: #0000ff;\" href=\"https:\/\/mmtech.com.pl\/es\/servicio\/\" target=\"_blank\" rel=\"noopener\"><strong><span style=\"font-family: arial, helvetica, sans-serif;\">SERVICIO DE IMPRESORAS LEIBINGER \u2192<\/span><\/strong><\/a><\/span><\/p>","protected":false},"excerpt":{"rendered":"<p>Tintas para impresoras Leibinger Tinta OEM Nombre Color OEM Capacidad de la botella 70000-00030 Leibinger 70000-00030 \/ ASN1030 Negro 950 ml 70000-00126 Leibinger 70000-00126 Negro 950...<\/p>\n<p class=\"readmore\"><a class=\"more-btn\" href=\"https:\/\/mmtech.com.pl\/es\/leibinger\/\">Seguir leyendo<\/a><\/p>","protected":false},"author":1,"featured_media":0,"parent":0,"menu_order":0,"comment_status":"closed","ping_status":"closed","template":"","meta":{"_monsterinsights_skip_tracking":false,"_monsterinsights_sitenote_active":false,"_monsterinsights_sitenote_note":"","_monsterinsights_sitenote_category":0},"_links":{"self":[{"href":"https:\/\/mmtech.com.pl\/es\/wp-json\/wp\/v2\/pages\/597"}],"collection":[{"href":"https:\/\/mmtech.com.pl\/es\/wp-json\/wp\/v2\/pages"}],"about":[{"href":"https:\/\/mmtech.com.pl\/es\/wp-json\/wp\/v2\/types\/page"}],"author":[{"embeddable":true,"href":"https:\/\/mmtech.com.pl\/es\/wp-json\/wp\/v2\/users\/1"}],"replies":[{"embeddable":true,"href":"https:\/\/mmtech.com.pl\/es\/wp-json\/wp\/v2\/comments?post=597"}],"version-history":[{"count":55,"href":"https:\/\/mmtech.com.pl\/es\/wp-json\/wp\/v2\/pages\/597\/revisions"}],"predecessor-version":[{"id":5067,"href":"https:\/\/mmtech.com.pl\/es\/wp-json\/wp\/v2\/pages\/597\/revisions\/5067"}],"wp:attachment":[{"href":"https:\/\/mmtech.com.pl\/es\/wp-json\/wp\/v2\/media?parent=597"}],"curies":[{"name":"wp","href":"https:\/\/api.w.org\/{rel}","templated":true}]}}