{"id":484,"date":"2019-04-05T13:05:12","date_gmt":"2019-04-05T11:05:12","guid":{"rendered":"https:\/\/mmtech.com.pl\/?page_id=484"},"modified":"2026-03-06T14:08:20","modified_gmt":"2026-03-06T13:08:20","slug":"filmy","status":"publish","type":"page","link":"https:\/\/mmtech.com.pl\/es\/peliculas\/","title":{"rendered":"CINE"},"content":{"rendered":"<h3 style=\"text-align: left;\"><span style=\"font-weight: 400;\">En esta nueva pesta\u00f1a encontrar\u00e1 v\u00eddeos en los que se muestran los consumibles utilizados en las impresoras de inyecci\u00f3n de tinta continua, pero no s\u00f3lo.<\/span><\/h3>\n<h3 style=\"text-align: left;\"><span style=\"font-weight: 400;\">Usuarios de impresoras Leibinger que utilizan <strong>disolvente<\/strong>\u00a0<strong>77001-00030<\/strong> puede reducir significativamente los costes de marcado utilizando <strong>solventu MA01<\/strong>. Es un producto probado y lleva en el mercado <strong>2017<\/strong>. Funciona en impresoras: JET3, JET3-UP, JET2neo, JET2neoS, JET2, JET2se, ECO-Jet etc. Su uso no requiere ninguna acci\u00f3n adicional. Se suministra en grandes cantidades <strong>1000 ml<\/strong>que permite prolongar el funcionamiento de la impresora en aproximadamente <strong>8 horas<\/strong>. El menor precio de este disolvente garantiza un mayor ahorro a los usuarios de impresoras Leibigner. A continuaci\u00f3n encontrar\u00e1 un v\u00eddeo de presentaci\u00f3n del disolvente MA01:<\/span><\/h3>\n<p><iframe loading=\"lazy\" title=\"Disolvente 77001-00030 y disolvente MA01 de Leibinger, \u00bfc\u00f3mo reducir los costes de marcado?\" width=\"500\" height=\"281\" src=\"https:\/\/www.youtube.com\/embed\/r47OZvLuL38?feature=oembed\" frameborder=\"0\" allow=\"accelerometer; autoplay; clipboard-write; encrypted-media; gyroscope; picture-in-picture; web-share\" referrerpolicy=\"strict-origin-when-cross-origin\" allowfullscreen><\/iframe><\/p>\n<h3 style=\"text-align: left;\"><span style=\"font-weight: 400;\">Para empezar, comparamos nuestros <strong>disolvente MA01<\/strong> con el disolvente m\u00e1s com\u00fan en las impresoras de Leibinger <\/span><span style=\"font-weight: 400;\">numerado <strong><a href=\"https:\/\/mmtech.com.pl\/es\/leibinger\/\" target=\"_blank\" rel=\"noopener\">77001-00030 \/ SSN 1830 (enlace)<\/a><\/strong>.\u00a0<\/span><span style=\"font-weight: 400;\">Tenga en cuenta que suministramos este disolvente no s\u00f3lo a un precio m\u00e1s favorable, sino tambi\u00e9n en mayores cantidades por <strong>50 ml<\/strong>que permite a los usuarios marcar hasta <strong>8 h m\u00e1s<\/strong>.<\/span><\/h3>\n<p><iframe loading=\"lazy\" title=\"Disolvente MA01 para impresoras Leibinger\" width=\"500\" height=\"281\" src=\"https:\/\/www.youtube.com\/embed\/ai-Asag4DYM?feature=oembed\" frameborder=\"0\" allow=\"accelerometer; autoplay; clipboard-write; encrypted-media; gyroscope; picture-in-picture; web-share\" referrerpolicy=\"strict-origin-when-cross-origin\" allowfullscreen><\/iframe><\/p>\n<h3 style=\"text-align: left;\"><span style=\"font-weight: 400;\">El siguiente v\u00eddeo muestra la respuesta de la impresora Leibinger JET3 al escanear una botella de disolvente MA01. \u00a0<\/span><\/h3>\n<p><iframe loading=\"lazy\" title=\"SOLVENT MA01 - Escaneado de botellas mediante impresora Leibinger JET3\" width=\"500\" height=\"281\" src=\"https:\/\/www.youtube.com\/embed\/oeOZWnvTLOU?feature=oembed\" frameborder=\"0\" allow=\"accelerometer; autoplay; clipboard-write; encrypted-media; gyroscope; picture-in-picture; web-share\" referrerpolicy=\"strict-origin-when-cross-origin\" allowfullscreen><\/iframe><\/p>\n<h3 style=\"text-align: left;\"><span style=\"font-weight: 400;\">El v\u00eddeo siguiente es un teaser de un post de nuestro BLOG titulado:\u00a0<\/span><span style=\"font-weight: 400;\"><strong><a href=\"https:\/\/mmtech.com.pl\/es\/solvente-leibinger\/\" target=\"_blank\" rel=\"noopener\">El disolvente m\u00e1s caro de Polonia (enlace)<\/a><\/strong><\/span><span style=\"font-weight: 400;\">. Si quieres saber cu\u00e1nto cuesta Disolvente Leibinger 77001-00030 (SSN 1830) sigue leyendo.\u00a0<\/span><\/h3>\n<p><iframe loading=\"lazy\" title=\"El disolvente m\u00e1s caro de Polonia - Leibinger 77001-00030\" width=\"500\" height=\"281\" src=\"https:\/\/www.youtube.com\/embed\/mKvMuaA-KZo?feature=oembed\" frameborder=\"0\" allow=\"accelerometer; autoplay; clipboard-write; encrypted-media; gyroscope; picture-in-picture; web-share\" referrerpolicy=\"strict-origin-when-cross-origin\" allowfullscreen><\/iframe><\/p>","protected":false},"excerpt":{"rendered":"<p>W tej nowej zak\u0142adce znajdziecie filmy pokazuj\u0105ce materia\u0142y eksploatacyjne stosowane w drukarkach continuous ink-jet, ale nie tylko. U\u017cytkownicy drukarek Leibinger, stosuj\u0105cy solvent\u00a077001-00030 mog\u0105 zdecydowanie zmniejszy\u0107&#8230;<\/p>\n<p class=\"readmore\"><a class=\"more-btn\" href=\"https:\/\/mmtech.com.pl\/es\/peliculas\/\">Seguir leyendo<\/a><\/p>","protected":false},"author":1,"featured_media":0,"parent":0,"menu_order":0,"comment_status":"closed","ping_status":"closed","template":"","meta":{"_monsterinsights_skip_tracking":false,"_monsterinsights_sitenote_active":false,"_monsterinsights_sitenote_note":"","_monsterinsights_sitenote_category":0},"_links":{"self":[{"href":"https:\/\/mmtech.com.pl\/es\/wp-json\/wp\/v2\/pages\/484"}],"collection":[{"href":"https:\/\/mmtech.com.pl\/es\/wp-json\/wp\/v2\/pages"}],"about":[{"href":"https:\/\/mmtech.com.pl\/es\/wp-json\/wp\/v2\/types\/page"}],"author":[{"embeddable":true,"href":"https:\/\/mmtech.com.pl\/es\/wp-json\/wp\/v2\/users\/1"}],"replies":[{"embeddable":true,"href":"https:\/\/mmtech.com.pl\/es\/wp-json\/wp\/v2\/comments?post=484"}],"version-history":[{"count":31,"href":"https:\/\/mmtech.com.pl\/es\/wp-json\/wp\/v2\/pages\/484\/revisions"}],"predecessor-version":[{"id":4979,"href":"https:\/\/mmtech.com.pl\/es\/wp-json\/wp\/v2\/pages\/484\/revisions\/4979"}],"wp:attachment":[{"href":"https:\/\/mmtech.com.pl\/es\/wp-json\/wp\/v2\/media?parent=484"}],"curies":[{"name":"wp","href":"https:\/\/api.w.org\/{rel}","templated":true}]}}