{"id":328,"date":"2018-11-08T22:03:23","date_gmt":"2018-11-08T21:03:23","guid":{"rendered":"https:\/\/mmtech.com.pl\/?page_id=328"},"modified":"2020-07-20T15:19:11","modified_gmt":"2020-07-20T13:19:11","slug":"faq","status":"publish","type":"page","link":"https:\/\/mmtech.com.pl\/es\/faq\/","title":{"rendered":"PREGUNTAS FRECUENTES"},"content":{"rendered":"<div   class=\"vc_row wpb_row vc_row-fluid\"  style=\"\"  data-token=\"HwcqS\"><div class=\"wpb_column vc_column_container vc_col-sm-12\"><div class=\"vc_column-inner\"><div class=\"wpb_wrapper\">\n\t<div class=\"wpb_text_column wpb_content_element  wpb_animate_when_almost_visible wpb_slideInLeft slideInLeft vc_custom_1595249695164\" >\n\t\t<div class=\"wpb_wrapper\">\n\t\t\t<h2 style=\"text-align: left;\"><span style=\"font-weight: 400; color: #000000;\"><strong><img loading=\"lazy\" class=\"wp-image-865 alignright\" src=\"https:\/\/mmtech.com.pl\/wp-content\/uploads\/2019\/08\/Znak-z-butelkami-GOTOWY-300x208.jpg\" alt=\"\" width=\"500\" height=\"347\" srcset=\"https:\/\/mmtech.com.pl\/wp-content\/uploads\/2019\/08\/Znak-z-butelkami-GOTOWY-300x208.jpg 300w, https:\/\/mmtech.com.pl\/wp-content\/uploads\/2019\/08\/Znak-z-butelkami-GOTOWY-768x532.jpg 768w, https:\/\/mmtech.com.pl\/wp-content\/uploads\/2019\/08\/Znak-z-butelkami-GOTOWY-1024x710.jpg 1024w, https:\/\/mmtech.com.pl\/wp-content\/uploads\/2019\/08\/Znak-z-butelkami-GOTOWY-780x541.jpg 780w, https:\/\/mmtech.com.pl\/wp-content\/uploads\/2019\/08\/Znak-z-butelkami-GOTOWY-1120x776.jpg 1120w, https:\/\/mmtech.com.pl\/wp-content\/uploads\/2019\/08\/Znak-z-butelkami-GOTOWY.jpg 1434w\" sizes=\"(max-width: 500px) 100vw, 500px\" \/>Preguntas m\u00e1s frecuentes:\u00a0<\/strong><\/span><\/h2>\n<h3 style=\"text-align: left;\"><span style=\"font-weight: 400;\"><strong>Pregunta 1:<\/strong>\u00a0\u00bfEs necesario purgar la impresora y cambiarle los filtros antes de utilizar los consumibles?<\/span><\/h3>\n<h3 style=\"text-align: left;\"><span style=\"font-weight: 400;\">- No. Los consumibles de la 100% son compatibles con OEM y est\u00e1n listos para su uso inmediato sin ning\u00fan paso adicional.<\/span><\/h3>\n<h3 style=\"text-align: left;\"><span style=\"font-weight: 400;\"><strong>Pregunta 2:<\/strong>\u00a0\u00bfCu\u00e1l es la fecha de caducidad de sus consumibles?<\/span><\/h3>\n<h3 style=\"text-align: left;\"><span style=\"font-weight: 400;\">- En la mayor\u00eda de los casos, es de 2 a\u00f1os. Tambi\u00e9n ofrecemos tintas que tienen una fecha de caducidad (seg\u00fan el tipo) de 6 a 12 meses.<\/span><\/h3>\n<h3 style=\"text-align: left;\"><span style=\"font-weight: 400;\"><strong>Pregunta 3:<\/strong>\u00a0\u00bfEs posible probar el disolvente antes de decidirse por un pedido a granel?<\/span><\/h3>\n<h3 style=\"text-align: left;\"><span style=\"font-weight: 400;\">- Por supuesto. Tanto el disolvente como la tinta. Las muestras se env\u00edan al d\u00eda siguiente.<\/span><\/h3>\n<h3 style=\"text-align: left;\"><span style=\"font-weight: 400;\"><strong>Pregunta 4:<\/strong>\u00a0\u00bfSe requiere un pedido m\u00ednimo?<\/span><\/h3>\n<h3 style=\"text-align: left;\"><span style=\"font-weight: 400;\">- No. Enviamos a los clientes cualquier cantidad de consumibles.<\/span><\/h3>\n<h3 style=\"text-align: left;\"><span style=\"font-weight: 400;\"><strong>Pregunta 5:<\/strong>\u00a0\u00bfMantiene niveles de existencias que permitan la entrega puntual de los pedidos?<\/span><\/h3>\n<h3 style=\"text-align: left;\"><span style=\"font-weight: 400;\">- Para cada cliente con el que iniciamos una relaci\u00f3n, mantenemos un stock permanente para garantizar una entrega puntual.\u00a0<\/span><\/h3>\n\n\t\t<\/div>\n\t<\/div>\n<\/div><\/div><\/div><\/div>","protected":false},"excerpt":{"rendered":"Najcz\u0119\u015bciej zadawane pytania:\u00a0 Pytanie 1:\u00a0Czy przed zastosowaniem Pa\u0144stwa materia\u0142\u00f3w eksploatacyjnych trzeba przep\u0142uka\u0107 drukark\u0119 i wymieni\u0107 w niej filtry? - Nie. Materia\u0142y eksploatacyjne s\u0105 w 100%...<p class=\"readmore\"><a class=\"more-btn\" href=\"https:\/\/mmtech.com.pl\/es\/faq\/\">Seguir leyendo<\/a><\/p>","protected":false},"author":1,"featured_media":0,"parent":0,"menu_order":0,"comment_status":"closed","ping_status":"closed","template":"","meta":{"_monsterinsights_skip_tracking":false,"_monsterinsights_sitenote_active":false,"_monsterinsights_sitenote_note":"","_monsterinsights_sitenote_category":0},"_links":{"self":[{"href":"https:\/\/mmtech.com.pl\/es\/wp-json\/wp\/v2\/pages\/328"}],"collection":[{"href":"https:\/\/mmtech.com.pl\/es\/wp-json\/wp\/v2\/pages"}],"about":[{"href":"https:\/\/mmtech.com.pl\/es\/wp-json\/wp\/v2\/types\/page"}],"author":[{"embeddable":true,"href":"https:\/\/mmtech.com.pl\/es\/wp-json\/wp\/v2\/users\/1"}],"replies":[{"embeddable":true,"href":"https:\/\/mmtech.com.pl\/es\/wp-json\/wp\/v2\/comments?post=328"}],"version-history":[{"count":75,"href":"https:\/\/mmtech.com.pl\/es\/wp-json\/wp\/v2\/pages\/328\/revisions"}],"predecessor-version":[{"id":1068,"href":"https:\/\/mmtech.com.pl\/es\/wp-json\/wp\/v2\/pages\/328\/revisions\/1068"}],"wp:attachment":[{"href":"https:\/\/mmtech.com.pl\/es\/wp-json\/wp\/v2\/media?parent=328"}],"curies":[{"name":"wp","href":"https:\/\/api.w.org\/{rel}","templated":true}]}}