{"id":484,"date":"2019-04-05T13:05:12","date_gmt":"2019-04-05T11:05:12","guid":{"rendered":"https:\/\/mmtech.com.pl\/?page_id=484"},"modified":"2026-03-06T14:08:20","modified_gmt":"2026-03-06T13:08:20","slug":"filmy","status":"publish","type":"page","link":"https:\/\/mmtech.com.pl\/en\/films\/","title":{"rendered":"FILMS"},"content":{"rendered":"<h3 style=\"text-align: left;\"><span style=\"font-weight: 400;\">In this new tab you will find videos showing consumables used in continuous ink-jet printers, but not only.<\/span><\/h3>\n<h3 style=\"text-align: left;\"><span style=\"font-weight: 400;\">Users of Leibinger printers using <strong>solvent<\/strong>\u00a0<strong>77001-00030<\/strong> can significantly reduce marking costs by using <strong>solventu MA01<\/strong>. It is a proven product and has been on the market for <strong>2017<\/strong>. Works in printers: JET3, JET3-UP, JET2neo, JET2neoS, JET2, JET2se, ECO-Jet etc. Its use does not require any additional action. It is supplied in larger quantities <strong>1000 ml<\/strong>which makes it possible to extend the operation of the printer by approximately <strong>8 hours<\/strong>. The lower price of this solvent guarantees greater savings for Leibigner printer users. A presentation video of the MA01 solvent can be found below:<\/span><\/h3>\n<p><iframe loading=\"lazy\" title=\"Leibinger solvent 77001-00030 and solvent MA01, how to reduce marking costs?\" width=\"500\" height=\"281\" src=\"https:\/\/www.youtube.com\/embed\/r47OZvLuL38?feature=oembed\" frameborder=\"0\" allow=\"accelerometer; autoplay; clipboard-write; encrypted-media; gyroscope; picture-in-picture; web-share\" referrerpolicy=\"strict-origin-when-cross-origin\" allowfullscreen><\/iframe><\/p>\n<h3 style=\"text-align: left;\"><span style=\"font-weight: 400;\">To begin with, we compare our <strong>solvent MA01<\/strong> with the most common solvent in Leibinger's printers <\/span><span style=\"font-weight: 400;\">numbered <strong><a href=\"https:\/\/mmtech.com.pl\/en\/leibinger\/\" target=\"_blank\" rel=\"noopener\">77001-00030 \/ SSN 1830 (link)<\/a><\/strong>.\u00a0<\/span><span style=\"font-weight: 400;\">Please note that we supply this solvent not only at a more favourable price, but also in larger quantities by <strong>50 ml<\/strong>which allows users to mark up to <strong>8 h longer<\/strong>.<\/span><\/h3>\n<p><iframe loading=\"lazy\" title=\"Solvent MA01 for Leibinger printers\" width=\"500\" height=\"281\" src=\"https:\/\/www.youtube.com\/embed\/ai-Asag4DYM?feature=oembed\" frameborder=\"0\" allow=\"accelerometer; autoplay; clipboard-write; encrypted-media; gyroscope; picture-in-picture; web-share\" referrerpolicy=\"strict-origin-when-cross-origin\" allowfullscreen><\/iframe><\/p>\n<h3 style=\"text-align: left;\"><span style=\"font-weight: 400;\">The next video shows the response of the Leibinger JET3 printer to scanning a bottle of solvent MA01. \u00a0<\/span><\/h3>\n<p><iframe loading=\"lazy\" title=\"SOLVENT MA01 - Bottle scanning via Leibinger JET3 printer\" width=\"500\" height=\"281\" src=\"https:\/\/www.youtube.com\/embed\/oeOZWnvTLOU?feature=oembed\" frameborder=\"0\" allow=\"accelerometer; autoplay; clipboard-write; encrypted-media; gyroscope; picture-in-picture; web-share\" referrerpolicy=\"strict-origin-when-cross-origin\" allowfullscreen><\/iframe><\/p>\n<h3 style=\"text-align: left;\"><span style=\"font-weight: 400;\">The video below is a teaser for a post on our BLOG entitled:\u00a0<\/span><span style=\"font-weight: 400;\"><strong><a href=\"https:\/\/mmtech.com.pl\/en\/solvent-leibinger\/\" target=\"_blank\" rel=\"noopener\">The most expensive solvent in Poland (link)<\/a><\/strong><\/span><span style=\"font-weight: 400;\">. If you want to find out how much Leibinger's solvent 77001-00030 (SSN 1830) costs then please read on.\u00a0<\/span><\/h3>\n<p><iframe loading=\"lazy\" title=\"The most expensive solvent in Poland - Leibinger 77001-00030\" width=\"500\" height=\"281\" src=\"https:\/\/www.youtube.com\/embed\/mKvMuaA-KZo?feature=oembed\" frameborder=\"0\" allow=\"accelerometer; autoplay; clipboard-write; encrypted-media; gyroscope; picture-in-picture; web-share\" referrerpolicy=\"strict-origin-when-cross-origin\" allowfullscreen><\/iframe><\/p>","protected":false},"excerpt":{"rendered":"<p>W tej nowej zak\u0142adce znajdziecie filmy pokazuj\u0105ce materia\u0142y eksploatacyjne stosowane w drukarkach continuous ink-jet, ale nie tylko. U\u017cytkownicy drukarek Leibinger, stosuj\u0105cy solvent\u00a077001-00030 mog\u0105 zdecydowanie zmniejszy\u0107&#8230;<\/p>\n<p class=\"readmore\"><a class=\"more-btn\" href=\"https:\/\/mmtech.com.pl\/en\/films\/\">Read More<\/a><\/p>","protected":false},"author":1,"featured_media":0,"parent":0,"menu_order":0,"comment_status":"closed","ping_status":"closed","template":"","meta":{"_monsterinsights_skip_tracking":false,"_monsterinsights_sitenote_active":false,"_monsterinsights_sitenote_note":"","_monsterinsights_sitenote_category":0},"_links":{"self":[{"href":"https:\/\/mmtech.com.pl\/en\/wp-json\/wp\/v2\/pages\/484"}],"collection":[{"href":"https:\/\/mmtech.com.pl\/en\/wp-json\/wp\/v2\/pages"}],"about":[{"href":"https:\/\/mmtech.com.pl\/en\/wp-json\/wp\/v2\/types\/page"}],"author":[{"embeddable":true,"href":"https:\/\/mmtech.com.pl\/en\/wp-json\/wp\/v2\/users\/1"}],"replies":[{"embeddable":true,"href":"https:\/\/mmtech.com.pl\/en\/wp-json\/wp\/v2\/comments?post=484"}],"version-history":[{"count":31,"href":"https:\/\/mmtech.com.pl\/en\/wp-json\/wp\/v2\/pages\/484\/revisions"}],"predecessor-version":[{"id":4979,"href":"https:\/\/mmtech.com.pl\/en\/wp-json\/wp\/v2\/pages\/484\/revisions\/4979"}],"wp:attachment":[{"href":"https:\/\/mmtech.com.pl\/en\/wp-json\/wp\/v2\/media?parent=484"}],"curies":[{"name":"wp","href":"https:\/\/api.w.org\/{rel}","templated":true}]}}